{"id":3855,"date":"2026-05-06T15:31:53","date_gmt":"2026-05-06T13:31:53","guid":{"rendered":"https:\/\/mumagallery.com\/?post_type=product&#038;p=3855"},"modified":"2026-05-06T16:16:35","modified_gmt":"2026-05-06T14:16:35","slug":"kunstdruck-berry-behrendt-jay-z-limited-edition","status":"publish","type":"product","link":"https:\/\/mumagallery.com\/en\/product\/kunstdruck-berry-behrendt-jay-z-limited-edition\/","title":{"rendered":"Berry Behrendt \/ &#8222;Jay Z&#8220;"},"content":{"rendered":"<h4 style=\"text-align: left;\"><a href=\"https:\/\/mumagallery.com\/en\/fine-art-photo-prints\/\" target=\"_blank\" rel=\"noopener\"><strong>How it's made<\/strong><\/a><\/h4>\n<h4 style=\"text-align: left;\"><a href=\"https:\/\/mumagallery.com\/en\/muma-gallery-artists\/muma-gallery-berry-behrendt\/\" rel=\"noopener\"><strong>Artist Bio<\/strong><\/a><\/h4>\n<h4 style=\"text-align: left;\"><a href=\"https:\/\/mumagallery.com\/en\/product-category\/shop-berry\/\" rel=\"noopener\"><strong>All available works<\/strong><\/a><\/h4>\n<p>&nbsp;<\/p>\n<hr class=\"kt-divider\" \/>\n<p>&nbsp;<\/p>","protected":false},"excerpt":{"rendered":"<p><!-- wp:heading --><\/p>\n<h2><strong>Berry Behrendt<\/strong><\/h2>\n<p><!-- \/wp:heading --><\/p>\n<p><!-- wp:heading {\"level\":4} --><\/p>\n<h4><strong>&#8222;Jay Z&#8220; , New York 2003<\/strong><\/h4>\n<p><!-- \/wp:spacer --><\/p>\n<p><!-- wp:paragraph --><\/p>\n<p><strong>Limitierte Edition | Auflage: 5 Exemplare<\/strong><\/p>\n<p><!-- \/wp:paragraph --><\/p>\n<p><!-- wp:list --><\/p>\n<ul>\n<li style=\"list-style-type: none;\">\n<ul><!-- wp:list-item --><\/ul>\n<\/li>\n<li>Fine Art Print , Inkjet on Hahnemuehle Fine Art Paper<\/li>\n<li>90 cm x 120 cm, inkl. Rahmen und Museumsglas<\/li>\n<li>signed and numbered by the artist<\/li>\n<\/ul>\n<p><!-- wp:spacer {\"height\":\"10px\"} --><\/p>\n<div class=\"wp-block-spacer\" style=\"height: 13px;\" aria-hidden=\"true\"><\/div>\n<p><!-- \/wp:spacer --><\/p>\n<p>Handmade<\/p>\n<p><!-- \/wp:paragraph --><\/p>\n<p><!-- wp:list --><\/p>\n<ul>\n<li style=\"list-style-type: none;\">\n<ul><!-- wp:list-item --><\/ul>\n<\/li>\n<li>individually handmade in Hamburg<\/li>\n<li>\n<p class=\"p1\">Shipping on request or pick-up in the gallery<\/p>\n<ul>\n<li style=\"list-style-type: none;\"><\/li>\n<\/ul>\n<p><!-- \/wp:list-item --><\/p>\n<p><!-- wp:list-item --><\/p>\n<ul>\n<li style=\"list-style-type: none;\"><\/li>\n<\/ul>\n<\/li>\n<\/ul>\n<p><!-- \/wp:list-item --><!-- \/wp:list --><\/p>\n<p><!-- wp:spacer {\"height\":\"20px\"} --><!-- \/wp:spacer --><\/p>\n<p><!-- wp:spacer {\"height\":\"23px\"} --><!-- \/wp:spacer --><\/p>\n<p><!-- wp:heading {\"level\":4} --><\/p>\n<h4 style=\"text-align: center;\"><a href=\"https:\/\/mumagallery.com\/en\/bestellinfos\/\" target=\"_blank\" rel=\"noopener\"><strong>| orderinfos |<\/strong><\/a><\/h4>\n<p><!-- \/wp:heading --><\/p>\n<p><!-- wp:spacer {\"height\":\"20px\"} --><!-- \/wp:spacer --><\/p>","protected":false},"featured_media":3848,"template":"","meta":{"_editorskit_title_hidden":false,"_editorskit_reading_time":0,"_editorskit_is_block_options_detached":false,"_editorskit_block_options_position":"{}"},"product_brand":[],"product_cat":[28,32],"product_tag":[],"class_list":{"0":"post-3855","1":"product","2":"type-product","3":"status-publish","4":"has-post-thumbnail","6":"product_cat-shop-berry","7":"product_cat-shop-fotografie","8":"clearfix","10":"first","11":"instock","12":"shipping-taxable","13":"purchasable","14":"product-type-simple"},"yoast_head":"<!-- This site is optimized with the Yoast SEO plugin v27.2 - https:\/\/yoast.com\/product\/yoast-seo-wordpress\/ -->\n<title>Muma Gallery - Kunstdruck von Berry Behrendt \u201eJay Z&quot;<\/title>\n<meta name=\"description\" content=\"Limitierte Edition des Hamburger K\u00fcnstlers Berry Behrendt. Handgemachte und einzigartige Kunstdrucke in der Muma Galerie Eppendorf.\" \/>\n<meta name=\"robots\" content=\"index, follow, max-snippet:-1, max-image-preview:large, max-video-preview:-1\" \/>\n<link rel=\"canonical\" href=\"https:\/\/mumagallery.com\/en\/product\/kunstdruck-berry-behrendt-jay-z-limited-edition\/\" \/>\n<meta property=\"og:locale\" content=\"en_US\" \/>\n<meta property=\"og:type\" content=\"article\" \/>\n<meta property=\"og:title\" content=\"Muma Gallery - Kunstdruck von Berry Behrendt \u201eJay Z&quot;\" \/>\n<meta property=\"og:description\" content=\"Limitierte Edition des Hamburger K\u00fcnstlers Berry Behrendt. Handgemachte und einzigartige Kunstdrucke in der Muma Galerie Eppendorf.\" \/>\n<meta property=\"og:url\" content=\"https:\/\/mumagallery.com\/en\/product\/kunstdruck-berry-behrendt-jay-z-limited-edition\/\" \/>\n<meta property=\"og:site_name\" content=\"Muma Gallery\" \/>\n<meta property=\"article:modified_time\" content=\"2026-05-06T14:16:35+00:00\" \/>\n<meta property=\"og:image\" content=\"https:\/\/mumagallery.com\/wp-content\/uploads\/2026\/05\/berry-behrendt-jay-z-portrait-2003-2.jpg\" \/>\n\t<meta property=\"og:image:width\" content=\"675\" \/>\n\t<meta property=\"og:image:height\" content=\"900\" \/>\n\t<meta property=\"og:image:type\" content=\"image\/jpeg\" \/>\n<meta name=\"twitter:card\" content=\"summary_large_image\" \/>\n<meta name=\"twitter:label1\" content=\"Est. reading time\" \/>\n\t<meta name=\"twitter:data1\" content=\"1 minute\" \/>\n<script type=\"application\/ld+json\" class=\"yoast-schema-graph\">{\"@context\":\"https:\/\/schema.org\",\"@graph\":[{\"@type\":\"WebPage\",\"@id\":\"https:\/\/mumagallery.com\/produkt\/kunstdruck-berry-behrendt-jay-z-limited-edition\/\",\"url\":\"https:\/\/mumagallery.com\/produkt\/kunstdruck-berry-behrendt-jay-z-limited-edition\/\",\"name\":\"Muma Gallery - Kunstdruck von Berry Behrendt \u201eJay Z\\\"\",\"isPartOf\":{\"@id\":\"https:\/\/mumagallery.com\/#website\"},\"primaryImageOfPage\":{\"@id\":\"https:\/\/mumagallery.com\/produkt\/kunstdruck-berry-behrendt-jay-z-limited-edition\/#primaryimage\"},\"image\":{\"@id\":\"https:\/\/mumagallery.com\/produkt\/kunstdruck-berry-behrendt-jay-z-limited-edition\/#primaryimage\"},\"thumbnailUrl\":\"https:\/\/mumagallery.com\/wp-content\/uploads\/2026\/05\/berry-behrendt-jay-z-portrait-2003-2.jpg\",\"datePublished\":\"2026-05-06T13:31:53+00:00\",\"dateModified\":\"2026-05-06T14:16:35+00:00\",\"description\":\"Limitierte Edition des Hamburger K\u00fcnstlers Berry Behrendt. Handgemachte und einzigartige Kunstdrucke in der Muma Galerie Eppendorf.\",\"breadcrumb\":{\"@id\":\"https:\/\/mumagallery.com\/produkt\/kunstdruck-berry-behrendt-jay-z-limited-edition\/#breadcrumb\"},\"inLanguage\":\"en-US\",\"potentialAction\":[{\"@type\":\"ReadAction\",\"target\":[\"https:\/\/mumagallery.com\/produkt\/kunstdruck-berry-behrendt-jay-z-limited-edition\/\"]}]},{\"@type\":\"ImageObject\",\"inLanguage\":\"en-US\",\"@id\":\"https:\/\/mumagallery.com\/produkt\/kunstdruck-berry-behrendt-jay-z-limited-edition\/#primaryimage\",\"url\":\"https:\/\/mumagallery.com\/wp-content\/uploads\/2026\/05\/berry-behrendt-jay-z-portrait-2003-2.jpg\",\"contentUrl\":\"https:\/\/mumagallery.com\/wp-content\/uploads\/2026\/05\/berry-behrendt-jay-z-portrait-2003-2.jpg\",\"width\":675,\"height\":900,\"caption\":\"Die Arbeit \u201eJay-Z\u201c von Berry Behrendt entstand im Jahr 2003 und versteht sich als k\u00fcnstlerische Reflexion eines pr\u00e4genden kulturellen Zeitgeistes. Das Portrait verbindet urbane \u00c4sthetik mit zeitgen\u00f6ssischer Portraitkunst und verweist auf eine \u00c4ra, in der Hip-Hop kulturelle Identit\u00e4t, Stil und visuelle Sprache nachhaltig pr\u00e4gte. Die Arbeit erscheint als streng limitierte Fine Art Print Edition.\"},{\"@type\":\"BreadcrumbList\",\"@id\":\"https:\/\/mumagallery.com\/produkt\/kunstdruck-berry-behrendt-jay-z-limited-edition\/#breadcrumb\",\"itemListElement\":[{\"@type\":\"ListItem\",\"position\":1,\"name\":\"Home\",\"item\":\"https:\/\/mumagallery.com\/\"},{\"@type\":\"ListItem\",\"position\":2,\"name\":\"MUMA Gallery Shop\",\"item\":\"https:\/\/mumagallery.com\/available-art\/\"},{\"@type\":\"ListItem\",\"position\":3,\"name\":\"Berry Behrendt \/ &#8220;Jay Z&#8221;\"}]},{\"@type\":\"WebSite\",\"@id\":\"https:\/\/mumagallery.com\/#website\",\"url\":\"https:\/\/mumagallery.com\/\",\"name\":\"Muma Gallery\",\"description\":\"Just great art from Hamburg\",\"publisher\":{\"@id\":\"https:\/\/mumagallery.com\/#organization\"},\"potentialAction\":[{\"@type\":\"SearchAction\",\"target\":{\"@type\":\"EntryPoint\",\"urlTemplate\":\"https:\/\/mumagallery.com\/?s={search_term_string}\"},\"query-input\":{\"@type\":\"PropertyValueSpecification\",\"valueRequired\":true,\"valueName\":\"search_term_string\"}}],\"inLanguage\":\"en-US\"},{\"@type\":\"Organization\",\"@id\":\"https:\/\/mumagallery.com\/#organization\",\"name\":\"Muma Gallery\",\"url\":\"https:\/\/mumagallery.com\/\",\"logo\":{\"@type\":\"ImageObject\",\"inLanguage\":\"en-US\",\"@id\":\"https:\/\/mumagallery.com\/#\/schema\/logo\/image\/\",\"url\":\"https:\/\/mumagallery.com\/wp-content\/uploads\/2022\/11\/cropped-Logo2.png\",\"contentUrl\":\"https:\/\/mumagallery.com\/wp-content\/uploads\/2022\/11\/cropped-Logo2.png\",\"width\":200,\"height\":80,\"caption\":\"Muma Gallery\"},\"image\":{\"@id\":\"https:\/\/mumagallery.com\/#\/schema\/logo\/image\/\"}}]}<\/script>\n<!-- \/ Yoast SEO plugin. -->","yoast_head_json":{"title":"Muma Gallery - Kunstdruck von Berry Behrendt \u201eJay Z\"","description":"Limitierte Edition des Hamburger K\u00fcnstlers Berry Behrendt. Handgemachte und einzigartige Kunstdrucke in der Muma Galerie Eppendorf.","robots":{"index":"index","follow":"follow","max-snippet":"max-snippet:-1","max-image-preview":"max-image-preview:large","max-video-preview":"max-video-preview:-1"},"canonical":"https:\/\/mumagallery.com\/en\/product\/kunstdruck-berry-behrendt-jay-z-limited-edition\/","og_locale":"en_US","og_type":"article","og_title":"Muma Gallery - Kunstdruck von Berry Behrendt \u201eJay Z\"","og_description":"Limitierte Edition des Hamburger K\u00fcnstlers Berry Behrendt. Handgemachte und einzigartige Kunstdrucke in der Muma Galerie Eppendorf.","og_url":"https:\/\/mumagallery.com\/en\/product\/kunstdruck-berry-behrendt-jay-z-limited-edition\/","og_site_name":"Muma Gallery","article_modified_time":"2026-05-06T14:16:35+00:00","og_image":[{"width":675,"height":900,"url":"https:\/\/mumagallery.com\/wp-content\/uploads\/2026\/05\/berry-behrendt-jay-z-portrait-2003-2.jpg","type":"image\/jpeg"}],"twitter_card":"summary_large_image","twitter_misc":{"Est. reading time":"1 minute"},"schema":{"@context":"https:\/\/schema.org","@graph":[{"@type":"WebPage","@id":"https:\/\/mumagallery.com\/produkt\/kunstdruck-berry-behrendt-jay-z-limited-edition\/","url":"https:\/\/mumagallery.com\/produkt\/kunstdruck-berry-behrendt-jay-z-limited-edition\/","name":"Muma Gallery - Kunstdruck von Berry Behrendt \u201eJay Z\"","isPartOf":{"@id":"https:\/\/mumagallery.com\/#website"},"primaryImageOfPage":{"@id":"https:\/\/mumagallery.com\/produkt\/kunstdruck-berry-behrendt-jay-z-limited-edition\/#primaryimage"},"image":{"@id":"https:\/\/mumagallery.com\/produkt\/kunstdruck-berry-behrendt-jay-z-limited-edition\/#primaryimage"},"thumbnailUrl":"https:\/\/mumagallery.com\/wp-content\/uploads\/2026\/05\/berry-behrendt-jay-z-portrait-2003-2.jpg","datePublished":"2026-05-06T13:31:53+00:00","dateModified":"2026-05-06T14:16:35+00:00","description":"Limitierte Edition des Hamburger K\u00fcnstlers Berry Behrendt. Handgemachte und einzigartige Kunstdrucke in der Muma Galerie Eppendorf.","breadcrumb":{"@id":"https:\/\/mumagallery.com\/produkt\/kunstdruck-berry-behrendt-jay-z-limited-edition\/#breadcrumb"},"inLanguage":"en-US","potentialAction":[{"@type":"ReadAction","target":["https:\/\/mumagallery.com\/produkt\/kunstdruck-berry-behrendt-jay-z-limited-edition\/"]}]},{"@type":"ImageObject","inLanguage":"en-US","@id":"https:\/\/mumagallery.com\/produkt\/kunstdruck-berry-behrendt-jay-z-limited-edition\/#primaryimage","url":"https:\/\/mumagallery.com\/wp-content\/uploads\/2026\/05\/berry-behrendt-jay-z-portrait-2003-2.jpg","contentUrl":"https:\/\/mumagallery.com\/wp-content\/uploads\/2026\/05\/berry-behrendt-jay-z-portrait-2003-2.jpg","width":675,"height":900,"caption":"Die Arbeit \u201eJay-Z\u201c von Berry Behrendt entstand im Jahr 2003 und versteht sich als k\u00fcnstlerische Reflexion eines pr\u00e4genden kulturellen Zeitgeistes. Das Portrait verbindet urbane \u00c4sthetik mit zeitgen\u00f6ssischer Portraitkunst und verweist auf eine \u00c4ra, in der Hip-Hop kulturelle Identit\u00e4t, Stil und visuelle Sprache nachhaltig pr\u00e4gte. Die Arbeit erscheint als streng limitierte Fine Art Print Edition."},{"@type":"BreadcrumbList","@id":"https:\/\/mumagallery.com\/produkt\/kunstdruck-berry-behrendt-jay-z-limited-edition\/#breadcrumb","itemListElement":[{"@type":"ListItem","position":1,"name":"Home","item":"https:\/\/mumagallery.com\/"},{"@type":"ListItem","position":2,"name":"MUMA Gallery Shop","item":"https:\/\/mumagallery.com\/available-art\/"},{"@type":"ListItem","position":3,"name":"Berry Behrendt \/ &#8220;Jay Z&#8221;"}]},{"@type":"WebSite","@id":"https:\/\/mumagallery.com\/#website","url":"https:\/\/mumagallery.com\/","name":"Muma Gallery","description":"Just great art from Hamburg","publisher":{"@id":"https:\/\/mumagallery.com\/#organization"},"potentialAction":[{"@type":"SearchAction","target":{"@type":"EntryPoint","urlTemplate":"https:\/\/mumagallery.com\/?s={search_term_string}"},"query-input":{"@type":"PropertyValueSpecification","valueRequired":true,"valueName":"search_term_string"}}],"inLanguage":"en-US"},{"@type":"Organization","@id":"https:\/\/mumagallery.com\/#organization","name":"Muma Gallery","url":"https:\/\/mumagallery.com\/","logo":{"@type":"ImageObject","inLanguage":"en-US","@id":"https:\/\/mumagallery.com\/#\/schema\/logo\/image\/","url":"https:\/\/mumagallery.com\/wp-content\/uploads\/2022\/11\/cropped-Logo2.png","contentUrl":"https:\/\/mumagallery.com\/wp-content\/uploads\/2022\/11\/cropped-Logo2.png","width":200,"height":80,"caption":"Muma Gallery"},"image":{"@id":"https:\/\/mumagallery.com\/#\/schema\/logo\/image\/"}}]}},"_links":{"self":[{"href":"https:\/\/mumagallery.com\/en\/wp-json\/wp\/v2\/product\/3855","targetHints":{"allow":["GET"]}}],"collection":[{"href":"https:\/\/mumagallery.com\/en\/wp-json\/wp\/v2\/product"}],"about":[{"href":"https:\/\/mumagallery.com\/en\/wp-json\/wp\/v2\/types\/product"}],"wp:featuredmedia":[{"embeddable":true,"href":"https:\/\/mumagallery.com\/en\/wp-json\/wp\/v2\/media\/3848"}],"wp:attachment":[{"href":"https:\/\/mumagallery.com\/en\/wp-json\/wp\/v2\/media?parent=3855"}],"wp:term":[{"taxonomy":"product_brand","embeddable":true,"href":"https:\/\/mumagallery.com\/en\/wp-json\/wp\/v2\/product_brand?post=3855"},{"taxonomy":"product_cat","embeddable":true,"href":"https:\/\/mumagallery.com\/en\/wp-json\/wp\/v2\/product_cat?post=3855"},{"taxonomy":"product_tag","embeddable":true,"href":"https:\/\/mumagallery.com\/en\/wp-json\/wp\/v2\/product_tag?post=3855"}],"curies":[{"name":"wp","href":"https:\/\/api.w.org\/{rel}","templated":true}]}}