{"id":3250,"date":"2025-05-06T16:45:23","date_gmt":"2025-05-06T14:45:23","guid":{"rendered":"https:\/\/mumagallery.com\/?post_type=product&#038;p=3250"},"modified":"2025-05-17T10:34:31","modified_gmt":"2025-05-17T08:34:31","slug":"lebenslinien","status":"publish","type":"product","link":"https:\/\/mumagallery.com\/en\/product\/lebenslinien\/","title":{"rendered":"&#8222;Lebenslinien &#8211; V\u00e4ter &#038; S\u00f6hne&#8220; limitiertes Buch"},"content":{"rendered":"<p>Get the exhibition<\/p>\n<p><strong>&#8222;Lebenslinien \u2013 V\u00e4ter und S\u00f6hne&#8220;<\/strong><\/p>\n<p>Mit Luca und Bruno Labbadia &amp; Konstantin Bax und Helmut Gerigk<\/p>\n<p><em>streng limitiert auf 100 Exemplare und von den K\u00fcnstlern signiert!<\/em><\/p>\n<p>&nbsp;<\/p>\n<p>\u00dcber die Ausstellung:<\/p>\n<p>The exhibition <strong><b>\u201eLebenslinien \u2013 V\u00e4ter und S\u00f6hne\u201c<\/b><\/strong>\u00a0ist\u00a0ein poetischer Dialog zwischen den Generationen, in dem Kunst und Familie aufeinandertreffen. Zwei au\u00dfergew\u00f6hnliche Familien \u2013 die von Fu\u00dfballer Bruno Labbadia und seinem Sohn Luca,\u00a0sowie die von Helmut Gerigk, dem surrealistischen Maler, und seinem Sohn Konstantin Bax \u2013 treten hier in einen kreativen Austausch, der mehr ist als nur das Werk des\u00a0Einzelnen. Es ist eine\u00a0Geschichte von Beziehungen, Einfl\u00fcssen und der Kraft der gemeinsamen Sch\u00f6pfung.<\/p>\n<p>Bruno Labbadia, bekannt als erfolgreicher Fu\u00dfballer und Trainer, tritt mit seinem Sohn Luca in den Dialog, der als Fotograf eine v\u00f6llig andere Ausdrucksform gew\u00e4hlt hat. Luca Labbadias Werke sind von einer zarten Poesie durchzogen\u00a0und entf\u00fchren den Betrachter in eine Welt, in der die\u00a0festgehaltenen\u00a0Momente fl\u00fcchtige Emotionen\u00a0und seine Suche nach eigenen Wegen widerspiegeln. In einer neuen Portraitserie \u00fcber Bruno Labbadia sieht man den Blick des Sohnes auf seinen Vater.<\/p>\n<p>Auf der anderen Seite steht\u00a0die Malerei von Helmut Gerigk, der in den 70ern eine Bekanntschaft zu Salvador Dali pflegte, die von surrealen Landschaften, Tr\u00e4umen und einer tiefen Auseinandersetzung mit dem Unbewussten gepr\u00e4gt ist. Diese Elemente finden in den Arbeiten seines Sohnes Konstantin Bax eine spannende Fortf\u00fchrung. Konstantins Malerei setzt sich intensiv mit dem Menschen auf der Suche nach Transformation\u00a0auseinander und verwischt\u00a0in ihren abstrakten Formen die Grenzen der Realit\u00e4t.<\/p>\n<p><strong><b>\u201cLifelines\u201d immerses us in the deep connections<\/b><\/strong><strong><b>\u00a0<\/b><\/strong><strong><b>between fathers and their sons - in the interactions between the generations that become visible in <\/b><\/strong><strong><b>the artworks on display and the accompanying quotes.<\/b><\/strong><strong><b>\u00a0The exhibition weaves the stories of father and son into a poetic whole that celebrates the beauty and complexity of human relationships. <\/b><\/strong><\/p>","protected":false},"excerpt":{"rendered":"<p><!-- wp:heading --><\/p>\n<h2><strong>Lebenslinien V\u00e4ter &amp; S\u00f6hne<\/strong><\/h2>\n<p><!-- \/wp:heading --><\/p>\n<p><!-- wp:heading {\"level\":4} --><\/p>\n<h4>Get the exhibition<\/h4>\n<p><!-- \/wp:heading --><\/p>\n<p><!-- wp:spacer {\"height\":\"20px\"} --><\/p>\n<div class=\"wp-block-spacer\" style=\"height: 20px;\" aria-hidden=\"true\"><\/div>\n<p><!-- \/wp:spacer --><\/p>\n<p><!-- wp:paragraph --><\/p>\n<p><strong>Limitierte Edition | Auflage:\u00a0 100 Exemplare<\/strong><\/p>\n<p><!-- \/wp:paragraph --><\/p>\n<p><!-- wp:list --><\/p>\n<ul>\n<li style=\"list-style-type: none;\">\n<ul><!-- wp:list-item --><\/ul>\n<\/li>\n<li>signed by Bruno, Luca &amp; Konstantin<\/li>\n<li>21 cm x 21 cm Hardcover<\/li>\n<li>68 pages<\/li>\n<li>incl. shipping<\/li>\n<\/ul>\n<p><!-- wp:spacer {\"height\":\"10px\"} --><\/p>\n<p><!-- \/wp:spacer --><\/p>\n<p><!-- \/wp:list-item --><!-- \/wp:list --><\/p>\n<p><!-- wp:spacer {\"height\":\"20px\"} --><!-- \/wp:spacer --><\/p>\n<p><!-- wp:spacer {\"height\":\"23px\"} --><!-- \/wp:spacer --><\/p>\n<p><!-- wp:heading {\"level\":4} --><\/p>\n<h4 style=\"text-align: center;\"><a href=\"https:\/\/mumagallery.com\/en\/bestellinfos\/\" target=\"_blank\" rel=\"noopener\"><strong>| orderinfos |<\/strong><\/a><\/h4>\n<p><!-- \/wp:heading --><\/p>\n<p><!-- wp:spacer {\"height\":\"20px\"} --><!-- \/wp:spacer --><\/p>","protected":false},"featured_media":3251,"template":"","meta":{"_editorskit_title_hidden":false,"_editorskit_reading_time":0,"_editorskit_is_block_options_detached":false,"_editorskit_block_options_position":"{}"},"product_brand":[],"product_cat":[199],"product_tag":[],"class_list":{"0":"post-3250","1":"product","2":"type-product","3":"status-publish","4":"has-post-thumbnail","6":"product_cat-special-editions","7":"clearfix","9":"first","10":"instock","11":"shipping-taxable","12":"purchasable","13":"product-type-simple"},"yoast_head":"<!-- This site is optimized with the Yoast SEO plugin v27.2 - https:\/\/yoast.com\/product\/yoast-seo-wordpress\/ -->\n<title>&quot;Lebenslinien&quot; mit Bruno Labbadia | Das Buch zur Ausstellung<\/title>\n<meta name=\"description\" content=\"Das Buch verwebt die Geschichten von Vater und Sohn zu einem poetischen Gesamtbild, das die Sch\u00f6nheit und Komplexit\u00e4t menschlicher Beziehungen feie\" \/>\n<meta name=\"robots\" content=\"index, follow, max-snippet:-1, max-image-preview:large, max-video-preview:-1\" \/>\n<link rel=\"canonical\" href=\"https:\/\/mumagallery.com\/en\/product\/lebenslinien\/\" \/>\n<meta property=\"og:locale\" content=\"en_US\" \/>\n<meta property=\"og:type\" content=\"article\" \/>\n<meta property=\"og:title\" content=\"&quot;Lebenslinien&quot; mit Bruno Labbadia | Das Buch zur Ausstellung\" \/>\n<meta property=\"og:description\" content=\"Das Buch verwebt die Geschichten von Vater und Sohn zu einem poetischen Gesamtbild, das die Sch\u00f6nheit und Komplexit\u00e4t menschlicher Beziehungen feie\" \/>\n<meta property=\"og:url\" content=\"https:\/\/mumagallery.com\/en\/product\/lebenslinien\/\" \/>\n<meta property=\"og:site_name\" content=\"Muma Gallery\" \/>\n<meta property=\"article:modified_time\" content=\"2025-05-17T08:34:31+00:00\" \/>\n<meta property=\"og:image\" content=\"https:\/\/mumagallery.com\/wp-content\/uploads\/2025\/05\/Lebenslinien-Labbadia-Cover2.jpg\" \/>\n\t<meta property=\"og:image:width\" content=\"900\" \/>\n\t<meta property=\"og:image:height\" content=\"900\" \/>\n\t<meta property=\"og:image:type\" content=\"image\/jpeg\" \/>\n<meta name=\"twitter:card\" content=\"summary_large_image\" \/>\n<meta name=\"twitter:label1\" content=\"Est. reading time\" \/>\n\t<meta name=\"twitter:data1\" content=\"2 minutes\" \/>\n<script type=\"application\/ld+json\" class=\"yoast-schema-graph\">{\"@context\":\"https:\/\/schema.org\",\"@graph\":[{\"@type\":\"WebPage\",\"@id\":\"https:\/\/mumagallery.com\/produkt\/lebenslinien\/\",\"url\":\"https:\/\/mumagallery.com\/produkt\/lebenslinien\/\",\"name\":\"\\\"Lebenslinien\\\" mit Bruno Labbadia | Das Buch zur Ausstellung\",\"isPartOf\":{\"@id\":\"https:\/\/mumagallery.com\/#website\"},\"primaryImageOfPage\":{\"@id\":\"https:\/\/mumagallery.com\/produkt\/lebenslinien\/#primaryimage\"},\"image\":{\"@id\":\"https:\/\/mumagallery.com\/produkt\/lebenslinien\/#primaryimage\"},\"thumbnailUrl\":\"https:\/\/mumagallery.com\/wp-content\/uploads\/2025\/05\/Lebenslinien-Labbadia-Cover2.jpg\",\"datePublished\":\"2025-05-06T14:45:23+00:00\",\"dateModified\":\"2025-05-17T08:34:31+00:00\",\"description\":\"Das Buch verwebt die Geschichten von Vater und Sohn zu einem poetischen Gesamtbild, das die Sch\u00f6nheit und Komplexit\u00e4t menschlicher Beziehungen feie\",\"breadcrumb\":{\"@id\":\"https:\/\/mumagallery.com\/produkt\/lebenslinien\/#breadcrumb\"},\"inLanguage\":\"en-US\",\"potentialAction\":[{\"@type\":\"ReadAction\",\"target\":[\"https:\/\/mumagallery.com\/produkt\/lebenslinien\/\"]}]},{\"@type\":\"ImageObject\",\"inLanguage\":\"en-US\",\"@id\":\"https:\/\/mumagallery.com\/produkt\/lebenslinien\/#primaryimage\",\"url\":\"https:\/\/mumagallery.com\/wp-content\/uploads\/2025\/05\/Lebenslinien-Labbadia-Cover2.jpg\",\"contentUrl\":\"https:\/\/mumagallery.com\/wp-content\/uploads\/2025\/05\/Lebenslinien-Labbadia-Cover2.jpg\",\"width\":900,\"height\":900,\"caption\":\"Lebenslinien V\u00e4ter und S\u00f6hne das Buch zur Ausstellung Bruno Labbadia Konstantin Bax 1\"},{\"@type\":\"BreadcrumbList\",\"@id\":\"https:\/\/mumagallery.com\/produkt\/lebenslinien\/#breadcrumb\",\"itemListElement\":[{\"@type\":\"ListItem\",\"position\":1,\"name\":\"Home\",\"item\":\"https:\/\/mumagallery.com\/\"},{\"@type\":\"ListItem\",\"position\":2,\"name\":\"MUMA Gallery Shop\",\"item\":\"https:\/\/mumagallery.com\/available-art\/\"},{\"@type\":\"ListItem\",\"position\":3,\"name\":\"&#8220;Lebenslinien &#8211; V\u00e4ter &#038; S\u00f6hne&#8221; limitiertes Buch\"}]},{\"@type\":\"WebSite\",\"@id\":\"https:\/\/mumagallery.com\/#website\",\"url\":\"https:\/\/mumagallery.com\/\",\"name\":\"Muma Gallery\",\"description\":\"Just great art from Hamburg\",\"publisher\":{\"@id\":\"https:\/\/mumagallery.com\/#organization\"},\"potentialAction\":[{\"@type\":\"SearchAction\",\"target\":{\"@type\":\"EntryPoint\",\"urlTemplate\":\"https:\/\/mumagallery.com\/?s={search_term_string}\"},\"query-input\":{\"@type\":\"PropertyValueSpecification\",\"valueRequired\":true,\"valueName\":\"search_term_string\"}}],\"inLanguage\":\"en-US\"},{\"@type\":\"Organization\",\"@id\":\"https:\/\/mumagallery.com\/#organization\",\"name\":\"Muma Gallery\",\"url\":\"https:\/\/mumagallery.com\/\",\"logo\":{\"@type\":\"ImageObject\",\"inLanguage\":\"en-US\",\"@id\":\"https:\/\/mumagallery.com\/#\/schema\/logo\/image\/\",\"url\":\"https:\/\/mumagallery.com\/wp-content\/uploads\/2022\/11\/cropped-Logo2.png\",\"contentUrl\":\"https:\/\/mumagallery.com\/wp-content\/uploads\/2022\/11\/cropped-Logo2.png\",\"width\":200,\"height\":80,\"caption\":\"Muma Gallery\"},\"image\":{\"@id\":\"https:\/\/mumagallery.com\/#\/schema\/logo\/image\/\"}}]}<\/script>\n<!-- \/ Yoast SEO plugin. -->","yoast_head_json":{"title":"\"Lebenslinien\" mit Bruno Labbadia | Das Buch zur Ausstellung","description":"Das Buch verwebt die Geschichten von Vater und Sohn zu einem poetischen Gesamtbild, das die Sch\u00f6nheit und Komplexit\u00e4t menschlicher Beziehungen feie","robots":{"index":"index","follow":"follow","max-snippet":"max-snippet:-1","max-image-preview":"max-image-preview:large","max-video-preview":"max-video-preview:-1"},"canonical":"https:\/\/mumagallery.com\/en\/product\/lebenslinien\/","og_locale":"en_US","og_type":"article","og_title":"\"Lebenslinien\" mit Bruno Labbadia | Das Buch zur Ausstellung","og_description":"Das Buch verwebt die Geschichten von Vater und Sohn zu einem poetischen Gesamtbild, das die Sch\u00f6nheit und Komplexit\u00e4t menschlicher Beziehungen feie","og_url":"https:\/\/mumagallery.com\/en\/product\/lebenslinien\/","og_site_name":"Muma Gallery","article_modified_time":"2025-05-17T08:34:31+00:00","og_image":[{"width":900,"height":900,"url":"https:\/\/mumagallery.com\/wp-content\/uploads\/2025\/05\/Lebenslinien-Labbadia-Cover2.jpg","type":"image\/jpeg"}],"twitter_card":"summary_large_image","twitter_misc":{"Est. reading time":"2 minutes"},"schema":{"@context":"https:\/\/schema.org","@graph":[{"@type":"WebPage","@id":"https:\/\/mumagallery.com\/produkt\/lebenslinien\/","url":"https:\/\/mumagallery.com\/produkt\/lebenslinien\/","name":"\"Lebenslinien\" mit Bruno Labbadia | Das Buch zur Ausstellung","isPartOf":{"@id":"https:\/\/mumagallery.com\/#website"},"primaryImageOfPage":{"@id":"https:\/\/mumagallery.com\/produkt\/lebenslinien\/#primaryimage"},"image":{"@id":"https:\/\/mumagallery.com\/produkt\/lebenslinien\/#primaryimage"},"thumbnailUrl":"https:\/\/mumagallery.com\/wp-content\/uploads\/2025\/05\/Lebenslinien-Labbadia-Cover2.jpg","datePublished":"2025-05-06T14:45:23+00:00","dateModified":"2025-05-17T08:34:31+00:00","description":"Das Buch verwebt die Geschichten von Vater und Sohn zu einem poetischen Gesamtbild, das die Sch\u00f6nheit und Komplexit\u00e4t menschlicher Beziehungen feie","breadcrumb":{"@id":"https:\/\/mumagallery.com\/produkt\/lebenslinien\/#breadcrumb"},"inLanguage":"en-US","potentialAction":[{"@type":"ReadAction","target":["https:\/\/mumagallery.com\/produkt\/lebenslinien\/"]}]},{"@type":"ImageObject","inLanguage":"en-US","@id":"https:\/\/mumagallery.com\/produkt\/lebenslinien\/#primaryimage","url":"https:\/\/mumagallery.com\/wp-content\/uploads\/2025\/05\/Lebenslinien-Labbadia-Cover2.jpg","contentUrl":"https:\/\/mumagallery.com\/wp-content\/uploads\/2025\/05\/Lebenslinien-Labbadia-Cover2.jpg","width":900,"height":900,"caption":"Lebenslinien V\u00e4ter und S\u00f6hne das Buch zur Ausstellung Bruno Labbadia Konstantin Bax 1"},{"@type":"BreadcrumbList","@id":"https:\/\/mumagallery.com\/produkt\/lebenslinien\/#breadcrumb","itemListElement":[{"@type":"ListItem","position":1,"name":"Home","item":"https:\/\/mumagallery.com\/"},{"@type":"ListItem","position":2,"name":"MUMA Gallery Shop","item":"https:\/\/mumagallery.com\/available-art\/"},{"@type":"ListItem","position":3,"name":"&#8220;Lebenslinien &#8211; V\u00e4ter &#038; S\u00f6hne&#8221; limitiertes Buch"}]},{"@type":"WebSite","@id":"https:\/\/mumagallery.com\/#website","url":"https:\/\/mumagallery.com\/","name":"Muma Gallery","description":"Just great art from Hamburg","publisher":{"@id":"https:\/\/mumagallery.com\/#organization"},"potentialAction":[{"@type":"SearchAction","target":{"@type":"EntryPoint","urlTemplate":"https:\/\/mumagallery.com\/?s={search_term_string}"},"query-input":{"@type":"PropertyValueSpecification","valueRequired":true,"valueName":"search_term_string"}}],"inLanguage":"en-US"},{"@type":"Organization","@id":"https:\/\/mumagallery.com\/#organization","name":"Muma Gallery","url":"https:\/\/mumagallery.com\/","logo":{"@type":"ImageObject","inLanguage":"en-US","@id":"https:\/\/mumagallery.com\/#\/schema\/logo\/image\/","url":"https:\/\/mumagallery.com\/wp-content\/uploads\/2022\/11\/cropped-Logo2.png","contentUrl":"https:\/\/mumagallery.com\/wp-content\/uploads\/2022\/11\/cropped-Logo2.png","width":200,"height":80,"caption":"Muma Gallery"},"image":{"@id":"https:\/\/mumagallery.com\/#\/schema\/logo\/image\/"}}]}},"_links":{"self":[{"href":"https:\/\/mumagallery.com\/en\/wp-json\/wp\/v2\/product\/3250","targetHints":{"allow":["GET"]}}],"collection":[{"href":"https:\/\/mumagallery.com\/en\/wp-json\/wp\/v2\/product"}],"about":[{"href":"https:\/\/mumagallery.com\/en\/wp-json\/wp\/v2\/types\/product"}],"wp:featuredmedia":[{"embeddable":true,"href":"https:\/\/mumagallery.com\/en\/wp-json\/wp\/v2\/media\/3251"}],"wp:attachment":[{"href":"https:\/\/mumagallery.com\/en\/wp-json\/wp\/v2\/media?parent=3250"}],"wp:term":[{"taxonomy":"product_brand","embeddable":true,"href":"https:\/\/mumagallery.com\/en\/wp-json\/wp\/v2\/product_brand?post=3250"},{"taxonomy":"product_cat","embeddable":true,"href":"https:\/\/mumagallery.com\/en\/wp-json\/wp\/v2\/product_cat?post=3250"},{"taxonomy":"product_tag","embeddable":true,"href":"https:\/\/mumagallery.com\/en\/wp-json\/wp\/v2\/product_tag?post=3250"}],"curies":[{"name":"wp","href":"https:\/\/api.w.org\/{rel}","templated":true}]}}