{"id":1239,"date":"2023-04-05T08:39:11","date_gmt":"2023-04-05T06:39:11","guid":{"rendered":"https:\/\/mumagallery.com\/?post_type=product&#038;p=1239"},"modified":"2024-11-27T10:59:43","modified_gmt":"2024-11-27T09:59:43","slug":"konstantin-bax-windows-to-infinity","status":"publish","type":"product","link":"https:\/\/mumagallery.com\/en\/product\/konstantin-bax-windows-to-infinity\/","title":{"rendered":"Konstantin Bax \/ Windows to Infinity"},"content":{"rendered":"<h3><strong>Windows to Infinity by Konstantin Bax<br \/>\n<\/strong><\/h3>\n<p style=\"text-align: justify;\">Mit fast 300 Seiten, ist &#8222;Windows to Infinity&#8220; ein Manifest \u00fcber unseren spirituellen Weg durch das Universum.<\/p>\n<p style=\"text-align: justify;\">Geschrieben und vollst\u00e4ndig illustriert von dem deutschen Maler\u00a0Konstantin Bax, versorgt uns das Buch mit kognitiver Nahrung f\u00fcr die Seele. Durch die Verbindung von Wort und Bild entf\u00fchrt es den Leser in eine Welt jenseits des Allt\u00e4glichen.<\/p>\n<p style=\"text-align: justify;\">Die multidimensionale psychedelische Kunst von Konstantin Bax haucht den zahlreichen Texten und Zitaten des Buches Leben ein und l\u00e4sst so das unsichtbare sichtbar werden. Es befl\u00fcgelt die Vorstellungskraft des Lesers, indem es Kreativit\u00e4t, Quantentheorie und fern\u00f6stliche Weisheitslehre auf eine einzigartige Weise miteinander verbindet.<\/p>\n<p style=\"text-align: justify;\">\u201eWindows to Infinity\u201c ist eine Quelle der Inspiration, ein Begleiter und Almanach unserer spirituellen Verbindung mit der Welt, die uns durchstr\u00f6mt und eine bildgewaltige Reise in die Essenz des Lebens.<\/p>\n<p>&nbsp;<\/p>\n<p><a href=\"https:\/\/mumagallery.com\/wp-content\/uploads\/2023\/04\/Pages.jpg\" data-rel=\"lightbox-image-0\" data-magnific_type=\"image\" data-rl_title=\"\" data-rl_caption=\"\" title=\"\"><img decoding=\"async\" class=\"alignnone wp-image-1243 lazyload\" data-src=\"https:\/\/mumagallery.com\/wp-content\/uploads\/2023\/04\/Pages-300x160.jpg\" alt=\"\" width=\"1200\" height=\"638\" data-srcset=\"https:\/\/mumagallery.com\/wp-content\/uploads\/2023\/04\/Pages-300x160.jpg 300w, https:\/\/mumagallery.com\/wp-content\/uploads\/2023\/04\/Pages-1024x544.jpg 1024w, https:\/\/mumagallery.com\/wp-content\/uploads\/2023\/04\/Pages-768x408.jpg 768w, https:\/\/mumagallery.com\/wp-content\/uploads\/2023\/04\/Pages-18x10.jpg 18w, https:\/\/mumagallery.com\/wp-content\/uploads\/2023\/04\/Pages-700x372.jpg 700w, https:\/\/mumagallery.com\/wp-content\/uploads\/2023\/04\/Pages-520x276.jpg 520w, https:\/\/mumagallery.com\/wp-content\/uploads\/2023\/04\/Pages-360x191.jpg 360w, https:\/\/mumagallery.com\/wp-content\/uploads\/2023\/04\/Pages-250x133.jpg 250w, https:\/\/mumagallery.com\/wp-content\/uploads\/2023\/04\/Pages-100x53.jpg 100w, https:\/\/mumagallery.com\/wp-content\/uploads\/2023\/04\/Pages-600x319.jpg 600w, https:\/\/mumagallery.com\/wp-content\/uploads\/2023\/04\/Pages.jpg 1200w\" data-sizes=\"(max-width: 1200px) 100vw, 1200px\" src=\"data:image\/svg+xml;base64,PHN2ZyB3aWR0aD0iMSIgaGVpZ2h0PSIxIiB4bWxucz0iaHR0cDovL3d3dy53My5vcmcvMjAwMC9zdmciPjwvc3ZnPg==\" style=\"--smush-placeholder-width: 1200px; --smush-placeholder-aspect-ratio: 1200\/638;\" \/><\/a><\/p>\n<p>&nbsp;<\/p>","protected":false},"excerpt":{"rendered":"<p><!-- wp:heading --><\/p>\n<h2><strong>KONSTANTIN BAX<\/strong><\/h2>\n<p><!-- \/wp:heading --><\/p>\n<p><!-- wp:heading {\"level\":4} --><\/p>\n<h4><strong>&#8222;Windows to Infinity&#8220;<\/strong><\/h4>\n<p><!-- \/wp:heading --><\/p>\n<p><!-- wp:spacer {\"height\":\"20px\"} --><\/p>\n<div class=\"wp-block-spacer\" style=\"height: 20px;\" aria-hidden=\"true\"><\/div>\n<p><!-- \/wp:spacer --><\/p>\n<p><!-- wp:paragraph --><\/p>\n<p><strong>Artbook<\/strong><\/p>\n<p><!-- \/wp:paragraph --><\/p>\n<p><!-- wp:list --><\/p>\n<ul>\n<li style=\"list-style-type: none;\">\n<ul><!-- wp:list-item --><\/ul>\n<\/li>\n<li>signed by the artist<\/li>\n<li>21cm x 30cm | 292 Seiten<\/li>\n<li>Hardcover<\/li>\n<li>inkl.\u00a0mini Druck \u201cAnd the Rain will wash it all away\u201d<\/li>\n<li>inkl.\u00a0happy card (15% auf eine Bestellung im Shop)<\/li>\n<li>free shipping or direct pickup\n<ul>\n<li style=\"list-style-type: none;\"><\/li>\n<\/ul>\n<p><!-- \/wp:list-item --><\/p>\n<p><!-- wp:list-item --><\/p>\n<ul>\n<li style=\"list-style-type: none;\"><\/li>\n<\/ul>\n<\/li>\n<\/ul>\n<p><!-- wp:spacer {\"height\":\"10px\"} --><\/p>\n<p><!-- \/wp:list-item --><\/p>\n<p><!-- \/wp:list --><\/p>\n<p><!-- wp:spacer {\"height\":\"20px\"} --><\/p>\n<p><!-- \/wp:spacer --><br \/>\n<!-- wp:spacer {\"height\":\"23px\"} --><\/p>\n<div class=\"wp-block-spacer\" style=\"height: 23px;\" aria-hidden=\"true\"><\/div>\n<p><!-- \/wp:spacer --><\/p>\n<p><!-- wp:heading {\"level\":4} --><\/p>\n<h4><a href=\"https:\/\/mumagallery.com\/en\/bestellinfos\/\" target=\"_blank\" rel=\"noopener\"><strong>| orderinfos |<\/strong><\/a><\/h4>\n<p><!-- \/wp:heading --><\/p>\n<p><!-- wp:spacer {\"height\":\"20px\"} --><\/p>\n<div class=\"wp-block-spacer\" style=\"height: 20px;\" aria-hidden=\"true\"><\/div>\n<p><!-- \/wp:spacer --><\/p>","protected":false},"featured_media":1240,"template":"","meta":{"_editorskit_title_hidden":false,"_editorskit_reading_time":0,"_editorskit_is_block_options_detached":false,"_editorskit_block_options_position":"{}"},"product_brand":[],"product_cat":[27],"product_tag":[],"class_list":{"0":"post-1239","1":"product","2":"type-product","3":"status-publish","4":"has-post-thumbnail","6":"product_cat-shop-bax","7":"clearfix","9":"first","10":"instock","11":"shipping-taxable","12":"purchasable","13":"product-type-simple"},"yoast_head":"<!-- This site is optimized with the Yoast SEO plugin v27.2 - https:\/\/yoast.com\/product\/yoast-seo-wordpress\/ -->\n<title>Muma Gallery - Windows to Infinity von Konstantin Bax<\/title>\n<meta name=\"description\" content=\"Das Manifest des Hamburger K\u00fcnstlers Konstantin Bax. Handgemachte und einzigartige Kunstdrucke und Publikationen | Muma Gallery Eppendorf.\" \/>\n<meta name=\"robots\" content=\"index, follow, max-snippet:-1, max-image-preview:large, max-video-preview:-1\" \/>\n<link rel=\"canonical\" href=\"https:\/\/mumagallery.com\/en\/product\/konstantin-bax-windows-to-infinity\/\" \/>\n<meta property=\"og:locale\" content=\"en_US\" \/>\n<meta property=\"og:type\" content=\"article\" \/>\n<meta property=\"og:title\" content=\"Muma Gallery - Windows to Infinity von Konstantin Bax\" \/>\n<meta property=\"og:description\" content=\"Das Manifest des Hamburger K\u00fcnstlers Konstantin Bax. Handgemachte und einzigartige Kunstdrucke und Publikationen | Muma Gallery Eppendorf.\" \/>\n<meta property=\"og:url\" content=\"https:\/\/mumagallery.com\/en\/product\/konstantin-bax-windows-to-infinity\/\" \/>\n<meta property=\"og:site_name\" content=\"Muma Gallery\" \/>\n<meta property=\"article:modified_time\" content=\"2024-11-27T09:59:43+00:00\" \/>\n<meta property=\"og:image\" content=\"https:\/\/mumagallery.com\/wp-content\/uploads\/2023\/04\/Windows-to-Infinity-Bax-1.jpg\" \/>\n\t<meta property=\"og:image:width\" content=\"643\" \/>\n\t<meta property=\"og:image:height\" content=\"900\" \/>\n\t<meta property=\"og:image:type\" content=\"image\/jpeg\" \/>\n<meta name=\"twitter:card\" content=\"summary_large_image\" \/>\n<meta name=\"twitter:label1\" content=\"Est. reading time\" \/>\n\t<meta name=\"twitter:data1\" content=\"1 minute\" \/>\n<script type=\"application\/ld+json\" class=\"yoast-schema-graph\">{\"@context\":\"https:\/\/schema.org\",\"@graph\":[{\"@type\":\"WebPage\",\"@id\":\"https:\/\/mumagallery.com\/produkt\/konstantin-bax-windows-to-infinity\/\",\"url\":\"https:\/\/mumagallery.com\/produkt\/konstantin-bax-windows-to-infinity\/\",\"name\":\"Muma Gallery - Windows to Infinity von Konstantin Bax\",\"isPartOf\":{\"@id\":\"https:\/\/mumagallery.com\/#website\"},\"primaryImageOfPage\":{\"@id\":\"https:\/\/mumagallery.com\/produkt\/konstantin-bax-windows-to-infinity\/#primaryimage\"},\"image\":{\"@id\":\"https:\/\/mumagallery.com\/produkt\/konstantin-bax-windows-to-infinity\/#primaryimage\"},\"thumbnailUrl\":\"https:\/\/mumagallery.com\/wp-content\/uploads\/2023\/04\/Windows-to-Infinity-Bax-1.jpg\",\"datePublished\":\"2023-04-05T06:39:11+00:00\",\"dateModified\":\"2024-11-27T09:59:43+00:00\",\"description\":\"Das Manifest des Hamburger K\u00fcnstlers Konstantin Bax. Handgemachte und einzigartige Kunstdrucke und Publikationen | Muma Gallery Eppendorf.\",\"breadcrumb\":{\"@id\":\"https:\/\/mumagallery.com\/produkt\/konstantin-bax-windows-to-infinity\/#breadcrumb\"},\"inLanguage\":\"en-US\",\"potentialAction\":[{\"@type\":\"ReadAction\",\"target\":[\"https:\/\/mumagallery.com\/produkt\/konstantin-bax-windows-to-infinity\/\"]}]},{\"@type\":\"ImageObject\",\"inLanguage\":\"en-US\",\"@id\":\"https:\/\/mumagallery.com\/produkt\/konstantin-bax-windows-to-infinity\/#primaryimage\",\"url\":\"https:\/\/mumagallery.com\/wp-content\/uploads\/2023\/04\/Windows-to-Infinity-Bax-1.jpg\",\"contentUrl\":\"https:\/\/mumagallery.com\/wp-content\/uploads\/2023\/04\/Windows-to-Infinity-Bax-1.jpg\",\"width\":643,\"height\":900},{\"@type\":\"BreadcrumbList\",\"@id\":\"https:\/\/mumagallery.com\/produkt\/konstantin-bax-windows-to-infinity\/#breadcrumb\",\"itemListElement\":[{\"@type\":\"ListItem\",\"position\":1,\"name\":\"Home\",\"item\":\"https:\/\/mumagallery.com\/\"},{\"@type\":\"ListItem\",\"position\":2,\"name\":\"MUMA Gallery Shop\",\"item\":\"https:\/\/mumagallery.com\/available-art\/\"},{\"@type\":\"ListItem\",\"position\":3,\"name\":\"Konstantin Bax \/ Windows to Infinity\"}]},{\"@type\":\"WebSite\",\"@id\":\"https:\/\/mumagallery.com\/#website\",\"url\":\"https:\/\/mumagallery.com\/\",\"name\":\"Muma Gallery\",\"description\":\"Just great art from Hamburg\",\"publisher\":{\"@id\":\"https:\/\/mumagallery.com\/#organization\"},\"potentialAction\":[{\"@type\":\"SearchAction\",\"target\":{\"@type\":\"EntryPoint\",\"urlTemplate\":\"https:\/\/mumagallery.com\/?s={search_term_string}\"},\"query-input\":{\"@type\":\"PropertyValueSpecification\",\"valueRequired\":true,\"valueName\":\"search_term_string\"}}],\"inLanguage\":\"en-US\"},{\"@type\":\"Organization\",\"@id\":\"https:\/\/mumagallery.com\/#organization\",\"name\":\"Muma Gallery\",\"url\":\"https:\/\/mumagallery.com\/\",\"logo\":{\"@type\":\"ImageObject\",\"inLanguage\":\"en-US\",\"@id\":\"https:\/\/mumagallery.com\/#\/schema\/logo\/image\/\",\"url\":\"https:\/\/mumagallery.com\/wp-content\/uploads\/2022\/11\/cropped-Logo2.png\",\"contentUrl\":\"https:\/\/mumagallery.com\/wp-content\/uploads\/2022\/11\/cropped-Logo2.png\",\"width\":200,\"height\":80,\"caption\":\"Muma Gallery\"},\"image\":{\"@id\":\"https:\/\/mumagallery.com\/#\/schema\/logo\/image\/\"}}]}<\/script>\n<!-- \/ Yoast SEO plugin. -->","yoast_head_json":{"title":"Muma Gallery - Windows to Infinity von Konstantin Bax","description":"Das Manifest des Hamburger K\u00fcnstlers Konstantin Bax. Handgemachte und einzigartige Kunstdrucke und Publikationen | Muma Gallery Eppendorf.","robots":{"index":"index","follow":"follow","max-snippet":"max-snippet:-1","max-image-preview":"max-image-preview:large","max-video-preview":"max-video-preview:-1"},"canonical":"https:\/\/mumagallery.com\/en\/product\/konstantin-bax-windows-to-infinity\/","og_locale":"en_US","og_type":"article","og_title":"Muma Gallery - Windows to Infinity von Konstantin Bax","og_description":"Das Manifest des Hamburger K\u00fcnstlers Konstantin Bax. Handgemachte und einzigartige Kunstdrucke und Publikationen | Muma Gallery Eppendorf.","og_url":"https:\/\/mumagallery.com\/en\/product\/konstantin-bax-windows-to-infinity\/","og_site_name":"Muma Gallery","article_modified_time":"2024-11-27T09:59:43+00:00","og_image":[{"width":643,"height":900,"url":"https:\/\/mumagallery.com\/wp-content\/uploads\/2023\/04\/Windows-to-Infinity-Bax-1.jpg","type":"image\/jpeg"}],"twitter_card":"summary_large_image","twitter_misc":{"Est. reading time":"1 minute"},"schema":{"@context":"https:\/\/schema.org","@graph":[{"@type":"WebPage","@id":"https:\/\/mumagallery.com\/produkt\/konstantin-bax-windows-to-infinity\/","url":"https:\/\/mumagallery.com\/produkt\/konstantin-bax-windows-to-infinity\/","name":"Muma Gallery - Windows to Infinity von Konstantin Bax","isPartOf":{"@id":"https:\/\/mumagallery.com\/#website"},"primaryImageOfPage":{"@id":"https:\/\/mumagallery.com\/produkt\/konstantin-bax-windows-to-infinity\/#primaryimage"},"image":{"@id":"https:\/\/mumagallery.com\/produkt\/konstantin-bax-windows-to-infinity\/#primaryimage"},"thumbnailUrl":"https:\/\/mumagallery.com\/wp-content\/uploads\/2023\/04\/Windows-to-Infinity-Bax-1.jpg","datePublished":"2023-04-05T06:39:11+00:00","dateModified":"2024-11-27T09:59:43+00:00","description":"Das Manifest des Hamburger K\u00fcnstlers Konstantin Bax. Handgemachte und einzigartige Kunstdrucke und Publikationen | Muma Gallery Eppendorf.","breadcrumb":{"@id":"https:\/\/mumagallery.com\/produkt\/konstantin-bax-windows-to-infinity\/#breadcrumb"},"inLanguage":"en-US","potentialAction":[{"@type":"ReadAction","target":["https:\/\/mumagallery.com\/produkt\/konstantin-bax-windows-to-infinity\/"]}]},{"@type":"ImageObject","inLanguage":"en-US","@id":"https:\/\/mumagallery.com\/produkt\/konstantin-bax-windows-to-infinity\/#primaryimage","url":"https:\/\/mumagallery.com\/wp-content\/uploads\/2023\/04\/Windows-to-Infinity-Bax-1.jpg","contentUrl":"https:\/\/mumagallery.com\/wp-content\/uploads\/2023\/04\/Windows-to-Infinity-Bax-1.jpg","width":643,"height":900},{"@type":"BreadcrumbList","@id":"https:\/\/mumagallery.com\/produkt\/konstantin-bax-windows-to-infinity\/#breadcrumb","itemListElement":[{"@type":"ListItem","position":1,"name":"Home","item":"https:\/\/mumagallery.com\/"},{"@type":"ListItem","position":2,"name":"MUMA Gallery Shop","item":"https:\/\/mumagallery.com\/available-art\/"},{"@type":"ListItem","position":3,"name":"Konstantin Bax \/ Windows to Infinity"}]},{"@type":"WebSite","@id":"https:\/\/mumagallery.com\/#website","url":"https:\/\/mumagallery.com\/","name":"Muma Gallery","description":"Just great art from Hamburg","publisher":{"@id":"https:\/\/mumagallery.com\/#organization"},"potentialAction":[{"@type":"SearchAction","target":{"@type":"EntryPoint","urlTemplate":"https:\/\/mumagallery.com\/?s={search_term_string}"},"query-input":{"@type":"PropertyValueSpecification","valueRequired":true,"valueName":"search_term_string"}}],"inLanguage":"en-US"},{"@type":"Organization","@id":"https:\/\/mumagallery.com\/#organization","name":"Muma Gallery","url":"https:\/\/mumagallery.com\/","logo":{"@type":"ImageObject","inLanguage":"en-US","@id":"https:\/\/mumagallery.com\/#\/schema\/logo\/image\/","url":"https:\/\/mumagallery.com\/wp-content\/uploads\/2022\/11\/cropped-Logo2.png","contentUrl":"https:\/\/mumagallery.com\/wp-content\/uploads\/2022\/11\/cropped-Logo2.png","width":200,"height":80,"caption":"Muma Gallery"},"image":{"@id":"https:\/\/mumagallery.com\/#\/schema\/logo\/image\/"}}]}},"_links":{"self":[{"href":"https:\/\/mumagallery.com\/en\/wp-json\/wp\/v2\/product\/1239","targetHints":{"allow":["GET"]}}],"collection":[{"href":"https:\/\/mumagallery.com\/en\/wp-json\/wp\/v2\/product"}],"about":[{"href":"https:\/\/mumagallery.com\/en\/wp-json\/wp\/v2\/types\/product"}],"wp:featuredmedia":[{"embeddable":true,"href":"https:\/\/mumagallery.com\/en\/wp-json\/wp\/v2\/media\/1240"}],"wp:attachment":[{"href":"https:\/\/mumagallery.com\/en\/wp-json\/wp\/v2\/media?parent=1239"}],"wp:term":[{"taxonomy":"product_brand","embeddable":true,"href":"https:\/\/mumagallery.com\/en\/wp-json\/wp\/v2\/product_brand?post=1239"},{"taxonomy":"product_cat","embeddable":true,"href":"https:\/\/mumagallery.com\/en\/wp-json\/wp\/v2\/product_cat?post=1239"},{"taxonomy":"product_tag","embeddable":true,"href":"https:\/\/mumagallery.com\/en\/wp-json\/wp\/v2\/product_tag?post=1239"}],"curies":[{"name":"wp","href":"https:\/\/api.w.org\/{rel}","templated":true}]}}