{"id":970,"date":"2023-02-08T21:46:12","date_gmt":"2023-02-08T20:46:12","guid":{"rendered":"https:\/\/mumagallery.com\/?page_id=970"},"modified":"2026-03-16T18:23:18","modified_gmt":"2026-03-16T17:23:18","slug":"rsvp","status":"publish","type":"page","link":"https:\/\/mumagallery.com\/en\/rsvp\/","title":{"rendered":"RSVP &#8211; &#8222;Mindpilot&#8220; Private Preview"},"content":{"rendered":"\n<div style=\"height:43px\" aria-hidden=\"true\" class=\"wp-block-spacer\"><\/div>\n\n\n\n<div class=\"wp-block-media-text has-media-on-the-right is-stacked-on-mobile is-vertically-aligned-top\" style=\"grid-template-columns:auto 40%\"><div class=\"wp-block-media-text__content\">\n<div style=\"height:70px\" aria-hidden=\"true\" class=\"wp-block-spacer\"><\/div>\n\n\n\n<p class=\"has-text-align-justify\">Wir freuen uns sehr darauf, Dich bei der Private Preview von Daniel Freakers Ausstellung &#8222;mindpilot&#8220; begr\u00fc\u00dfen zu d\u00fcrfen. Mehr Infos zur Ausstellung findest Du <a href=\"https:\/\/mumagallery.com\/ausstellungen\/mind-pilot\/\" target=\"_blank\" rel=\"noreferrer noopener\">hier<\/a>. <\/p>\n\n\n\n<p class=\"has-text-align-justify\"><strong>Bitte melde Dich dazu hier an<\/strong>. Die G\u00e4steanzahl f\u00fcr dieses Event ist limitiert. <\/p>\n\n\n\n<div style=\"height:48px\" aria-hidden=\"true\" class=\"wp-block-spacer\"><\/div>\n\n\n\n<p>T I M E T A B L E<\/p>\n\n\n<style>.wp-block-kadence-spacer.kt-block-spacer-970_b8c49a-39 .kt-block-spacer{height:34px;}.wp-block-kadence-spacer.kt-block-spacer-970_b8c49a-39 .kt-divider{border-top-width:1px;height:1px;border-top-color:#eee;width:100%;border-top-style:solid;}<\/style>\n<div class=\"wp-block-kadence-spacer aligncenter kt-block-spacer-970_b8c49a-39\"><div class=\"kt-block-spacer kt-block-spacer-halign-center\"><hr class=\"kt-divider\"\/><\/div><\/div>\n\n\n\n<div style=\"height:30px\" aria-hidden=\"true\" class=\"wp-block-spacer\"><\/div>\n\n\n\n<p><strong>Private Preview<\/strong> | 16.04.26 ab 18:00 Uhr<\/p>\n\n\n\n<p><strong>Offizielle Vernissage<\/strong> &amp; Artparty | 18.04.26 ab 19:00 Uhr<\/p>\n\n\n\n<div style=\"height:40px\" aria-hidden=\"true\" class=\"wp-block-spacer\"><\/div>\n\n\n\n<div class=\"wpforms-container wpforms-container-full\" id=\"wpforms-3579\"><form id=\"wpforms-form-3579\" class=\"wpforms-validate wpforms-form wpforms-ajax-form\" data-formid=\"3579\" method=\"post\" enctype=\"multipart\/form-data\" action=\"\/en\/wp-json\/wp\/v2\/pages\/970\" data-token=\"4c230ae52fb5a33510344c834bab2b48\" data-token-time=\"1775667281\"><noscript class=\"wpforms-error-noscript\">Please enable JavaScript in your browser to complete this form.<\/noscript><div class=\"wpforms-field-container\"><div id=\"wpforms-3579-field_1-container\" class=\"wpforms-field wpforms-field-text\" data-field-id=\"1\"><label class=\"wpforms-field-label\" for=\"wpforms-3579-field_1\">Name:<\/label><input type=\"text\" id=\"wpforms-3579-field_1\" class=\"wpforms-field-medium\" name=\"wpforms[fields][1]\" ><\/div>\t\t<div id=\"wpforms-3579-field_4-container\"\n\t\t\tclass=\"wpforms-field wpforms-field-text\"\n\t\t\tdata-field-type=\"text\"\n\t\t\tdata-field-id=\"4\"\n\t\t\t>\n\t\t\t<label class=\"wpforms-field-label\" for=\"wpforms-3579-field_4\" >mit? E-Mail: viele<\/label>\n\t\t\t<input type=\"text\" id=\"wpforms-3579-field_4\" class=\"wpforms-field-medium\" name=\"wpforms[fields][4]\" >\n\t\t<\/div>\n\t\t<div id=\"wpforms-3579-field_2-container\" class=\"wpforms-field wpforms-field-text\" data-field-id=\"2\"><label class=\"wpforms-field-label\" for=\"wpforms-3579-field_2\">E-Mail:<\/label><input type=\"text\" id=\"wpforms-3579-field_2\" class=\"wpforms-field-medium\" name=\"wpforms[fields][2]\" ><\/div><div id=\"wpforms-3579-field_3-container\" class=\"wpforms-field wpforms-field-select wpforms-field-select-style-classic\" data-field-id=\"3\"><label class=\"wpforms-field-label\" for=\"wpforms-3579-field_3\">Wie viele G\u00e4ste bringst Du mit?<\/label><select id=\"wpforms-3579-field_3\" class=\"wpforms-field-medium\" name=\"wpforms[fields][3]\"><option value=\"0\"  class=\"choice-1 depth-1\"  >0<\/option><option value=\"1\"  class=\"choice-4 depth-1\"  >1<\/option><option value=\"2+\"  class=\"choice-2 depth-1\"  >2+<\/option><\/select><\/div><script>\n\t\t\t\t( function() {\n\t\t\t\t\tconst style = document.createElement( 'style' );\n\t\t\t\t\tstyle.appendChild( document.createTextNode( '#wpforms-3579-field_4-container { position: absolute !important; overflow: hidden !important; display: inline !important; height: 1px !important; width: 1px !important; z-index: -1000 !important; padding: 0 !important; } #wpforms-3579-field_4-container input { visibility: hidden; } #wpforms-conversational-form-page #wpforms-3579-field_4-container label { counter-increment: none; }' ) );\n\t\t\t\t\tdocument.head.appendChild( style );\n\t\t\t\t\tdocument.currentScript?.remove();\n\t\t\t\t} )();\n\t\t\t<\/script><\/div><!-- .wpforms-field-container --><div class=\"wpforms-submit-container\" ><input type=\"hidden\" name=\"wpforms[id]\" value=\"3579\"><input type=\"hidden\" name=\"page_title\" value=\"\"><input type=\"hidden\" name=\"page_url\" value=\"https:\/\/mumagallery.com\/en\/wp-json\/wp\/v2\/pages\/970\"><input type=\"hidden\" name=\"url_referer\" value=\"\"><button type=\"submit\" name=\"wpforms[submit]\" id=\"wpforms-submit-3579\" class=\"wpforms-submit\" data-alt-text=\"Sending...\" data-submit-text=\"Submit\" aria-live=\"assertive\" value=\"wpforms-submit\">Submit<\/button><img decoding=\"async\" data-src=\"https:\/\/mumagallery.com\/wp-content\/plugins\/wpforms-lite\/assets\/images\/submit-spin.svg\" class=\"wpforms-submit-spinner lazyload\" style=\"--smush-placeholder-width: 26px; --smush-placeholder-aspect-ratio: 26\/26;display: none;\" width=\"26\" height=\"26\" alt=\"Loading\" src=\"data:image\/svg+xml;base64,PHN2ZyB3aWR0aD0iMSIgaGVpZ2h0PSIxIiB4bWxucz0iaHR0cDovL3d3dy53My5vcmcvMjAwMC9zdmciPjwvc3ZnPg==\"><\/div><\/form><\/div>  <!-- .wpforms-container -->\n<\/div><figure class=\"wp-block-media-text__media\"><img decoding=\"async\" width=\"639\" height=\"800\" data-src=\"https:\/\/mumagallery.com\/wp-content\/uploads\/2026\/03\/FreakerWeb8.jpg\" alt=\"\" class=\"wp-image-3582 size-full lazyload\" data-srcset=\"https:\/\/mumagallery.com\/wp-content\/uploads\/2026\/03\/FreakerWeb8.jpg 639w, https:\/\/mumagallery.com\/wp-content\/uploads\/2026\/03\/FreakerWeb8-240x300.jpg 240w, https:\/\/mumagallery.com\/wp-content\/uploads\/2026\/03\/FreakerWeb8-100x125.jpg 100w, https:\/\/mumagallery.com\/wp-content\/uploads\/2026\/03\/FreakerWeb8-10x12.jpg 10w, https:\/\/mumagallery.com\/wp-content\/uploads\/2026\/03\/FreakerWeb8-520x651.jpg 520w, https:\/\/mumagallery.com\/wp-content\/uploads\/2026\/03\/FreakerWeb8-360x451.jpg 360w, https:\/\/mumagallery.com\/wp-content\/uploads\/2026\/03\/FreakerWeb8-250x313.jpg 250w, https:\/\/mumagallery.com\/wp-content\/uploads\/2026\/03\/FreakerWeb8-600x751.jpg 600w\" data-sizes=\"(max-width: 639px) 100vw, 639px\" src=\"data:image\/svg+xml;base64,PHN2ZyB3aWR0aD0iMSIgaGVpZ2h0PSIxIiB4bWxucz0iaHR0cDovL3d3dy53My5vcmcvMjAwMC9zdmciPjwvc3ZnPg==\" style=\"--smush-placeholder-width: 639px; --smush-placeholder-aspect-ratio: 639\/800;\" \/><\/figure><\/div>\n\n\n\n<div style=\"height:70px\" aria-hidden=\"true\" class=\"wp-block-spacer\"><\/div>\n\n\n\n<div style=\"height:60px\" aria-hidden=\"true\" class=\"wp-block-spacer\"><\/div>\n\n\n\n<p class=\"has-text-align-center\"><strong>MUMA Gallery<\/strong><\/p>\n\n\n\n<p class=\"has-text-align-center\">Eppendorfer Weg 235 | 20251 Hamburg <\/p>\n\n\n\n<p class=\"has-text-align-center\">fon: +49 (0)40 49 4499 55 | mail: info@mumagallery.com<\/p>\n","protected":false},"excerpt":{"rendered":"<p>MUMA Gallery Eppendorfer Weg 235 | 20251 Hamburg fon: +49 (0)40 49 4499 55 | mail: info@mumagallery.com<\/p>","protected":false},"author":1,"featured_media":0,"parent":0,"menu_order":0,"comment_status":"closed","ping_status":"closed","template":"","meta":{"_editorskit_title_hidden":false,"_editorskit_reading_time":1,"_editorskit_is_block_options_detached":false,"_editorskit_block_options_position":"{}","footnotes":""},"class_list":["post-970","page","type-page","status-publish","hentry","clearfix"],"yoast_head":"<!-- This site is optimized with the Yoast SEO plugin v27.2 - https:\/\/yoast.com\/product\/yoast-seo-wordpress\/ -->\n<title>RSVP - &quot;Mindpilot&quot; Private Preview - Muma Gallery<\/title>\n<meta name=\"description\" content=\"Connect your [he]:art\" \/>\n<meta name=\"robots\" content=\"index, follow, max-snippet:-1, max-image-preview:large, max-video-preview:-1\" \/>\n<link rel=\"canonical\" href=\"https:\/\/mumagallery.com\/en\/rsvp\/\" \/>\n<meta property=\"og:locale\" content=\"en_US\" \/>\n<meta property=\"og:type\" content=\"article\" \/>\n<meta property=\"og:title\" content=\"RSVP - &quot;Mindpilot&quot; Private Preview - Muma Gallery\" \/>\n<meta property=\"og:description\" content=\"Connect your [he]:art\" \/>\n<meta property=\"og:url\" content=\"https:\/\/mumagallery.com\/en\/rsvp\/\" \/>\n<meta property=\"og:site_name\" content=\"Muma Gallery\" \/>\n<meta property=\"article:modified_time\" content=\"2026-03-16T17:23:18+00:00\" \/>\n<meta property=\"og:image\" content=\"https:\/\/mumagallery.com\/wp-content\/uploads\/2026\/03\/FreakerWeb8.jpg\" \/>\n<meta name=\"twitter:card\" content=\"summary_large_image\" \/>\n<meta name=\"twitter:label1\" content=\"Est. reading time\" \/>\n\t<meta name=\"twitter:data1\" content=\"1 minute\" \/>\n<script type=\"application\/ld+json\" class=\"yoast-schema-graph\">{\"@context\":\"https:\/\/schema.org\",\"@graph\":[{\"@type\":\"WebPage\",\"@id\":\"https:\/\/mumagallery.com\/rsvp\/\",\"url\":\"https:\/\/mumagallery.com\/rsvp\/\",\"name\":\"RSVP - \\\"Mindpilot\\\" Private Preview - Muma Gallery\",\"isPartOf\":{\"@id\":\"https:\/\/mumagallery.com\/#website\"},\"primaryImageOfPage\":{\"@id\":\"https:\/\/mumagallery.com\/rsvp\/#primaryimage\"},\"image\":{\"@id\":\"https:\/\/mumagallery.com\/rsvp\/#primaryimage\"},\"thumbnailUrl\":\"https:\/\/mumagallery.com\/wp-content\/uploads\/2026\/03\/FreakerWeb8.jpg\",\"datePublished\":\"2023-02-08T20:46:12+00:00\",\"dateModified\":\"2026-03-16T17:23:18+00:00\",\"description\":\"Connect your [he]:art\",\"breadcrumb\":{\"@id\":\"https:\/\/mumagallery.com\/rsvp\/#breadcrumb\"},\"inLanguage\":\"en-US\",\"potentialAction\":[{\"@type\":\"ReadAction\",\"target\":[\"https:\/\/mumagallery.com\/rsvp\/\"]}]},{\"@type\":\"ImageObject\",\"inLanguage\":\"en-US\",\"@id\":\"https:\/\/mumagallery.com\/rsvp\/#primaryimage\",\"url\":\"https:\/\/mumagallery.com\/wp-content\/uploads\/2026\/03\/FreakerWeb8.jpg\",\"contentUrl\":\"https:\/\/mumagallery.com\/wp-content\/uploads\/2026\/03\/FreakerWeb8.jpg\"},{\"@type\":\"BreadcrumbList\",\"@id\":\"https:\/\/mumagallery.com\/rsvp\/#breadcrumb\",\"itemListElement\":[{\"@type\":\"ListItem\",\"position\":1,\"name\":\"Home\",\"item\":\"https:\/\/mumagallery.com\/\"},{\"@type\":\"ListItem\",\"position\":2,\"name\":\"RSVP &#8211; &#8220;Mindpilot&#8221; Private Preview\"}]},{\"@type\":\"WebSite\",\"@id\":\"https:\/\/mumagallery.com\/#website\",\"url\":\"https:\/\/mumagallery.com\/\",\"name\":\"Muma Gallery\",\"description\":\"Just great art from Hamburg\",\"publisher\":{\"@id\":\"https:\/\/mumagallery.com\/#organization\"},\"potentialAction\":[{\"@type\":\"SearchAction\",\"target\":{\"@type\":\"EntryPoint\",\"urlTemplate\":\"https:\/\/mumagallery.com\/?s={search_term_string}\"},\"query-input\":{\"@type\":\"PropertyValueSpecification\",\"valueRequired\":true,\"valueName\":\"search_term_string\"}}],\"inLanguage\":\"en-US\"},{\"@type\":\"Organization\",\"@id\":\"https:\/\/mumagallery.com\/#organization\",\"name\":\"Muma Gallery\",\"url\":\"https:\/\/mumagallery.com\/\",\"logo\":{\"@type\":\"ImageObject\",\"inLanguage\":\"en-US\",\"@id\":\"https:\/\/mumagallery.com\/#\/schema\/logo\/image\/\",\"url\":\"https:\/\/mumagallery.com\/wp-content\/uploads\/2022\/11\/cropped-Logo2.png\",\"contentUrl\":\"https:\/\/mumagallery.com\/wp-content\/uploads\/2022\/11\/cropped-Logo2.png\",\"width\":200,\"height\":80,\"caption\":\"Muma Gallery\"},\"image\":{\"@id\":\"https:\/\/mumagallery.com\/#\/schema\/logo\/image\/\"}}]}<\/script>\n<!-- \/ Yoast SEO plugin. -->","yoast_head_json":{"title":"RSVP - \"Mindpilot\" Private Preview - Muma Gallery","description":"Connect your [he]:art","robots":{"index":"index","follow":"follow","max-snippet":"max-snippet:-1","max-image-preview":"max-image-preview:large","max-video-preview":"max-video-preview:-1"},"canonical":"https:\/\/mumagallery.com\/en\/rsvp\/","og_locale":"en_US","og_type":"article","og_title":"RSVP - \"Mindpilot\" Private Preview - Muma Gallery","og_description":"Connect your [he]:art","og_url":"https:\/\/mumagallery.com\/en\/rsvp\/","og_site_name":"Muma Gallery","article_modified_time":"2026-03-16T17:23:18+00:00","og_image":[{"url":"https:\/\/mumagallery.com\/wp-content\/uploads\/2026\/03\/FreakerWeb8.jpg","type":"","width":"","height":""}],"twitter_card":"summary_large_image","twitter_misc":{"Est. reading time":"1 minute"},"schema":{"@context":"https:\/\/schema.org","@graph":[{"@type":"WebPage","@id":"https:\/\/mumagallery.com\/rsvp\/","url":"https:\/\/mumagallery.com\/rsvp\/","name":"RSVP - \"Mindpilot\" Private Preview - Muma Gallery","isPartOf":{"@id":"https:\/\/mumagallery.com\/#website"},"primaryImageOfPage":{"@id":"https:\/\/mumagallery.com\/rsvp\/#primaryimage"},"image":{"@id":"https:\/\/mumagallery.com\/rsvp\/#primaryimage"},"thumbnailUrl":"https:\/\/mumagallery.com\/wp-content\/uploads\/2026\/03\/FreakerWeb8.jpg","datePublished":"2023-02-08T20:46:12+00:00","dateModified":"2026-03-16T17:23:18+00:00","description":"Connect your [he]:art","breadcrumb":{"@id":"https:\/\/mumagallery.com\/rsvp\/#breadcrumb"},"inLanguage":"en-US","potentialAction":[{"@type":"ReadAction","target":["https:\/\/mumagallery.com\/rsvp\/"]}]},{"@type":"ImageObject","inLanguage":"en-US","@id":"https:\/\/mumagallery.com\/rsvp\/#primaryimage","url":"https:\/\/mumagallery.com\/wp-content\/uploads\/2026\/03\/FreakerWeb8.jpg","contentUrl":"https:\/\/mumagallery.com\/wp-content\/uploads\/2026\/03\/FreakerWeb8.jpg"},{"@type":"BreadcrumbList","@id":"https:\/\/mumagallery.com\/rsvp\/#breadcrumb","itemListElement":[{"@type":"ListItem","position":1,"name":"Home","item":"https:\/\/mumagallery.com\/"},{"@type":"ListItem","position":2,"name":"RSVP &#8211; &#8220;Mindpilot&#8221; Private Preview"}]},{"@type":"WebSite","@id":"https:\/\/mumagallery.com\/#website","url":"https:\/\/mumagallery.com\/","name":"Muma Gallery","description":"Just great art from Hamburg","publisher":{"@id":"https:\/\/mumagallery.com\/#organization"},"potentialAction":[{"@type":"SearchAction","target":{"@type":"EntryPoint","urlTemplate":"https:\/\/mumagallery.com\/?s={search_term_string}"},"query-input":{"@type":"PropertyValueSpecification","valueRequired":true,"valueName":"search_term_string"}}],"inLanguage":"en-US"},{"@type":"Organization","@id":"https:\/\/mumagallery.com\/#organization","name":"Muma Gallery","url":"https:\/\/mumagallery.com\/","logo":{"@type":"ImageObject","inLanguage":"en-US","@id":"https:\/\/mumagallery.com\/#\/schema\/logo\/image\/","url":"https:\/\/mumagallery.com\/wp-content\/uploads\/2022\/11\/cropped-Logo2.png","contentUrl":"https:\/\/mumagallery.com\/wp-content\/uploads\/2022\/11\/cropped-Logo2.png","width":200,"height":80,"caption":"Muma Gallery"},"image":{"@id":"https:\/\/mumagallery.com\/#\/schema\/logo\/image\/"}}]}},"_links":{"self":[{"href":"https:\/\/mumagallery.com\/en\/wp-json\/wp\/v2\/pages\/970","targetHints":{"allow":["GET"]}}],"collection":[{"href":"https:\/\/mumagallery.com\/en\/wp-json\/wp\/v2\/pages"}],"about":[{"href":"https:\/\/mumagallery.com\/en\/wp-json\/wp\/v2\/types\/page"}],"author":[{"embeddable":true,"href":"https:\/\/mumagallery.com\/en\/wp-json\/wp\/v2\/users\/1"}],"replies":[{"embeddable":true,"href":"https:\/\/mumagallery.com\/en\/wp-json\/wp\/v2\/comments?post=970"}],"version-history":[{"count":0,"href":"https:\/\/mumagallery.com\/en\/wp-json\/wp\/v2\/pages\/970\/revisions"}],"wp:attachment":[{"href":"https:\/\/mumagallery.com\/en\/wp-json\/wp\/v2\/media?parent=970"}],"curies":[{"name":"wp","href":"https:\/\/api.w.org\/{rel}","templated":true}]}}