{"id":3421,"date":"2025-09-07T13:45:57","date_gmt":"2025-09-07T11:45:57","guid":{"rendered":"https:\/\/mumagallery.com\/?page_id=3421"},"modified":"2025-10-13T10:11:27","modified_gmt":"2025-10-13T08:11:27","slug":"rsvp-legends","status":"publish","type":"page","link":"https:\/\/mumagallery.com\/en\/rsvp-legends\/","title":{"rendered":"RSVP &#8211; Legends Private Preview"},"content":{"rendered":"<div style=\"height:43px\" aria-hidden=\"true\" class=\"wp-block-spacer\"><\/div>\n\n\n\n<div class=\"wp-block-media-text has-media-on-the-right is-stacked-on-mobile is-vertically-aligned-top\" style=\"grid-template-columns:auto 40%\"><div class=\"wp-block-media-text__content\">\n<div style=\"height:70px\" aria-hidden=\"true\" class=\"wp-block-spacer\"><\/div>\n\n\n\n<p class=\"has-text-align-justify\">Leider haben wir die maximale G\u00e4steanzahl f\u00fcr die Private Preview am Donnerstag erreicht. Eine Anmeldung ist leider nicht mehr m\u00f6glich.<\/p>\n\n\n\n<p class=\"has-text-align-justify\">Wir freuen uns aber sehr darauf, Dich am Samstag, den 18.10. zur offiziellen <strong>Vernissage &amp; Party<\/strong> begr\u00fc\u00dfen zu d\u00fcrfen.<\/p>\n\n\n\n<div style=\"height:48px\" aria-hidden=\"true\" class=\"wp-block-spacer\"><\/div>\n\n\n\n<p>T I M E T A B L E<\/p>\n\n\n<style>.wp-block-kadence-spacer.kt-block-spacer-3421_09d0cd-b2 .kt-block-spacer{height:21px;}.wp-block-kadence-spacer.kt-block-spacer-3421_09d0cd-b2 .kt-divider{border-top-width:1px;height:1px;border-top-color:#eee;width:100%;border-top-style:solid;}<\/style>\n<div class=\"wp-block-kadence-spacer aligncenter kt-block-spacer-3421_09d0cd-b2\"><div class=\"kt-block-spacer kt-block-spacer-halign-center\"><hr class=\"kt-divider\"\/><\/div><\/div>\n\n\n\n<p><strong>Private Preview<\/strong> | 16.10.25 from 6:00 p.m.<\/p>\n\n\n\n<p><strong>Official Opening<\/strong> | 18.10.25 from 7:00 p.m.<\/p>\n\n\n\n<div style=\"height:40px\" aria-hidden=\"true\" class=\"wp-block-spacer\"><\/div>\n\n\n\n<div style=\"height:30px\" aria-hidden=\"true\" class=\"wp-block-spacer\"><\/div>\n\n\n\n<p><\/p>\n<\/div><figure class=\"wp-block-media-text__media\"><img decoding=\"async\" width=\"525\" height=\"700\" data-src=\"https:\/\/mumagallery.com\/wp-content\/uploads\/2025\/09\/Berry-Behrendt-Legends3.jpg\" alt=\"ausstellung berry behrendt muma gallery hamburg hip hop shootin legends 3\" class=\"wp-image-3413 size-full lazyload\" data-srcset=\"https:\/\/mumagallery.com\/wp-content\/uploads\/2025\/09\/Berry-Behrendt-Legends3.jpg 525w, https:\/\/mumagallery.com\/wp-content\/uploads\/2025\/09\/Berry-Behrendt-Legends3-225x300.jpg 225w, https:\/\/mumagallery.com\/wp-content\/uploads\/2025\/09\/Berry-Behrendt-Legends3-9x12.jpg 9w, https:\/\/mumagallery.com\/wp-content\/uploads\/2025\/09\/Berry-Behrendt-Legends3-520x693.jpg 520w, https:\/\/mumagallery.com\/wp-content\/uploads\/2025\/09\/Berry-Behrendt-Legends3-360x480.jpg 360w, https:\/\/mumagallery.com\/wp-content\/uploads\/2025\/09\/Berry-Behrendt-Legends3-250x333.jpg 250w, https:\/\/mumagallery.com\/wp-content\/uploads\/2025\/09\/Berry-Behrendt-Legends3-100x133.jpg 100w\" data-sizes=\"(max-width: 525px) 100vw, 525px\" src=\"data:image\/svg+xml;base64,PHN2ZyB3aWR0aD0iMSIgaGVpZ2h0PSIxIiB4bWxucz0iaHR0cDovL3d3dy53My5vcmcvMjAwMC9zdmciPjwvc3ZnPg==\" style=\"--smush-placeholder-width: 525px; --smush-placeholder-aspect-ratio: 525\/700;\" \/><\/figure><\/div>\n\n\n\n<div style=\"height:70px\" aria-hidden=\"true\" class=\"wp-block-spacer\"><\/div>\n\n\n\n<div style=\"height:60px\" aria-hidden=\"true\" class=\"wp-block-spacer\"><\/div>\n\n\n\n<p class=\"has-text-align-center\"><strong>MUMA Gallery<\/strong><\/p>\n\n\n\n<p class=\"has-text-align-center\">Eppendorfer Weg 235 | 20251 Hamburg <\/p>\n\n\n\n<p class=\"has-text-align-center\">fon: +49 (0)40 49 4499 55 | mail: info@mumagallery.com<\/p>","protected":false},"excerpt":{"rendered":"<p>MUMA Gallery Eppendorfer Weg 235 | 20251 Hamburg fon: +49 (0)40 49 4499 55 | mail: info@mumagallery.com<\/p>","protected":false},"author":1,"featured_media":0,"parent":0,"menu_order":0,"comment_status":"closed","ping_status":"closed","template":"","meta":{"_editorskit_title_hidden":false,"_editorskit_reading_time":0,"_editorskit_is_block_options_detached":false,"_editorskit_block_options_position":"{}","footnotes":""},"class_list":["post-3421","page","type-page","status-publish","hentry","clearfix"],"yoast_head":"<!-- This site is optimized with the Yoast SEO plugin v27.2 - https:\/\/yoast.com\/product\/yoast-seo-wordpress\/ -->\n<title>RSVP - Legends Private Preview - Muma Gallery<\/title>\n<meta name=\"description\" content=\"Wir freuen uns sehr darauf, Dich bei der Private Preview von Berry Behrendts Ausstellung &quot;Shootin&#039; Legends&quot; begr\u00fc\u00dfen zu d\u00fcrfen.\" \/>\n<meta name=\"robots\" content=\"index, follow, max-snippet:-1, max-image-preview:large, max-video-preview:-1\" \/>\n<link rel=\"canonical\" href=\"https:\/\/mumagallery.com\/en\/rsvp-legends\/\" \/>\n<meta property=\"og:locale\" content=\"en_US\" \/>\n<meta property=\"og:type\" content=\"article\" \/>\n<meta property=\"og:title\" content=\"RSVP - Legends Private Preview - Muma Gallery\" \/>\n<meta property=\"og:description\" content=\"Wir freuen uns sehr darauf, Dich bei der Private Preview von Berry Behrendts Ausstellung &quot;Shootin&#039; Legends&quot; begr\u00fc\u00dfen zu d\u00fcrfen.\" \/>\n<meta property=\"og:url\" content=\"https:\/\/mumagallery.com\/en\/rsvp-legends\/\" \/>\n<meta property=\"og:site_name\" content=\"Muma Gallery\" \/>\n<meta property=\"article:modified_time\" content=\"2025-10-13T08:11:27+00:00\" \/>\n<meta property=\"og:image\" content=\"https:\/\/mumagallery.com\/wp-content\/uploads\/2025\/09\/Berry-Behrendt-Legends3.jpg\" \/>\n\t<meta property=\"og:image:width\" content=\"525\" \/>\n\t<meta property=\"og:image:height\" content=\"700\" \/>\n\t<meta property=\"og:image:type\" content=\"image\/jpeg\" \/>\n<meta name=\"twitter:card\" content=\"summary_large_image\" \/>\n<meta name=\"twitter:label1\" content=\"Est. reading time\" \/>\n\t<meta name=\"twitter:data1\" content=\"1 minute\" \/>\n<script type=\"application\/ld+json\" class=\"yoast-schema-graph\">{\"@context\":\"https:\/\/schema.org\",\"@graph\":[{\"@type\":\"WebPage\",\"@id\":\"https:\/\/mumagallery.com\/rsvp-legends\/\",\"url\":\"https:\/\/mumagallery.com\/rsvp-legends\/\",\"name\":\"RSVP - Legends Private Preview - Muma Gallery\",\"isPartOf\":{\"@id\":\"https:\/\/mumagallery.com\/#website\"},\"primaryImageOfPage\":{\"@id\":\"https:\/\/mumagallery.com\/rsvp-legends\/#primaryimage\"},\"image\":{\"@id\":\"https:\/\/mumagallery.com\/rsvp-legends\/#primaryimage\"},\"thumbnailUrl\":\"https:\/\/mumagallery.com\/wp-content\/uploads\/2025\/09\/Berry-Behrendt-Legends3.jpg\",\"datePublished\":\"2025-09-07T11:45:57+00:00\",\"dateModified\":\"2025-10-13T08:11:27+00:00\",\"description\":\"Wir freuen uns sehr darauf, Dich bei der Private Preview von Berry Behrendts Ausstellung \\\"Shootin' Legends\\\" begr\u00fc\u00dfen zu d\u00fcrfen.\",\"breadcrumb\":{\"@id\":\"https:\/\/mumagallery.com\/rsvp-legends\/#breadcrumb\"},\"inLanguage\":\"en-US\",\"potentialAction\":[{\"@type\":\"ReadAction\",\"target\":[\"https:\/\/mumagallery.com\/rsvp-legends\/\"]}]},{\"@type\":\"ImageObject\",\"inLanguage\":\"en-US\",\"@id\":\"https:\/\/mumagallery.com\/rsvp-legends\/#primaryimage\",\"url\":\"https:\/\/mumagallery.com\/wp-content\/uploads\/2025\/09\/Berry-Behrendt-Legends3.jpg\",\"contentUrl\":\"https:\/\/mumagallery.com\/wp-content\/uploads\/2025\/09\/Berry-Behrendt-Legends3.jpg\"},{\"@type\":\"BreadcrumbList\",\"@id\":\"https:\/\/mumagallery.com\/rsvp-legends\/#breadcrumb\",\"itemListElement\":[{\"@type\":\"ListItem\",\"position\":1,\"name\":\"Home\",\"item\":\"https:\/\/mumagallery.com\/\"},{\"@type\":\"ListItem\",\"position\":2,\"name\":\"RSVP &#8211; Legends Private Preview\"}]},{\"@type\":\"WebSite\",\"@id\":\"https:\/\/mumagallery.com\/#website\",\"url\":\"https:\/\/mumagallery.com\/\",\"name\":\"Muma Gallery\",\"description\":\"Just great art from Hamburg\",\"publisher\":{\"@id\":\"https:\/\/mumagallery.com\/#organization\"},\"potentialAction\":[{\"@type\":\"SearchAction\",\"target\":{\"@type\":\"EntryPoint\",\"urlTemplate\":\"https:\/\/mumagallery.com\/?s={search_term_string}\"},\"query-input\":{\"@type\":\"PropertyValueSpecification\",\"valueRequired\":true,\"valueName\":\"search_term_string\"}}],\"inLanguage\":\"en-US\"},{\"@type\":\"Organization\",\"@id\":\"https:\/\/mumagallery.com\/#organization\",\"name\":\"Muma Gallery\",\"url\":\"https:\/\/mumagallery.com\/\",\"logo\":{\"@type\":\"ImageObject\",\"inLanguage\":\"en-US\",\"@id\":\"https:\/\/mumagallery.com\/#\/schema\/logo\/image\/\",\"url\":\"https:\/\/mumagallery.com\/wp-content\/uploads\/2022\/11\/cropped-Logo2.png\",\"contentUrl\":\"https:\/\/mumagallery.com\/wp-content\/uploads\/2022\/11\/cropped-Logo2.png\",\"width\":200,\"height\":80,\"caption\":\"Muma Gallery\"},\"image\":{\"@id\":\"https:\/\/mumagallery.com\/#\/schema\/logo\/image\/\"}}]}<\/script>\n<!-- \/ Yoast SEO plugin. -->","yoast_head_json":{"title":"RSVP - Legends Private Preview - Muma Gallery","description":"Wir freuen uns sehr darauf, Dich bei der Private Preview von Berry Behrendts Ausstellung \"Shootin' Legends\" begr\u00fc\u00dfen zu d\u00fcrfen.","robots":{"index":"index","follow":"follow","max-snippet":"max-snippet:-1","max-image-preview":"max-image-preview:large","max-video-preview":"max-video-preview:-1"},"canonical":"https:\/\/mumagallery.com\/en\/rsvp-legends\/","og_locale":"en_US","og_type":"article","og_title":"RSVP - Legends Private Preview - Muma Gallery","og_description":"Wir freuen uns sehr darauf, Dich bei der Private Preview von Berry Behrendts Ausstellung \"Shootin' Legends\" begr\u00fc\u00dfen zu d\u00fcrfen.","og_url":"https:\/\/mumagallery.com\/en\/rsvp-legends\/","og_site_name":"Muma Gallery","article_modified_time":"2025-10-13T08:11:27+00:00","og_image":[{"width":525,"height":700,"url":"https:\/\/mumagallery.com\/wp-content\/uploads\/2025\/09\/Berry-Behrendt-Legends3.jpg","type":"image\/jpeg"}],"twitter_card":"summary_large_image","twitter_misc":{"Est. reading time":"1 minute"},"schema":{"@context":"https:\/\/schema.org","@graph":[{"@type":"WebPage","@id":"https:\/\/mumagallery.com\/rsvp-legends\/","url":"https:\/\/mumagallery.com\/rsvp-legends\/","name":"RSVP - Legends Private Preview - Muma Gallery","isPartOf":{"@id":"https:\/\/mumagallery.com\/#website"},"primaryImageOfPage":{"@id":"https:\/\/mumagallery.com\/rsvp-legends\/#primaryimage"},"image":{"@id":"https:\/\/mumagallery.com\/rsvp-legends\/#primaryimage"},"thumbnailUrl":"https:\/\/mumagallery.com\/wp-content\/uploads\/2025\/09\/Berry-Behrendt-Legends3.jpg","datePublished":"2025-09-07T11:45:57+00:00","dateModified":"2025-10-13T08:11:27+00:00","description":"Wir freuen uns sehr darauf, Dich bei der Private Preview von Berry Behrendts Ausstellung \"Shootin' Legends\" begr\u00fc\u00dfen zu d\u00fcrfen.","breadcrumb":{"@id":"https:\/\/mumagallery.com\/rsvp-legends\/#breadcrumb"},"inLanguage":"en-US","potentialAction":[{"@type":"ReadAction","target":["https:\/\/mumagallery.com\/rsvp-legends\/"]}]},{"@type":"ImageObject","inLanguage":"en-US","@id":"https:\/\/mumagallery.com\/rsvp-legends\/#primaryimage","url":"https:\/\/mumagallery.com\/wp-content\/uploads\/2025\/09\/Berry-Behrendt-Legends3.jpg","contentUrl":"https:\/\/mumagallery.com\/wp-content\/uploads\/2025\/09\/Berry-Behrendt-Legends3.jpg"},{"@type":"BreadcrumbList","@id":"https:\/\/mumagallery.com\/rsvp-legends\/#breadcrumb","itemListElement":[{"@type":"ListItem","position":1,"name":"Home","item":"https:\/\/mumagallery.com\/"},{"@type":"ListItem","position":2,"name":"RSVP &#8211; Legends Private Preview"}]},{"@type":"WebSite","@id":"https:\/\/mumagallery.com\/#website","url":"https:\/\/mumagallery.com\/","name":"Muma Gallery","description":"Just great art from Hamburg","publisher":{"@id":"https:\/\/mumagallery.com\/#organization"},"potentialAction":[{"@type":"SearchAction","target":{"@type":"EntryPoint","urlTemplate":"https:\/\/mumagallery.com\/?s={search_term_string}"},"query-input":{"@type":"PropertyValueSpecification","valueRequired":true,"valueName":"search_term_string"}}],"inLanguage":"en-US"},{"@type":"Organization","@id":"https:\/\/mumagallery.com\/#organization","name":"Muma Gallery","url":"https:\/\/mumagallery.com\/","logo":{"@type":"ImageObject","inLanguage":"en-US","@id":"https:\/\/mumagallery.com\/#\/schema\/logo\/image\/","url":"https:\/\/mumagallery.com\/wp-content\/uploads\/2022\/11\/cropped-Logo2.png","contentUrl":"https:\/\/mumagallery.com\/wp-content\/uploads\/2022\/11\/cropped-Logo2.png","width":200,"height":80,"caption":"Muma Gallery"},"image":{"@id":"https:\/\/mumagallery.com\/#\/schema\/logo\/image\/"}}]}},"_links":{"self":[{"href":"https:\/\/mumagallery.com\/en\/wp-json\/wp\/v2\/pages\/3421","targetHints":{"allow":["GET"]}}],"collection":[{"href":"https:\/\/mumagallery.com\/en\/wp-json\/wp\/v2\/pages"}],"about":[{"href":"https:\/\/mumagallery.com\/en\/wp-json\/wp\/v2\/types\/page"}],"author":[{"embeddable":true,"href":"https:\/\/mumagallery.com\/en\/wp-json\/wp\/v2\/users\/1"}],"replies":[{"embeddable":true,"href":"https:\/\/mumagallery.com\/en\/wp-json\/wp\/v2\/comments?post=3421"}],"version-history":[{"count":0,"href":"https:\/\/mumagallery.com\/en\/wp-json\/wp\/v2\/pages\/3421\/revisions"}],"wp:attachment":[{"href":"https:\/\/mumagallery.com\/en\/wp-json\/wp\/v2\/media?parent=3421"}],"curies":[{"name":"wp","href":"https:\/\/api.w.org\/{rel}","templated":true}]}}