{"id":3140,"date":"2025-03-17T14:53:49","date_gmt":"2025-03-17T13:53:49","guid":{"rendered":"https:\/\/mumagallery.com\/?page_id=3140"},"modified":"2025-03-27T16:35:04","modified_gmt":"2025-03-27T15:35:04","slug":"ichso","status":"publish","type":"page","link":"https:\/\/mumagallery.com\/en\/ichso\/","title":{"rendered":"ICHSO"},"content":{"rendered":"<div style=\"height:40px\" aria-hidden=\"true\" class=\"wp-block-spacer\"><\/div>\n\n\n\n<div class=\"wp-block-media-text alignwide is-stacked-on-mobile is-vertically-aligned-top\" style=\"grid-template-columns:39% auto\"><figure class=\"wp-block-media-text__media\"><a href=\"https:\/\/mumagallery.com\/wp-content\/uploads\/2025\/03\/FlyerKerstin2.jpg\" data-rel=\"lightbox-image-0\" data-magnific_type=\"image\" data-rl_title=\"\" data-rl_caption=\"\" title=\"\"><img decoding=\"async\" width=\"724\" height=\"1024\" data-src=\"https:\/\/mumagallery.com\/wp-content\/uploads\/2025\/03\/FlyerKerstin2-724x1024.jpg\" alt=\"\" class=\"wp-image-3126 size-full lazyload\" data-srcset=\"https:\/\/mumagallery.com\/wp-content\/uploads\/2025\/03\/FlyerKerstin2-724x1024.jpg 724w, https:\/\/mumagallery.com\/wp-content\/uploads\/2025\/03\/FlyerKerstin2-212x300.jpg 212w, https:\/\/mumagallery.com\/wp-content\/uploads\/2025\/03\/FlyerKerstin2-768x1086.jpg 768w, https:\/\/mumagallery.com\/wp-content\/uploads\/2025\/03\/FlyerKerstin2-8x12.jpg 8w, https:\/\/mumagallery.com\/wp-content\/uploads\/2025\/03\/FlyerKerstin2-700x990.jpg 700w, https:\/\/mumagallery.com\/wp-content\/uploads\/2025\/03\/FlyerKerstin2-520x735.jpg 520w, https:\/\/mumagallery.com\/wp-content\/uploads\/2025\/03\/FlyerKerstin2-360x509.jpg 360w, https:\/\/mumagallery.com\/wp-content\/uploads\/2025\/03\/FlyerKerstin2-250x354.jpg 250w, https:\/\/mumagallery.com\/wp-content\/uploads\/2025\/03\/FlyerKerstin2-100x141.jpg 100w, https:\/\/mumagallery.com\/wp-content\/uploads\/2025\/03\/FlyerKerstin2-600x848.jpg 600w, https:\/\/mumagallery.com\/wp-content\/uploads\/2025\/03\/FlyerKerstin2.jpg 990w\" data-sizes=\"(max-width: 724px) 100vw, 724px\" src=\"data:image\/svg+xml;base64,PHN2ZyB3aWR0aD0iMSIgaGVpZ2h0PSIxIiB4bWxucz0iaHR0cDovL3d3dy53My5vcmcvMjAwMC9zdmciPjwvc3ZnPg==\" style=\"--smush-placeholder-width: 724px; --smush-placeholder-aspect-ratio: 724\/1024;\" \/><\/a><\/figure><div class=\"wp-block-media-text__content\">\n<h2 class=\"wp-block-heading has-text-align-right\">05.04.2025 bis 04.05.2025<\/h2>\n\n\n\n<p class=\"has-text-align-right\"><strong>Kerstin Behrendt<\/strong> &#8211; <strong>&#8222;ICHSO&#8220;<\/strong> <\/p>\n\n\n\n<p class=\"has-text-align-right\">Vernissage am 05. April ab 19:00 Uhr<\/p>\n\n\n<style>.wp-block-kadence-spacer.kt-block-spacer-3140_79a8df-5e .kt-block-spacer{height:60px;}.wp-block-kadence-spacer.kt-block-spacer-3140_79a8df-5e .kt-divider{border-top-width:1px;height:1px;border-top-color:#eeeeee;width:100%;border-top-style:solid;}<\/style>\n<div class=\"wp-block-kadence-spacer aligncenter kt-block-spacer-3140_79a8df-5e\"><div class=\"kt-block-spacer kt-block-spacer-halign-center\"><hr class=\"kt-divider\"\/><\/div><\/div>\n\n\n\n<p class=\"has-text-align-justify\">Wir freuen uns sehr, Kerstin Behrendt \u2013 Fotografin, Kuratorin und K\u00fcnstlerin \u2013 mit ihrer ersten Soloausstellung \u201cIchSo\u201d in der Muma Gallery begr\u00fc\u00dfen zu d\u00fcrfen. <\/p>\n\n\n\n<p class=\"has-text-align-justify\">Kerstin Behrendt's works, predominantly contemporary portraits, captivate with their vibrant colors and expressive technique. Using acrylic and oil paints, she creates pictures that develop a unique dynamic through their sometimes pop-like, colorful and roughly painted application of paint.<\/p>\n\n\n\n<div style=\"height:30px\" aria-hidden=\"true\" class=\"wp-block-spacer\"><\/div>\n\n\n\n<p class=\"has-text-align-right\"><\/p>\n<\/div><\/div>\n\n\n\n<div style=\"height:18px\" aria-hidden=\"true\" class=\"wp-block-spacer\"><\/div>\n\n\n\n<div class=\"wp-block-media-text alignwide has-media-on-the-right is-stacked-on-mobile is-vertically-aligned-center\" style=\"grid-template-columns:auto 27%\"><div class=\"wp-block-media-text__content\">\n<div style=\"height:30px\" aria-hidden=\"true\" class=\"wp-block-spacer\"><\/div>\n\n\n\n<p class=\"has-text-align-justify\">In ihren eigenen Worten: \u201eIn meinen Bildern geht es nicht um realistische Portr\u00e4ts der Personen, sondern haupts\u00e4chlich um Emotionen und Gef\u00fchlszust\u00e4nde, die aus meiner Perspektive, die ja durchaus auch subjektiv ist, hervorgebracht werden.\u201c<\/p>\n\n\n\n<p class=\"has-text-align-justify\"><strong>Kerstin Behrendt<\/strong>&nbsp;\u2013 geboren in Hamburg \u2013 studierte visuelle Kommunikation an der HAW Hamburg und war Teil der ersten internationalen B\u00fchnenklasse nach Oskar Schlemmer am Bauhaus Dessau. Seit 1990 arbeitet sie in den Bereichen Konzeptkunst, Grafik und Fotografie. Von 1990 bis 1993 betrieb sie die Galerie KM 235 und lebte von 1992 bis 1998 im K\u00fcnstlerhaus Vorwerkstift. Sie war langj\u00e4hriges Mitglied von KX Kunst auf Kampnagel und ist seit 2018 Mitglied im <strong>Westwerk e.V.<\/strong>&nbsp;in Hamburg, wo sie ihr Atelier hat und sich intensiv der Malerei widmet.<\/p>\n\n\n\n<p class=\"has-text-align-justify\">Aktuell ist sie im Bereich der ArtOff-Kunst\u00a0im Westwerk e.V. t\u00e4tig. Zu ihren j\u00fcngsten bedeutenden Projekten im \u00f6ffentlichen Raum geh\u00f6ren \u201e<strong>Emotional Sculpture<\/strong>\u201c \u2013 ein dialogisches Experiment, das Malerei, Fotografie, Objekte, Zeichnungen, Installationen und Performance vereint \u2013 sowie \u201e<strong>Save Space<\/strong>\u201c, eine Fotoprojektion f\u00fcr das Reclaim the Fleet Festival\u00a0im Rahmen von <strong>ArtOff<\/strong> Hamburg.<\/p>\n<\/div><figure class=\"wp-block-media-text__media\"><a href=\"https:\/\/mumagallery.com\/wp-content\/uploads\/2025\/03\/web2.jpg\" data-rel=\"lightbox-image-1\" data-magnific_type=\"image\" data-rl_title=\"\" data-rl_caption=\"\" title=\"\"><img decoding=\"async\" width=\"625\" height=\"900\" data-src=\"https:\/\/mumagallery.com\/wp-content\/uploads\/2025\/03\/web2.jpg\" alt=\"\" class=\"wp-image-3142 size-full lazyload\" data-srcset=\"https:\/\/mumagallery.com\/wp-content\/uploads\/2025\/03\/web2.jpg 625w, https:\/\/mumagallery.com\/wp-content\/uploads\/2025\/03\/web2-208x300.jpg 208w, https:\/\/mumagallery.com\/wp-content\/uploads\/2025\/03\/web2-8x12.jpg 8w, https:\/\/mumagallery.com\/wp-content\/uploads\/2025\/03\/web2-520x749.jpg 520w, https:\/\/mumagallery.com\/wp-content\/uploads\/2025\/03\/web2-360x518.jpg 360w, https:\/\/mumagallery.com\/wp-content\/uploads\/2025\/03\/web2-250x360.jpg 250w, https:\/\/mumagallery.com\/wp-content\/uploads\/2025\/03\/web2-100x144.jpg 100w, https:\/\/mumagallery.com\/wp-content\/uploads\/2025\/03\/web2-600x864.jpg 600w\" data-sizes=\"(max-width: 625px) 100vw, 625px\" src=\"data:image\/svg+xml;base64,PHN2ZyB3aWR0aD0iMSIgaGVpZ2h0PSIxIiB4bWxucz0iaHR0cDovL3d3dy53My5vcmcvMjAwMC9zdmciPjwvc3ZnPg==\" style=\"--smush-placeholder-width: 625px; --smush-placeholder-aspect-ratio: 625\/900;\" \/><\/a><\/figure><\/div>\n\n\n\n<div style=\"height:54px\" aria-hidden=\"true\" class=\"wp-block-spacer\"><\/div>\n\n\n\n<div class=\"wp-block-media-text is-stacked-on-mobile\" style=\"grid-template-columns:26% auto\"><figure class=\"wp-block-media-text__media\"><img decoding=\"async\" width=\"706\" height=\"900\" data-src=\"https:\/\/mumagallery.com\/wp-content\/uploads\/2025\/03\/web1.jpg\" alt=\"\" class=\"wp-image-3141 size-full lazyload\" data-srcset=\"https:\/\/mumagallery.com\/wp-content\/uploads\/2025\/03\/web1.jpg 706w, https:\/\/mumagallery.com\/wp-content\/uploads\/2025\/03\/web1-235x300.jpg 235w, https:\/\/mumagallery.com\/wp-content\/uploads\/2025\/03\/web1-9x12.jpg 9w, https:\/\/mumagallery.com\/wp-content\/uploads\/2025\/03\/web1-700x892.jpg 700w, https:\/\/mumagallery.com\/wp-content\/uploads\/2025\/03\/web1-520x663.jpg 520w, https:\/\/mumagallery.com\/wp-content\/uploads\/2025\/03\/web1-360x459.jpg 360w, https:\/\/mumagallery.com\/wp-content\/uploads\/2025\/03\/web1-250x319.jpg 250w, https:\/\/mumagallery.com\/wp-content\/uploads\/2025\/03\/web1-100x127.jpg 100w, https:\/\/mumagallery.com\/wp-content\/uploads\/2025\/03\/web1-600x765.jpg 600w\" data-sizes=\"(max-width: 706px) 100vw, 706px\" src=\"data:image\/svg+xml;base64,PHN2ZyB3aWR0aD0iMSIgaGVpZ2h0PSIxIiB4bWxucz0iaHR0cDovL3d3dy53My5vcmcvMjAwMC9zdmciPjwvc3ZnPg==\" style=\"--smush-placeholder-width: 706px; --smush-placeholder-aspect-ratio: 706\/900;\" \/><\/figure><div class=\"wp-block-media-text__content\">\n\n\n<p class=\"has-text-align-justify\">Kerstin Behrendts Werk zeichnet sich durch interdisziplin\u00e4re Ans\u00e4tze und die Auseinandersetzung mit Identit\u00e4t, Emotionen und Prozessen aus. Wir laden Dich herzlich ein, die emotionale Tiefe ihrer Werke bei uns in der MUMA Gallery zu entdecken.<\/p>\n  <p class=\"has-text-align-justify\"><strong>Zus\u00e4tzlich zu den regul\u00e4ren \u00d6ffnungszeiten, donnerstags und freitags, ist die Ausstellung mittwochs von 16:00 bis 19:00 Uhr ge\u00f6ffnet!<\/strong><\/p>\n\n<\/div><\/div>\n\n\n<p class=\"has-text-align-justify\"><\/p>\n\n<style>.wp-block-kadence-spacer.kt-block-spacer-3140_f90d99-80 .kt-block-spacer{height:80px;}.wp-block-kadence-spacer.kt-block-spacer-3140_f90d99-80 .kt-divider{border-top-width:1px;height:1px;border-top-color:#eeeeee;width:100%;border-top-style:solid;}<\/style>\n<div class=\"wp-block-kadence-spacer aligncenter kt-block-spacer-3140_f90d99-80\"><div class=\"kt-block-spacer kt-block-spacer-halign-center\"><hr class=\"kt-divider\"\/><\/div><\/div>\n\n<style>.kb-image3140_8f2ad9-01 .kb-image-has-overlay:after{opacity:0.3;}<\/style>\n<div class=\"wp-block-kadence-image kb-image3140_8f2ad9-01\"><figure class=\"aligncenter size-full\"><img decoding=\"async\" width=\"300\" height=\"93\" data-src=\"https:\/\/mumagallery.com\/wp-content\/uploads\/2022\/12\/Schriftzug4.jpg\" alt=\"Muma Galerie Hamburg Kunst Logo\" class=\"kb-img wp-image-802 lazyload\" data-srcset=\"https:\/\/mumagallery.com\/wp-content\/uploads\/2022\/12\/Schriftzug4.jpg 300w, https:\/\/mumagallery.com\/wp-content\/uploads\/2022\/12\/Schriftzug4-18x6.jpg 18w, https:\/\/mumagallery.com\/wp-content\/uploads\/2022\/12\/Schriftzug4-250x78.jpg 250w, https:\/\/mumagallery.com\/wp-content\/uploads\/2022\/12\/Schriftzug4-100x31.jpg 100w\" data-sizes=\"(max-width: 300px) 100vw, 300px\" src=\"data:image\/svg+xml;base64,PHN2ZyB3aWR0aD0iMSIgaGVpZ2h0PSIxIiB4bWxucz0iaHR0cDovL3d3dy53My5vcmcvMjAwMC9zdmciPjwvc3ZnPg==\" style=\"--smush-placeholder-width: 300px; --smush-placeholder-aspect-ratio: 300\/93;\" \/><\/figure><\/div>\n\n<div class=\"wp-block-image caption-align-center\">\n<figure class=\"aligncenter size-thumbnail is-resized\"><img decoding=\"async\" width=\"150\" height=\"150\" data-src=\"https:\/\/mumagallery.com\/wp-content\/uploads\/2023\/09\/Muma-Logo-small-150x150.jpg\" alt=\"Muma Gallery Hamburg Galerie Ausstellung Kunst Malerei Fotografie 4\" class=\"wp-image-1686 lazyload\" style=\"--smush-placeholder-width: 150px; --smush-placeholder-aspect-ratio: 150\/150;width:100px\" data-srcset=\"https:\/\/mumagallery.com\/wp-content\/uploads\/2023\/09\/Muma-Logo-small-150x150.jpg 150w, https:\/\/mumagallery.com\/wp-content\/uploads\/2023\/09\/Muma-Logo-small-12x12.jpg 12w, https:\/\/mumagallery.com\/wp-content\/uploads\/2023\/09\/Muma-Logo-small-100x100.jpg 100w, https:\/\/mumagallery.com\/wp-content\/uploads\/2023\/09\/Muma-Logo-small.jpg 200w\" data-sizes=\"(max-width: 150px) 100vw, 150px\" src=\"data:image\/svg+xml;base64,PHN2ZyB3aWR0aD0iMSIgaGVpZ2h0PSIxIiB4bWxucz0iaHR0cDovL3d3dy53My5vcmcvMjAwMC9zdmciPjwvc3ZnPg==\" \/><\/figure>\n<\/div>\n\n<div style=\"height:29px\" aria-hidden=\"true\" class=\"wp-block-spacer\"><\/div>\n\n\n<p class=\"has-text-align-center\"><strong>Muma Gallery<\/strong> <\/p>\n\n\n<p class=\"has-text-align-center\">Eppendorfer Weg 235 | 20251 Hamburg<\/p>\n\n\n<p class=\"has-text-align-center\">fon: +49 (0)40 49 4499 55 | mail: info@mumagallery.com<\/p>\n\n\n<p class=\"has-text-align-center\"><strong>Opening Hours:<\/strong><\/p>\n\n\n<p class=\"has-text-align-center\">Thursday &amp; Friday 4 to 7 pm and on request<\/p>\n\n\n<div style=\"height:10px\" aria-hidden=\"true\" class=\"wp-block-spacer\"><\/div>\n\n<style>.wp-block-kadence-advancedbtn.kb-btns3140_71d390-c9{gap:var(--global-kb-gap-xs, 0.5rem );justify-content:center;align-items:center;}.kt-btns3140_71d390-c9 .kt-button{font-weight:normal;font-style:normal;}<\/style>\n<div class=\"wp-block-kadence-advancedbtn kb-buttons-wrap kb-btns3140_71d390-c9\">\n<style>ul.menu .wp-block-kadence-advancedbtn .kb-btn3140_3aee83-ee.kb-button{width:initial;}.wp-block-kadence-advancedbtn .kb-btn3140_3aee83-ee.kb-button{color:#555555;border-top-color:#555555;border-top-style:solid;border-right-color:#555555;border-right-style:solid;border-bottom-color:#555555;border-bottom-style:solid;border-left-color:#555555;border-left-style:solid;}.wp-block-kadence-advancedbtn .kb-btn3140_3aee83-ee.kb-button:hover, .wp-block-kadence-advancedbtn .kb-btn3140_3aee83-ee.kb-button:focus{color:#ffffff;background:#a6bab7;border-top-color:#a6bab7;border-top-style:solid;border-right-color:#a6bab7;border-right-style:solid;border-bottom-color:#a6bab7;border-bottom-style:solid;border-left-color:#a6bab7;border-left-style:solid;}@media all and (max-width: 1024px){.wp-block-kadence-advancedbtn .kb-btn3140_3aee83-ee.kb-button{border-top-color:#555555;border-top-style:solid;border-right-color:#555555;border-right-style:solid;border-bottom-color:#555555;border-bottom-style:solid;border-left-color:#555555;border-left-style:solid;}}@media all and (max-width: 1024px){.wp-block-kadence-advancedbtn .kb-btn3140_3aee83-ee.kb-button:hover, .wp-block-kadence-advancedbtn .kb-btn3140_3aee83-ee.kb-button:focus{border-top-color:#a6bab7;border-top-style:solid;border-right-color:#a6bab7;border-right-style:solid;border-bottom-color:#a6bab7;border-bottom-style:solid;border-left-color:#a6bab7;border-left-style:solid;}}@media all and (max-width: 767px){.wp-block-kadence-advancedbtn .kb-btn3140_3aee83-ee.kb-button{border-top-color:#555555;border-top-style:solid;border-right-color:#555555;border-right-style:solid;border-bottom-color:#555555;border-bottom-style:solid;border-left-color:#555555;border-left-style:solid;}.wp-block-kadence-advancedbtn .kb-btn3140_3aee83-ee.kb-button:hover, .wp-block-kadence-advancedbtn .kb-btn3140_3aee83-ee.kb-button:focus{border-top-color:#a6bab7;border-top-style:solid;border-right-color:#a6bab7;border-right-style:solid;border-bottom-color:#a6bab7;border-bottom-style:solid;border-left-color:#a6bab7;border-left-style:solid;}}<\/style><a class=\"kb-button kt-button button kb-btn3140_3aee83-ee kt-btn-size-standard kt-btn-width-type-auto kb-btn-global-outline  kt-btn-has-text-true kt-btn-has-svg-false  wp-block-kadence-singlebtn\" href=\"https:\/\/mumagallery.com\/en\/contact\/\" target=\"_blank\" rel=\"noreferrer noopener\"><span class=\"kt-btn-inner-text\">CONTACT<\/span><\/a>\n<\/div>\n\n\n<div style=\"height:25px\" aria-hidden=\"true\" class=\"wp-block-spacer\"><\/div>\n\n\n<h4 class=\"wp-block-heading has-text-align-center\"><a href=\"https:\/\/mumagallery.com\/en\/muma-gallery-artists\/\">ARTISTS<\/a><span style=\"background-color:#ffffff\" class=\"has-inline-background\">|<\/span><a href=\"https:\/\/mumagallery.com\/en\/ausstellungen\/\" class=\"ek-link\">EXHIBITS<\/a><span style=\"background-color:#ffffff\" class=\"has-inline-background\">|<\/span><a href=\"https:\/\/mumagallery.com\/en\/available-art\/\" class=\"ek-link\">SHOP<\/a><\/h4>","protected":false},"excerpt":{"rendered":"","protected":false},"author":1,"featured_media":0,"parent":0,"menu_order":0,"comment_status":"closed","ping_status":"closed","template":"","meta":{"_editorskit_title_hidden":false,"_editorskit_reading_time":0,"_editorskit_is_block_options_detached":false,"_editorskit_block_options_position":"{}","footnotes":""},"class_list":["post-3140","page","type-page","status-publish","hentry","clearfix"],"yoast_head":"<!-- This site is optimized with the Yoast SEO plugin v27.2 - https:\/\/yoast.com\/product\/yoast-seo-wordpress\/ -->\n<title>ICHSO - Muma Gallery<\/title>\n<meta name=\"robots\" content=\"index, follow, max-snippet:-1, max-image-preview:large, max-video-preview:-1\" \/>\n<link rel=\"canonical\" href=\"https:\/\/mumagallery.com\/en\/ichso\/\" \/>\n<meta property=\"og:locale\" content=\"en_US\" \/>\n<meta property=\"og:type\" content=\"article\" \/>\n<meta property=\"og:title\" content=\"ICHSO - Muma Gallery\" \/>\n<meta property=\"og:url\" content=\"https:\/\/mumagallery.com\/en\/ichso\/\" \/>\n<meta property=\"og:site_name\" content=\"Muma Gallery\" \/>\n<meta property=\"article:modified_time\" content=\"2025-03-27T15:35:04+00:00\" \/>\n<meta property=\"og:image\" content=\"https:\/\/mumagallery.com\/wp-content\/uploads\/2025\/03\/FlyerKerstin2-724x1024.jpg\" \/>\n<meta name=\"twitter:card\" content=\"summary_large_image\" \/>\n<meta name=\"twitter:label1\" content=\"Est. reading time\" \/>\n\t<meta name=\"twitter:data1\" content=\"3 minutes\" \/>\n<script type=\"application\/ld+json\" class=\"yoast-schema-graph\">{\"@context\":\"https:\/\/schema.org\",\"@graph\":[{\"@type\":\"WebPage\",\"@id\":\"https:\/\/mumagallery.com\/ichso\/\",\"url\":\"https:\/\/mumagallery.com\/ichso\/\",\"name\":\"ICHSO - Muma Gallery\",\"isPartOf\":{\"@id\":\"https:\/\/mumagallery.com\/#website\"},\"primaryImageOfPage\":{\"@id\":\"https:\/\/mumagallery.com\/ichso\/#primaryimage\"},\"image\":{\"@id\":\"https:\/\/mumagallery.com\/ichso\/#primaryimage\"},\"thumbnailUrl\":\"https:\/\/mumagallery.com\/wp-content\/uploads\/2025\/03\/FlyerKerstin2-724x1024.jpg\",\"datePublished\":\"2025-03-17T13:53:49+00:00\",\"dateModified\":\"2025-03-27T15:35:04+00:00\",\"breadcrumb\":{\"@id\":\"https:\/\/mumagallery.com\/ichso\/#breadcrumb\"},\"inLanguage\":\"en-US\",\"potentialAction\":[{\"@type\":\"ReadAction\",\"target\":[\"https:\/\/mumagallery.com\/ichso\/\"]}]},{\"@type\":\"ImageObject\",\"inLanguage\":\"en-US\",\"@id\":\"https:\/\/mumagallery.com\/ichso\/#primaryimage\",\"url\":\"https:\/\/mumagallery.com\/wp-content\/uploads\/2025\/03\/FlyerKerstin2-724x1024.jpg\",\"contentUrl\":\"https:\/\/mumagallery.com\/wp-content\/uploads\/2025\/03\/FlyerKerstin2-724x1024.jpg\"},{\"@type\":\"BreadcrumbList\",\"@id\":\"https:\/\/mumagallery.com\/ichso\/#breadcrumb\",\"itemListElement\":[{\"@type\":\"ListItem\",\"position\":1,\"name\":\"Home\",\"item\":\"https:\/\/mumagallery.com\/\"},{\"@type\":\"ListItem\",\"position\":2,\"name\":\"ICHSO\"}]},{\"@type\":\"WebSite\",\"@id\":\"https:\/\/mumagallery.com\/#website\",\"url\":\"https:\/\/mumagallery.com\/\",\"name\":\"Muma Gallery\",\"description\":\"Just great art from Hamburg\",\"publisher\":{\"@id\":\"https:\/\/mumagallery.com\/#organization\"},\"potentialAction\":[{\"@type\":\"SearchAction\",\"target\":{\"@type\":\"EntryPoint\",\"urlTemplate\":\"https:\/\/mumagallery.com\/?s={search_term_string}\"},\"query-input\":{\"@type\":\"PropertyValueSpecification\",\"valueRequired\":true,\"valueName\":\"search_term_string\"}}],\"inLanguage\":\"en-US\"},{\"@type\":\"Organization\",\"@id\":\"https:\/\/mumagallery.com\/#organization\",\"name\":\"Muma Gallery\",\"url\":\"https:\/\/mumagallery.com\/\",\"logo\":{\"@type\":\"ImageObject\",\"inLanguage\":\"en-US\",\"@id\":\"https:\/\/mumagallery.com\/#\/schema\/logo\/image\/\",\"url\":\"https:\/\/mumagallery.com\/wp-content\/uploads\/2022\/11\/cropped-Logo2.png\",\"contentUrl\":\"https:\/\/mumagallery.com\/wp-content\/uploads\/2022\/11\/cropped-Logo2.png\",\"width\":200,\"height\":80,\"caption\":\"Muma Gallery\"},\"image\":{\"@id\":\"https:\/\/mumagallery.com\/#\/schema\/logo\/image\/\"}}]}<\/script>\n<!-- \/ Yoast SEO plugin. -->","yoast_head_json":{"title":"ICHSO - Muma Gallery","robots":{"index":"index","follow":"follow","max-snippet":"max-snippet:-1","max-image-preview":"max-image-preview:large","max-video-preview":"max-video-preview:-1"},"canonical":"https:\/\/mumagallery.com\/en\/ichso\/","og_locale":"en_US","og_type":"article","og_title":"ICHSO - Muma Gallery","og_url":"https:\/\/mumagallery.com\/en\/ichso\/","og_site_name":"Muma Gallery","article_modified_time":"2025-03-27T15:35:04+00:00","og_image":[{"url":"https:\/\/mumagallery.com\/wp-content\/uploads\/2025\/03\/FlyerKerstin2-724x1024.jpg","type":"","width":"","height":""}],"twitter_card":"summary_large_image","twitter_misc":{"Est. reading time":"3 minutes"},"schema":{"@context":"https:\/\/schema.org","@graph":[{"@type":"WebPage","@id":"https:\/\/mumagallery.com\/ichso\/","url":"https:\/\/mumagallery.com\/ichso\/","name":"ICHSO - Muma Gallery","isPartOf":{"@id":"https:\/\/mumagallery.com\/#website"},"primaryImageOfPage":{"@id":"https:\/\/mumagallery.com\/ichso\/#primaryimage"},"image":{"@id":"https:\/\/mumagallery.com\/ichso\/#primaryimage"},"thumbnailUrl":"https:\/\/mumagallery.com\/wp-content\/uploads\/2025\/03\/FlyerKerstin2-724x1024.jpg","datePublished":"2025-03-17T13:53:49+00:00","dateModified":"2025-03-27T15:35:04+00:00","breadcrumb":{"@id":"https:\/\/mumagallery.com\/ichso\/#breadcrumb"},"inLanguage":"en-US","potentialAction":[{"@type":"ReadAction","target":["https:\/\/mumagallery.com\/ichso\/"]}]},{"@type":"ImageObject","inLanguage":"en-US","@id":"https:\/\/mumagallery.com\/ichso\/#primaryimage","url":"https:\/\/mumagallery.com\/wp-content\/uploads\/2025\/03\/FlyerKerstin2-724x1024.jpg","contentUrl":"https:\/\/mumagallery.com\/wp-content\/uploads\/2025\/03\/FlyerKerstin2-724x1024.jpg"},{"@type":"BreadcrumbList","@id":"https:\/\/mumagallery.com\/ichso\/#breadcrumb","itemListElement":[{"@type":"ListItem","position":1,"name":"Home","item":"https:\/\/mumagallery.com\/"},{"@type":"ListItem","position":2,"name":"ICHSO"}]},{"@type":"WebSite","@id":"https:\/\/mumagallery.com\/#website","url":"https:\/\/mumagallery.com\/","name":"Muma Gallery","description":"Just great art from Hamburg","publisher":{"@id":"https:\/\/mumagallery.com\/#organization"},"potentialAction":[{"@type":"SearchAction","target":{"@type":"EntryPoint","urlTemplate":"https:\/\/mumagallery.com\/?s={search_term_string}"},"query-input":{"@type":"PropertyValueSpecification","valueRequired":true,"valueName":"search_term_string"}}],"inLanguage":"en-US"},{"@type":"Organization","@id":"https:\/\/mumagallery.com\/#organization","name":"Muma Gallery","url":"https:\/\/mumagallery.com\/","logo":{"@type":"ImageObject","inLanguage":"en-US","@id":"https:\/\/mumagallery.com\/#\/schema\/logo\/image\/","url":"https:\/\/mumagallery.com\/wp-content\/uploads\/2022\/11\/cropped-Logo2.png","contentUrl":"https:\/\/mumagallery.com\/wp-content\/uploads\/2022\/11\/cropped-Logo2.png","width":200,"height":80,"caption":"Muma Gallery"},"image":{"@id":"https:\/\/mumagallery.com\/#\/schema\/logo\/image\/"}}]}},"_links":{"self":[{"href":"https:\/\/mumagallery.com\/en\/wp-json\/wp\/v2\/pages\/3140","targetHints":{"allow":["GET"]}}],"collection":[{"href":"https:\/\/mumagallery.com\/en\/wp-json\/wp\/v2\/pages"}],"about":[{"href":"https:\/\/mumagallery.com\/en\/wp-json\/wp\/v2\/types\/page"}],"author":[{"embeddable":true,"href":"https:\/\/mumagallery.com\/en\/wp-json\/wp\/v2\/users\/1"}],"replies":[{"embeddable":true,"href":"https:\/\/mumagallery.com\/en\/wp-json\/wp\/v2\/comments?post=3140"}],"version-history":[{"count":0,"href":"https:\/\/mumagallery.com\/en\/wp-json\/wp\/v2\/pages\/3140\/revisions"}],"wp:attachment":[{"href":"https:\/\/mumagallery.com\/en\/wp-json\/wp\/v2\/media?parent=3140"}],"curies":[{"name":"wp","href":"https:\/\/api.w.org\/{rel}","templated":true}]}}