{"id":3084,"date":"2025-02-12T09:54:50","date_gmt":"2025-02-12T08:54:50","guid":{"rendered":"https:\/\/mumagallery.com\/?page_id=3084"},"modified":"2025-02-12T09:55:27","modified_gmt":"2025-02-12T08:55:27","slug":"hold-my-soul","status":"publish","type":"page","link":"https:\/\/mumagallery.com\/en\/hold-my-soul\/","title":{"rendered":"HOLD MY SOUL"},"content":{"rendered":"<div style=\"height:40px\" aria-hidden=\"true\" class=\"wp-block-spacer\"><\/div>\n\n\n\n<div class=\"wp-block-media-text alignwide is-stacked-on-mobile is-vertically-aligned-center\" style=\"grid-template-columns:39% auto\"><figure class=\"wp-block-media-text__media\"><img decoding=\"async\" width=\"724\" height=\"1024\" data-src=\"https:\/\/mumagallery.com\/wp-content\/uploads\/2025\/02\/FlyerDinWeb-724x1024.jpg\" alt=\"Galerie Hamburg Malerei Fotografie Sonya Caprikado\" class=\"wp-image-3092 size-full lazyload\" data-srcset=\"https:\/\/mumagallery.com\/wp-content\/uploads\/2025\/02\/FlyerDinWeb-724x1024.jpg 724w, https:\/\/mumagallery.com\/wp-content\/uploads\/2025\/02\/FlyerDinWeb-212x300.jpg 212w, https:\/\/mumagallery.com\/wp-content\/uploads\/2025\/02\/FlyerDinWeb-768x1086.jpg 768w, https:\/\/mumagallery.com\/wp-content\/uploads\/2025\/02\/FlyerDinWeb-8x12.jpg 8w, https:\/\/mumagallery.com\/wp-content\/uploads\/2025\/02\/FlyerDinWeb-700x989.jpg 700w, https:\/\/mumagallery.com\/wp-content\/uploads\/2025\/02\/FlyerDinWeb-520x735.jpg 520w, https:\/\/mumagallery.com\/wp-content\/uploads\/2025\/02\/FlyerDinWeb-360x509.jpg 360w, https:\/\/mumagallery.com\/wp-content\/uploads\/2025\/02\/FlyerDinWeb-250x353.jpg 250w, https:\/\/mumagallery.com\/wp-content\/uploads\/2025\/02\/FlyerDinWeb-100x141.jpg 100w, https:\/\/mumagallery.com\/wp-content\/uploads\/2025\/02\/FlyerDinWeb-600x848.jpg 600w, https:\/\/mumagallery.com\/wp-content\/uploads\/2025\/02\/FlyerDinWeb.jpg 849w\" data-sizes=\"(max-width: 724px) 100vw, 724px\" src=\"data:image\/svg+xml;base64,PHN2ZyB3aWR0aD0iMSIgaGVpZ2h0PSIxIiB4bWxucz0iaHR0cDovL3d3dy53My5vcmcvMjAwMC9zdmciPjwvc3ZnPg==\" style=\"--smush-placeholder-width: 724px; --smush-placeholder-aspect-ratio: 724\/1024;\" \/><\/figure><div class=\"wp-block-media-text__content\">\n<h2 class=\"has-text-align-right wp-block-heading\">27.02.2025 bis 22.03.2025<\/h2>\n\n\n\n<p class=\"has-text-align-right\"><strong>Sonya Caprikado<\/strong><\/p>\n\n\n\n<p class=\"has-text-align-right\">&#8222;HOLD MY SOUL&#8220;<\/p>\n\n\n<style>.wp-block-kadence-spacer.kt-block-spacer-3084_ee7459-62 .kt-block-spacer{height:60px;}.wp-block-kadence-spacer.kt-block-spacer-3084_ee7459-62 .kt-divider{border-top-width:1px;height:1px;border-top-color:#eeeeee;width:100%;border-top-style:solid;}<\/style>\n<div class=\"wp-block-kadence-spacer aligncenter kt-block-spacer-3084_ee7459-62\"><div class=\"kt-block-spacer kt-block-spacer-halign-center\"><hr class=\"kt-divider\"\/><\/div><\/div>\n\n\n\n<p class=\"has-text-align-justify\"><strong>Wir freuen uns sehr, Sonya Caprikado als Gast in der Muma Gallery begr\u00fc\u00dfen zu d\u00fcrfen, die ab dem 27. Februar bei uns ihre Ausstellung \u201eHold My Soul\u201c pr\u00e4sentiert.<\/strong><\/p>\n\n\n\n<p class=\"has-text-align-justify\"><br>Sonya Caprikado zeigt uns mit \u201eHold My Soul\u201c den sch\u00f6nen und doch so oft verborgenen Teil von uns: Intimit\u00e4t, Sexualit\u00e4t und Sinnlichkeit. Momente, in denen sich Menschen ohne Worte verstehen. Und Momente, in denen wir erkennen: Wir selbst sind Kunst \u2013 ebenso sinnlich wie fragil.<\/p>\n<\/div><\/div>\n\n\n\n<div style=\"height:100px\" aria-hidden=\"true\" class=\"wp-block-spacer\"><\/div>\n\n\n\n<div class=\"wp-block-media-text alignwide has-media-on-the-right is-stacked-on-mobile is-vertically-aligned-top\" style=\"grid-template-columns:auto 40%\"><div class=\"wp-block-media-text__content\">\n<p class=\"has-text-align-justify\">Die K\u00fcnstlerin arbeitet sowohl mit digitalen Techniken als auch mit traditionellen \u00d6l- oder Acrylfarben und erschafft mit intensiven Farben sowie einer expressiven Pinself\u00fchrung lebendige und sinnliche Momente.<\/p>\n\n\n\n<p class=\"has-text-align-justify\">Auch Fotografien von Berry Behrendt sind zu sehen, teils in Zusammenarbeit mit Sonya entstanden und Inspiration f\u00fcr einige ihrer Werke.<\/p>\n\n\n\n<div style=\"height:34px\" aria-hidden=\"true\" class=\"wp-block-spacer\"><\/div>\n\n\n\n<p class=\"has-text-align-justify\"><strong>Wir laden Sie herzlich ein, gemeinsam mit uns die Vernissage am 27.2.2025 um 19 Uhr zu feiern. Die K\u00fcnstlerin wird pers\u00f6nlich anwesend sein.<\/strong><\/p>\n<\/div><figure class=\"wp-block-media-text__media\"><img decoding=\"async\" width=\"768\" height=\"1024\" data-src=\"https:\/\/mumagallery.com\/wp-content\/uploads\/2025\/02\/IMG_6285ww-768x1024.jpg\" alt=\"Sonya Caprikado -smoking\" class=\"wp-image-3089 size-full lazyload\" data-srcset=\"https:\/\/mumagallery.com\/wp-content\/uploads\/2025\/02\/IMG_6285ww-768x1023.jpg 768w, https:\/\/mumagallery.com\/wp-content\/uploads\/2025\/02\/IMG_6285ww-225x300.jpg 225w, https:\/\/mumagallery.com\/wp-content\/uploads\/2025\/02\/IMG_6285ww-9x12.jpg 9w, https:\/\/mumagallery.com\/wp-content\/uploads\/2025\/02\/IMG_6285ww-700x933.jpg 700w, https:\/\/mumagallery.com\/wp-content\/uploads\/2025\/02\/IMG_6285ww-520x693.jpg 520w, https:\/\/mumagallery.com\/wp-content\/uploads\/2025\/02\/IMG_6285ww-360x480.jpg 360w, https:\/\/mumagallery.com\/wp-content\/uploads\/2025\/02\/IMG_6285ww-250x333.jpg 250w, https:\/\/mumagallery.com\/wp-content\/uploads\/2025\/02\/IMG_6285ww-100x133.jpg 100w, https:\/\/mumagallery.com\/wp-content\/uploads\/2025\/02\/IMG_6285ww-600x800.jpg 600w, https:\/\/mumagallery.com\/wp-content\/uploads\/2025\/02\/IMG_6285ww.jpg 851w\" data-sizes=\"(max-width: 768px) 100vw, 768px\" src=\"data:image\/svg+xml;base64,PHN2ZyB3aWR0aD0iMSIgaGVpZ2h0PSIxIiB4bWxucz0iaHR0cDovL3d3dy53My5vcmcvMjAwMC9zdmciPjwvc3ZnPg==\" style=\"--smush-placeholder-width: 768px; --smush-placeholder-aspect-ratio: 768\/1024;\" \/><\/figure><\/div>\n\n\n\n<div style=\"height:70px\" aria-hidden=\"true\" class=\"wp-block-spacer\"><\/div>\n\n\n\n<div class=\"wp-block-media-text alignwide is-stacked-on-mobile is-vertically-aligned-bottom\" style=\"grid-template-columns:42% auto\"><figure class=\"wp-block-media-text__media\"><img decoding=\"async\" width=\"1024\" height=\"679\" data-src=\"https:\/\/mumagallery.com\/wp-content\/uploads\/2025\/02\/IMG_5430-1024x679.jpg\" alt=\"Sonya Caprikado Berry Behrendt\" class=\"wp-image-3088 size-full lazyload\" data-srcset=\"https:\/\/mumagallery.com\/wp-content\/uploads\/2025\/02\/IMG_5430-1024x679.jpg 1024w, https:\/\/mumagallery.com\/wp-content\/uploads\/2025\/02\/IMG_5430-300x199.jpg 300w, https:\/\/mumagallery.com\/wp-content\/uploads\/2025\/02\/IMG_5430-768x509.jpg 768w, https:\/\/mumagallery.com\/wp-content\/uploads\/2025\/02\/IMG_5430-18x12.jpg 18w, https:\/\/mumagallery.com\/wp-content\/uploads\/2025\/02\/IMG_5430-700x464.jpg 700w, https:\/\/mumagallery.com\/wp-content\/uploads\/2025\/02\/IMG_5430-520x345.jpg 520w, https:\/\/mumagallery.com\/wp-content\/uploads\/2025\/02\/IMG_5430-360x239.jpg 360w, https:\/\/mumagallery.com\/wp-content\/uploads\/2025\/02\/IMG_5430-250x166.jpg 250w, https:\/\/mumagallery.com\/wp-content\/uploads\/2025\/02\/IMG_5430-100x66.jpg 100w, https:\/\/mumagallery.com\/wp-content\/uploads\/2025\/02\/IMG_5430-600x398.jpg 600w, https:\/\/mumagallery.com\/wp-content\/uploads\/2025\/02\/IMG_5430.jpg 1358w\" data-sizes=\"(max-width: 1024px) 100vw, 1024px\" src=\"data:image\/svg+xml;base64,PHN2ZyB3aWR0aD0iMSIgaGVpZ2h0PSIxIiB4bWxucz0iaHR0cDovL3d3dy53My5vcmcvMjAwMC9zdmciPjwvc3ZnPg==\" style=\"--smush-placeholder-width: 1024px; --smush-placeholder-aspect-ratio: 1024\/679;\" \/><\/figure><div class=\"wp-block-media-text__content\"><style>.wp-block-kadence-spacer.kt-block-spacer-3084_1fcf12-be .kt-block-spacer{height:40px;}.wp-block-kadence-spacer.kt-block-spacer-3084_1fcf12-be .kt-divider{border-top-width:1px;height:1px;border-top-color:#eeeeee;width:100%;border-top-style:solid;}<\/style>\n<div class=\"wp-block-kadence-spacer aligncenter kt-block-spacer-3084_1fcf12-be\"><div class=\"kt-block-spacer kt-block-spacer-halign-center\"><hr class=\"kt-divider\"\/><\/div><\/div>\n\n\n\n<p class=\"has-text-align-right\"> T I M E T A B L E<\/p>\n\n\n\n<p class=\"has-text-align-right\"><strong>VERNISSAGE<\/strong> Do, den 27.02.2025 ab 19:00 Uhr<\/p>\n\n\n\n<p class=\"has-text-align-right\"><\/p>\n\n\n\n<div style=\"height:18px\" aria-hidden=\"true\" class=\"wp-block-spacer\"><\/div>\n\n\n\n<p class=\"has-text-align-right\"><\/p>\n<\/div><\/div>\n\n\n\n<div style=\"height:30px\" aria-hidden=\"true\" class=\"wp-block-spacer\"><\/div>\n\n\n<style>.wp-block-kadence-spacer.kt-block-spacer-3084_07ab1a-ef .kt-block-spacer{height:60px;}.wp-block-kadence-spacer.kt-block-spacer-3084_07ab1a-ef .kt-divider{border-top-width:1px;height:1px;border-top-color:#eee;width:100%;border-top-style:solid;}<\/style>\n<div class=\"wp-block-kadence-spacer aligncenter kt-block-spacer-3084_07ab1a-ef\"><div class=\"kt-block-spacer kt-block-spacer-halign-center\"><hr class=\"kt-divider\"\/><\/div><\/div>\n\n\n\n<div style=\"height:30px\" aria-hidden=\"true\" class=\"wp-block-spacer\"><\/div>\n\n\n<div class=\"wp-block-image caption-align-center\">\n<figure class=\"aligncenter size-thumbnail is-resized\"><img decoding=\"async\" data-src=\"https:\/\/mumagallery.com\/wp-content\/uploads\/2023\/09\/Muma-Logo-small-150x150.jpg\" alt=\"Muma Gallery Hamburg Galerie Ausstellung Kunst Malerei Fotografie 4\" class=\"wp-image-1686 lazyload\" width=\"100\" data-srcset=\"https:\/\/mumagallery.com\/wp-content\/uploads\/2023\/09\/Muma-Logo-small-150x150.jpg 150w, https:\/\/mumagallery.com\/wp-content\/uploads\/2023\/09\/Muma-Logo-small-12x12.jpg 12w, https:\/\/mumagallery.com\/wp-content\/uploads\/2023\/09\/Muma-Logo-small-100x100.jpg 100w, https:\/\/mumagallery.com\/wp-content\/uploads\/2023\/09\/Muma-Logo-small.jpg 200w\" data-sizes=\"(max-width: 150px) 100vw, 150px\" src=\"data:image\/svg+xml;base64,PHN2ZyB3aWR0aD0iMSIgaGVpZ2h0PSIxIiB4bWxucz0iaHR0cDovL3d3dy53My5vcmcvMjAwMC9zdmciPjwvc3ZnPg==\" style=\"--smush-placeholder-width: 150px; --smush-placeholder-aspect-ratio: 150\/150;\" \/><\/figure>\n<\/div>\n\n\n<div style=\"height:29px\" aria-hidden=\"true\" class=\"wp-block-spacer\"><\/div>\n\n\n\n<p class=\"has-text-align-center\"><strong>Muma Gallery<\/strong> <\/p>\n\n\n\n<p class=\"has-text-align-center\">Eppendorfer Weg 235 | 20251 Hamburg<\/p>\n\n\n\n<p class=\"has-text-align-center\">fon: +49 (0)40 49 4499 55 | mail: info@mumagallery.com<\/p>\n\n\n\n<p class=\"has-text-align-center\"><strong>Opening Hours:<\/strong><\/p>\n\n\n\n<p class=\"has-text-align-center\">Thursday &amp; Friday 4 to 7 pm and on request<\/p>\n\n\n\n<div style=\"height:10px\" aria-hidden=\"true\" class=\"wp-block-spacer\"><\/div>\n\n\n<style>.wp-block-kadence-advancedbtn.kb-btns3084_3b0d04-77{gap:var(--global-kb-gap-xs, 0.5rem );justify-content:center;align-items:center;}.kt-btns3084_3b0d04-77 .kt-button{font-weight:normal;font-style:normal;}<\/style>\n<div class=\"wp-block-kadence-advancedbtn kb-buttons-wrap kb-btns3084_3b0d04-77\"><\/div>\n\n\n\n<div style=\"height:25px\" aria-hidden=\"true\" class=\"wp-block-spacer\"><\/div>\n\n\n\n<h4 class=\"has-text-align-center wp-block-heading\"><a href=\"https:\/\/mumagallery.com\/en\/muma-gallery-artists\/\">ARTISTS<\/a><span style=\"background-color:#ffffff\" class=\"has-inline-background\">|<\/span><a href=\"https:\/\/mumagallery.com\/en\/ausstellungen\/\" class=\"ek-link\">EXHIBITS<\/a><span style=\"background-color:#ffffff\" class=\"has-inline-background\">|<\/span><a href=\"https:\/\/mumagallery.com\/en\/available-art\/\" class=\"ek-link\">SHOP<\/a><\/h4>","protected":false},"excerpt":{"rendered":"<p>Muma Gallery Eppendorfer Weg 235 | 20251 Hamburg fon: +49 (0)40 49 4499 55 | mail: info@mumagallery.com \u00d6ffnungszeiten: Do &amp; Fr 16:00 bis 19:00 Uhr und auf Anfrage ARTISTS|EXHIBITS|SHOP<\/p>","protected":false},"author":1,"featured_media":0,"parent":0,"menu_order":0,"comment_status":"closed","ping_status":"closed","template":"","meta":{"_editorskit_title_hidden":false,"_editorskit_reading_time":0,"_editorskit_is_block_options_detached":false,"_editorskit_block_options_position":"{}","footnotes":""},"class_list":["post-3084","page","type-page","status-publish","hentry","clearfix"],"yoast_head":"<!-- This site is optimized with the Yoast SEO plugin v27.2 - https:\/\/yoast.com\/product\/yoast-seo-wordpress\/ -->\n<title>HOLD MY SOUL - Muma Gallery<\/title>\n<meta name=\"description\" content=\"Wir freuen uns sehr, Sonya Caprikado als Gast in der Muma Gallery begr\u00fc\u00dfen zu d\u00fcrfen, die ab dem 27. Februar bei uns ihre Ausstellung \u201eHold My Soul\u201c pr\u00e4sentiert.\" \/>\n<meta name=\"robots\" content=\"index, follow, max-snippet:-1, max-image-preview:large, max-video-preview:-1\" \/>\n<link rel=\"canonical\" href=\"https:\/\/mumagallery.com\/en\/hold-my-soul\/\" \/>\n<meta property=\"og:locale\" content=\"en_US\" \/>\n<meta property=\"og:type\" content=\"article\" \/>\n<meta property=\"og:title\" content=\"HOLD MY SOUL - Muma Gallery\" \/>\n<meta property=\"og:description\" content=\"Wir freuen uns sehr, Sonya Caprikado als Gast in der Muma Gallery begr\u00fc\u00dfen zu d\u00fcrfen, die ab dem 27. Februar bei uns ihre Ausstellung \u201eHold My Soul\u201c pr\u00e4sentiert.\" \/>\n<meta property=\"og:url\" content=\"https:\/\/mumagallery.com\/en\/hold-my-soul\/\" \/>\n<meta property=\"og:site_name\" content=\"Muma Gallery\" \/>\n<meta property=\"article:modified_time\" content=\"2025-02-12T08:55:27+00:00\" \/>\n<meta property=\"og:image\" content=\"https:\/\/mumagallery.com\/wp-content\/uploads\/2025\/02\/FlyerDinWeb-724x1024.jpg\" \/>\n<meta name=\"twitter:card\" content=\"summary_large_image\" \/>\n<meta name=\"twitter:label1\" content=\"Est. reading time\" \/>\n\t<meta name=\"twitter:data1\" content=\"2 minutes\" \/>\n<script type=\"application\/ld+json\" class=\"yoast-schema-graph\">{\"@context\":\"https:\/\/schema.org\",\"@graph\":[{\"@type\":\"WebPage\",\"@id\":\"https:\/\/mumagallery.com\/hold-my-soul\/\",\"url\":\"https:\/\/mumagallery.com\/hold-my-soul\/\",\"name\":\"HOLD MY SOUL - Muma Gallery\",\"isPartOf\":{\"@id\":\"https:\/\/mumagallery.com\/#website\"},\"primaryImageOfPage\":{\"@id\":\"https:\/\/mumagallery.com\/hold-my-soul\/#primaryimage\"},\"image\":{\"@id\":\"https:\/\/mumagallery.com\/hold-my-soul\/#primaryimage\"},\"thumbnailUrl\":\"https:\/\/mumagallery.com\/wp-content\/uploads\/2025\/02\/FlyerDinWeb-724x1024.jpg\",\"datePublished\":\"2025-02-12T08:54:50+00:00\",\"dateModified\":\"2025-02-12T08:55:27+00:00\",\"description\":\"Wir freuen uns sehr, Sonya Caprikado als Gast in der Muma Gallery begr\u00fc\u00dfen zu d\u00fcrfen, die ab dem 27. Februar bei uns ihre Ausstellung \u201eHold My Soul\u201c pr\u00e4sentiert.\",\"breadcrumb\":{\"@id\":\"https:\/\/mumagallery.com\/hold-my-soul\/#breadcrumb\"},\"inLanguage\":\"en-US\",\"potentialAction\":[{\"@type\":\"ReadAction\",\"target\":[\"https:\/\/mumagallery.com\/hold-my-soul\/\"]}]},{\"@type\":\"ImageObject\",\"inLanguage\":\"en-US\",\"@id\":\"https:\/\/mumagallery.com\/hold-my-soul\/#primaryimage\",\"url\":\"https:\/\/mumagallery.com\/wp-content\/uploads\/2025\/02\/FlyerDinWeb-724x1024.jpg\",\"contentUrl\":\"https:\/\/mumagallery.com\/wp-content\/uploads\/2025\/02\/FlyerDinWeb-724x1024.jpg\"},{\"@type\":\"BreadcrumbList\",\"@id\":\"https:\/\/mumagallery.com\/hold-my-soul\/#breadcrumb\",\"itemListElement\":[{\"@type\":\"ListItem\",\"position\":1,\"name\":\"Home\",\"item\":\"https:\/\/mumagallery.com\/\"},{\"@type\":\"ListItem\",\"position\":2,\"name\":\"HOLD MY SOUL\"}]},{\"@type\":\"WebSite\",\"@id\":\"https:\/\/mumagallery.com\/#website\",\"url\":\"https:\/\/mumagallery.com\/\",\"name\":\"Muma Gallery\",\"description\":\"Just great art from Hamburg\",\"publisher\":{\"@id\":\"https:\/\/mumagallery.com\/#organization\"},\"potentialAction\":[{\"@type\":\"SearchAction\",\"target\":{\"@type\":\"EntryPoint\",\"urlTemplate\":\"https:\/\/mumagallery.com\/?s={search_term_string}\"},\"query-input\":{\"@type\":\"PropertyValueSpecification\",\"valueRequired\":true,\"valueName\":\"search_term_string\"}}],\"inLanguage\":\"en-US\"},{\"@type\":\"Organization\",\"@id\":\"https:\/\/mumagallery.com\/#organization\",\"name\":\"Muma Gallery\",\"url\":\"https:\/\/mumagallery.com\/\",\"logo\":{\"@type\":\"ImageObject\",\"inLanguage\":\"en-US\",\"@id\":\"https:\/\/mumagallery.com\/#\/schema\/logo\/image\/\",\"url\":\"https:\/\/mumagallery.com\/wp-content\/uploads\/2022\/11\/cropped-Logo2.png\",\"contentUrl\":\"https:\/\/mumagallery.com\/wp-content\/uploads\/2022\/11\/cropped-Logo2.png\",\"width\":200,\"height\":80,\"caption\":\"Muma Gallery\"},\"image\":{\"@id\":\"https:\/\/mumagallery.com\/#\/schema\/logo\/image\/\"}}]}<\/script>\n<!-- \/ Yoast SEO plugin. -->","yoast_head_json":{"title":"HOLD MY SOUL - Muma Gallery","description":"Wir freuen uns sehr, Sonya Caprikado als Gast in der Muma Gallery begr\u00fc\u00dfen zu d\u00fcrfen, die ab dem 27. Februar bei uns ihre Ausstellung \u201eHold My Soul\u201c pr\u00e4sentiert.","robots":{"index":"index","follow":"follow","max-snippet":"max-snippet:-1","max-image-preview":"max-image-preview:large","max-video-preview":"max-video-preview:-1"},"canonical":"https:\/\/mumagallery.com\/en\/hold-my-soul\/","og_locale":"en_US","og_type":"article","og_title":"HOLD MY SOUL - Muma Gallery","og_description":"Wir freuen uns sehr, Sonya Caprikado als Gast in der Muma Gallery begr\u00fc\u00dfen zu d\u00fcrfen, die ab dem 27. Februar bei uns ihre Ausstellung \u201eHold My Soul\u201c pr\u00e4sentiert.","og_url":"https:\/\/mumagallery.com\/en\/hold-my-soul\/","og_site_name":"Muma Gallery","article_modified_time":"2025-02-12T08:55:27+00:00","og_image":[{"url":"https:\/\/mumagallery.com\/wp-content\/uploads\/2025\/02\/FlyerDinWeb-724x1024.jpg","type":"","width":"","height":""}],"twitter_card":"summary_large_image","twitter_misc":{"Est. reading time":"2 minutes"},"schema":{"@context":"https:\/\/schema.org","@graph":[{"@type":"WebPage","@id":"https:\/\/mumagallery.com\/hold-my-soul\/","url":"https:\/\/mumagallery.com\/hold-my-soul\/","name":"HOLD MY SOUL - Muma Gallery","isPartOf":{"@id":"https:\/\/mumagallery.com\/#website"},"primaryImageOfPage":{"@id":"https:\/\/mumagallery.com\/hold-my-soul\/#primaryimage"},"image":{"@id":"https:\/\/mumagallery.com\/hold-my-soul\/#primaryimage"},"thumbnailUrl":"https:\/\/mumagallery.com\/wp-content\/uploads\/2025\/02\/FlyerDinWeb-724x1024.jpg","datePublished":"2025-02-12T08:54:50+00:00","dateModified":"2025-02-12T08:55:27+00:00","description":"Wir freuen uns sehr, Sonya Caprikado als Gast in der Muma Gallery begr\u00fc\u00dfen zu d\u00fcrfen, die ab dem 27. Februar bei uns ihre Ausstellung \u201eHold My Soul\u201c pr\u00e4sentiert.","breadcrumb":{"@id":"https:\/\/mumagallery.com\/hold-my-soul\/#breadcrumb"},"inLanguage":"en-US","potentialAction":[{"@type":"ReadAction","target":["https:\/\/mumagallery.com\/hold-my-soul\/"]}]},{"@type":"ImageObject","inLanguage":"en-US","@id":"https:\/\/mumagallery.com\/hold-my-soul\/#primaryimage","url":"https:\/\/mumagallery.com\/wp-content\/uploads\/2025\/02\/FlyerDinWeb-724x1024.jpg","contentUrl":"https:\/\/mumagallery.com\/wp-content\/uploads\/2025\/02\/FlyerDinWeb-724x1024.jpg"},{"@type":"BreadcrumbList","@id":"https:\/\/mumagallery.com\/hold-my-soul\/#breadcrumb","itemListElement":[{"@type":"ListItem","position":1,"name":"Home","item":"https:\/\/mumagallery.com\/"},{"@type":"ListItem","position":2,"name":"HOLD MY SOUL"}]},{"@type":"WebSite","@id":"https:\/\/mumagallery.com\/#website","url":"https:\/\/mumagallery.com\/","name":"Muma Gallery","description":"Just great art from Hamburg","publisher":{"@id":"https:\/\/mumagallery.com\/#organization"},"potentialAction":[{"@type":"SearchAction","target":{"@type":"EntryPoint","urlTemplate":"https:\/\/mumagallery.com\/?s={search_term_string}"},"query-input":{"@type":"PropertyValueSpecification","valueRequired":true,"valueName":"search_term_string"}}],"inLanguage":"en-US"},{"@type":"Organization","@id":"https:\/\/mumagallery.com\/#organization","name":"Muma Gallery","url":"https:\/\/mumagallery.com\/","logo":{"@type":"ImageObject","inLanguage":"en-US","@id":"https:\/\/mumagallery.com\/#\/schema\/logo\/image\/","url":"https:\/\/mumagallery.com\/wp-content\/uploads\/2022\/11\/cropped-Logo2.png","contentUrl":"https:\/\/mumagallery.com\/wp-content\/uploads\/2022\/11\/cropped-Logo2.png","width":200,"height":80,"caption":"Muma Gallery"},"image":{"@id":"https:\/\/mumagallery.com\/#\/schema\/logo\/image\/"}}]}},"_links":{"self":[{"href":"https:\/\/mumagallery.com\/en\/wp-json\/wp\/v2\/pages\/3084","targetHints":{"allow":["GET"]}}],"collection":[{"href":"https:\/\/mumagallery.com\/en\/wp-json\/wp\/v2\/pages"}],"about":[{"href":"https:\/\/mumagallery.com\/en\/wp-json\/wp\/v2\/types\/page"}],"author":[{"embeddable":true,"href":"https:\/\/mumagallery.com\/en\/wp-json\/wp\/v2\/users\/1"}],"replies":[{"embeddable":true,"href":"https:\/\/mumagallery.com\/en\/wp-json\/wp\/v2\/comments?post=3084"}],"version-history":[{"count":0,"href":"https:\/\/mumagallery.com\/en\/wp-json\/wp\/v2\/pages\/3084\/revisions"}],"wp:attachment":[{"href":"https:\/\/mumagallery.com\/en\/wp-json\/wp\/v2\/media?parent=3084"}],"curies":[{"name":"wp","href":"https:\/\/api.w.org\/{rel}","templated":true}]}}