{"id":2808,"date":"2024-10-29T12:12:54","date_gmt":"2024-10-29T11:12:54","guid":{"rendered":"https:\/\/mumagallery.com\/?page_id=2808"},"modified":"2025-01-14T10:45:58","modified_gmt":"2025-01-14T09:45:58","slug":"tomorrow","status":"publish","type":"page","link":"https:\/\/mumagallery.com\/en\/tomorrow\/","title":{"rendered":"Tomorrow"},"content":{"rendered":"<div style=\"height:40px\" aria-hidden=\"true\" class=\"wp-block-spacer\"><\/div>\n\n\n\n<div class=\"wp-block-media-text alignwide is-stacked-on-mobile is-vertically-aligned-top\" style=\"grid-template-columns:39% auto\"><figure class=\"wp-block-media-text__media\"><a href=\"https:\/\/mumagallery.com\/wp-content\/uploads\/2024\/10\/FlyerWeb.jpg\" data-rel=\"lightbox-image-0\" data-magnific_type=\"image\" data-rl_title=\"\" data-rl_caption=\"\" title=\"\"><img decoding=\"async\" width=\"693\" height=\"980\" data-src=\"https:\/\/mumagallery.com\/wp-content\/uploads\/2024\/10\/FlyerWeb.jpg\" alt=\"Daniel Freaker Malerie Ausstellung Hamburg Muma Gallery painting fine art\" class=\"wp-image-2809 size-full lazyload\" data-srcset=\"https:\/\/mumagallery.com\/wp-content\/uploads\/2024\/10\/FlyerWeb.jpg 693w, https:\/\/mumagallery.com\/wp-content\/uploads\/2024\/10\/FlyerWeb-212x300.jpg 212w, https:\/\/mumagallery.com\/wp-content\/uploads\/2024\/10\/FlyerWeb-8x12.jpg 8w, https:\/\/mumagallery.com\/wp-content\/uploads\/2024\/10\/FlyerWeb-520x735.jpg 520w, https:\/\/mumagallery.com\/wp-content\/uploads\/2024\/10\/FlyerWeb-360x509.jpg 360w, https:\/\/mumagallery.com\/wp-content\/uploads\/2024\/10\/FlyerWeb-250x354.jpg 250w, https:\/\/mumagallery.com\/wp-content\/uploads\/2024\/10\/FlyerWeb-100x141.jpg 100w, https:\/\/mumagallery.com\/wp-content\/uploads\/2024\/10\/FlyerWeb-600x848.jpg 600w\" data-sizes=\"(max-width: 693px) 100vw, 693px\" src=\"data:image\/svg+xml;base64,PHN2ZyB3aWR0aD0iMSIgaGVpZ2h0PSIxIiB4bWxucz0iaHR0cDovL3d3dy53My5vcmcvMjAwMC9zdmciPjwvc3ZnPg==\" style=\"--smush-placeholder-width: 693px; --smush-placeholder-aspect-ratio: 693\/980;\" \/><\/a><\/figure><div class=\"wp-block-media-text__content\">\n<h2 class=\"has-text-align-right wp-block-heading\">05.12.2024 bis 31.01.2025<\/h2>\n\n\n\n<p class=\"has-text-align-right\"><strong>Daniel Freaker<\/strong><\/p>\n\n\n\n<p class=\"has-text-align-right\">&#8222;Tomorrow&#8220;<\/p>\n\n\n<style>.wp-block-kadence-spacer.kt-block-spacer-2808_df6fc3-2f .kt-block-spacer{height:60px;}.wp-block-kadence-spacer.kt-block-spacer-2808_df6fc3-2f .kt-divider{border-top-width:1px;height:1px;border-top-color:#eeeeee;width:100%;border-top-style:solid;}<\/style>\n<div class=\"wp-block-kadence-spacer aligncenter kt-block-spacer-2808_df6fc3-2f\"><div class=\"kt-block-spacer kt-block-spacer-halign-center\"><hr class=\"kt-divider\"\/><\/div><\/div>\n\n\n\n<p class=\"has-text-align-justify\">We are delighted to present the English painter Daniel Freaker for the first time with an extensive solo exhibition. In his exhibition \u201cTomorrow\u201d, the artist shows us his view of the concept of \u201cfuture\u201d with new large-format paintings.<\/p>\n\n\n\n<div style=\"height:10px\" aria-hidden=\"true\" class=\"wp-block-spacer\"><\/div>\n\n\n\n<p class=\"has-text-align-right\"><strong>VERNISSAGE<\/strong> am 05. Dezember 2024 ab 19:00 Uhr<\/p>\n\n\n\n<p class=\"has-text-align-right\">Artist Talk &amp; <strong>ARTPARTY<\/strong> am 31. Januar 2025 ab 18:00 Uhr<\/p>\n\n\n\n<p class=\"has-text-align-right\">Please RSVP for this event here <a href=\"https:\/\/mumagallery.com\/en\/rsvp\/\" target=\"_blank\" aria-label=\"LINK (opens in a new tab)\" rel=\"noreferrer noopener\" class=\"ek-link\">LINK<\/a><\/p>\n<\/div><\/div>\n\n\n\n<div style=\"height:80px\" aria-hidden=\"true\" class=\"wp-block-spacer\"><\/div>\n\n\n\n<div class=\"wp-block-media-text alignwide has-media-on-the-right is-stacked-on-mobile is-vertically-aligned-center\" style=\"grid-template-columns:auto 33%\"><div class=\"wp-block-media-text__content\">\n<div style=\"height:20px\" aria-hidden=\"true\" class=\"wp-block-spacer\"><\/div>\n\n\n\n<p><strong>\u00dcber die Ausstellung<\/strong><\/p>\n\n\n\n<div style=\"height:30px\" aria-hidden=\"true\" class=\"wp-block-spacer\"><\/div>\n\n\n\n<p class=\"has-text-align-justify\">Wir k\u00f6nnen nicht anders, als einen wagen Blick in die Zukunft zu werfen, doch unsere&nbsp;Vorstellung von morgen ist voller Widerspr\u00fcche&nbsp;und \u00c4ngsten&nbsp;und gleichzeitig voll der&nbsp;Hoffnung und Tr\u00e4umen. <\/p>\n\n\n\n<p class=\"has-text-align-justify\">Wenn wir an die Zukunft denken, bewegen wir uns in einem imagin\u00e4ren Raum zwischen diesen&nbsp;Gedanken, zwischen Licht und Dunkelheit, Chaos und Ordnung, Utopie und Dystopie.<\/p>\n<\/div><figure class=\"wp-block-media-text__media\"><a href=\"https:\/\/mumagallery.com\/wp-content\/uploads\/2024\/10\/FlyerInstagram3.jpg\" data-rel=\"lightbox-image-1\" data-magnific_type=\"image\" data-rl_title=\"\" data-rl_caption=\"\" title=\"\"><img decoding=\"async\" width=\"819\" height=\"1024\" data-src=\"https:\/\/mumagallery.com\/wp-content\/uploads\/2024\/10\/FlyerInstagram3-819x1024.jpg\" alt=\"Daniel Freaker Malerie Ausstellung Hamburg Muma Gallery painting fine art 2\" class=\"wp-image-2810 size-full lazyload\" data-srcset=\"https:\/\/mumagallery.com\/wp-content\/uploads\/2024\/10\/FlyerInstagram3-819x1024.jpg 819w, https:\/\/mumagallery.com\/wp-content\/uploads\/2024\/10\/FlyerInstagram3-240x300.jpg 240w, https:\/\/mumagallery.com\/wp-content\/uploads\/2024\/10\/FlyerInstagram3-768x960.jpg 768w, https:\/\/mumagallery.com\/wp-content\/uploads\/2024\/10\/FlyerInstagram3-10x12.jpg 10w, https:\/\/mumagallery.com\/wp-content\/uploads\/2024\/10\/FlyerInstagram3-700x875.jpg 700w, https:\/\/mumagallery.com\/wp-content\/uploads\/2024\/10\/FlyerInstagram3-520x650.jpg 520w, https:\/\/mumagallery.com\/wp-content\/uploads\/2024\/10\/FlyerInstagram3-360x450.jpg 360w, https:\/\/mumagallery.com\/wp-content\/uploads\/2024\/10\/FlyerInstagram3-250x313.jpg 250w, https:\/\/mumagallery.com\/wp-content\/uploads\/2024\/10\/FlyerInstagram3-100x125.jpg 100w, https:\/\/mumagallery.com\/wp-content\/uploads\/2024\/10\/FlyerInstagram3-600x750.jpg 600w, https:\/\/mumagallery.com\/wp-content\/uploads\/2024\/10\/FlyerInstagram3.jpg 1080w\" data-sizes=\"(max-width: 819px) 100vw, 819px\" src=\"data:image\/svg+xml;base64,PHN2ZyB3aWR0aD0iMSIgaGVpZ2h0PSIxIiB4bWxucz0iaHR0cDovL3d3dy53My5vcmcvMjAwMC9zdmciPjwvc3ZnPg==\" style=\"--smush-placeholder-width: 819px; --smush-placeholder-aspect-ratio: 819\/1024;\" \/><\/a><\/figure><\/div>\n\n\n\n<div style=\"height:75px\" aria-hidden=\"true\" class=\"wp-block-spacer\"><\/div>\n\n\n\n<div class=\"wp-block-media-text alignwide is-stacked-on-mobile\" style=\"grid-template-columns:31% auto\"><figure class=\"wp-block-media-text__media\"><img decoding=\"async\" width=\"819\" height=\"1024\" data-src=\"https:\/\/mumagallery.com\/wp-content\/uploads\/2024\/10\/FlyerInstagram2-819x1024.jpg\" alt=\"Daniel Freaker Malerie Ausstellung Hamburg Muma Gallery painting fine art 3\" class=\"wp-image-2811 size-full lazyload\" data-srcset=\"https:\/\/mumagallery.com\/wp-content\/uploads\/2024\/10\/FlyerInstagram2-819x1024.jpg 819w, https:\/\/mumagallery.com\/wp-content\/uploads\/2024\/10\/FlyerInstagram2-240x300.jpg 240w, https:\/\/mumagallery.com\/wp-content\/uploads\/2024\/10\/FlyerInstagram2-768x960.jpg 768w, https:\/\/mumagallery.com\/wp-content\/uploads\/2024\/10\/FlyerInstagram2-10x12.jpg 10w, https:\/\/mumagallery.com\/wp-content\/uploads\/2024\/10\/FlyerInstagram2-700x875.jpg 700w, https:\/\/mumagallery.com\/wp-content\/uploads\/2024\/10\/FlyerInstagram2-520x650.jpg 520w, https:\/\/mumagallery.com\/wp-content\/uploads\/2024\/10\/FlyerInstagram2-360x450.jpg 360w, https:\/\/mumagallery.com\/wp-content\/uploads\/2024\/10\/FlyerInstagram2-250x313.jpg 250w, https:\/\/mumagallery.com\/wp-content\/uploads\/2024\/10\/FlyerInstagram2-100x125.jpg 100w, https:\/\/mumagallery.com\/wp-content\/uploads\/2024\/10\/FlyerInstagram2-600x750.jpg 600w, https:\/\/mumagallery.com\/wp-content\/uploads\/2024\/10\/FlyerInstagram2.jpg 1080w\" data-sizes=\"(max-width: 819px) 100vw, 819px\" src=\"data:image\/svg+xml;base64,PHN2ZyB3aWR0aD0iMSIgaGVpZ2h0PSIxIiB4bWxucz0iaHR0cDovL3d3dy53My5vcmcvMjAwMC9zdmciPjwvc3ZnPg==\" style=\"--smush-placeholder-width: 819px; --smush-placeholder-aspect-ratio: 819\/1024;\" \/><\/figure><div class=\"wp-block-media-text__content\">\n<div style=\"height:20px\" aria-hidden=\"true\" class=\"wp-block-spacer\"><\/div>\n\n\n\n<p class=\"has-text-align-justify\">Daniel Freaker\u2019s paintings brings us visions that echo the sense of being unsure about what the future holds for us. <\/p>\n\n\n\n<p class=\"has-text-align-justify\">Die Spannung in seinen&nbsp;Werken wird durch seine ganz eigene Malweise&nbsp;erzeugt, die gleichzeitig figurativ und abstrakt, imagin\u00e4r und real, organisiert und chaotisch ist.<\/p>\n\n\n\n<div style=\"height:18px\" aria-hidden=\"true\" class=\"wp-block-spacer\"><\/div>\n\n\n\n<p class=\"has-text-align-right\"><em>Die Ausstellung \u201eTomorrow\u201c wird bis zum 31. Januar bei uns zu sehen sein.<\/em><\/p>\n\n\n\n<div style=\"height:58px\" aria-hidden=\"true\" class=\"wp-block-spacer\"><\/div>\n<\/div><\/div>\n\n\n\n<p class=\"has-text-align-justify\"> <\/p>\n\n\n\n<div style=\"height:30px\" aria-hidden=\"true\" class=\"wp-block-spacer\"><\/div>\n\n\n\n<div style=\"height:40px\" aria-hidden=\"true\" class=\"wp-block-spacer\"><\/div>\n\n\n<style>.wp-block-kadence-spacer.kt-block-spacer-2808_c9ab9e-9f .kt-block-spacer{height:25px;}.wp-block-kadence-spacer.kt-block-spacer-2808_c9ab9e-9f .kt-divider{border-top-width:1px;height:1px;border-top-color:#eeeeee;width:100%;border-top-style:solid;}<\/style>\n<div class=\"wp-block-kadence-spacer aligncenter kt-block-spacer-2808_c9ab9e-9f\"><div class=\"kt-block-spacer kt-block-spacer-halign-center\"><hr class=\"kt-divider\"\/><\/div><\/div>\n\n\n\n<h2 class=\"wp-block-heading\">Meet the Artists<\/h2>\n\n\n\n<div style=\"height:20px\" aria-hidden=\"true\" class=\"wp-block-spacer\"><\/div>\n\n\n<style>.kb-image2808_568f6b-68.kb-image-is-ratio-size, .kb-image2808_568f6b-68 .kb-image-is-ratio-size{max-width:282px;width:100%;}.wp-block-kadence-column > .kt-inside-inner-col > .kb-image2808_568f6b-68.kb-image-is-ratio-size, .wp-block-kadence-column > .kt-inside-inner-col > .kb-image2808_568f6b-68 .kb-image-is-ratio-size{align-self:unset;}.kb-image2808_568f6b-68 figure{max-width:282px;}.kb-image2808_568f6b-68 .image-is-svg, .kb-image2808_568f6b-68 .image-is-svg img{width:100%;}.kb-image2808_568f6b-68 .kb-image-has-overlay:after{opacity:0.3;}<\/style>\n<div class=\"wp-block-kadence-image kb-image2808_568f6b-68\"><figure class=\"aligncenter size-large kb-image-is-ratio-size\"><a href=\"https:\/\/mumagallery.com\/en\/muma-gallery-artists\/daniel-freaker\/\" class=\"kb-advanced-image-link\" target=\"_blank\" rel=\"noopener noreferrer\"><div class=\"kb-is-ratio-image kb-image-ratio-square\"><img decoding=\"async\" width=\"732\" height=\"1024\" data-src=\"https:\/\/mumagallery.com\/wp-content\/uploads\/2024\/09\/muma01-732x1024.jpg\" alt=\"Daniel Freaker MUMA Gallery Hamburg Malerei paintings\" class=\"kb-img wp-image-2737 lazyload\" data-srcset=\"https:\/\/mumagallery.com\/wp-content\/uploads\/2024\/09\/muma01-732x1024.jpg 732w, https:\/\/mumagallery.com\/wp-content\/uploads\/2024\/09\/muma01-214x300.jpg 214w, https:\/\/mumagallery.com\/wp-content\/uploads\/2024\/09\/muma01-768x1075.jpg 768w, https:\/\/mumagallery.com\/wp-content\/uploads\/2024\/09\/muma01-1097x1536.jpg 1097w, https:\/\/mumagallery.com\/wp-content\/uploads\/2024\/09\/muma01-9x12.jpg 9w, https:\/\/mumagallery.com\/wp-content\/uploads\/2024\/09\/muma01-700x980.jpg 700w, https:\/\/mumagallery.com\/wp-content\/uploads\/2024\/09\/muma01-520x728.jpg 520w, https:\/\/mumagallery.com\/wp-content\/uploads\/2024\/09\/muma01-360x504.jpg 360w, https:\/\/mumagallery.com\/wp-content\/uploads\/2024\/09\/muma01-250x350.jpg 250w, https:\/\/mumagallery.com\/wp-content\/uploads\/2024\/09\/muma01-100x140.jpg 100w, https:\/\/mumagallery.com\/wp-content\/uploads\/2024\/09\/muma01-600x840.jpg 600w, https:\/\/mumagallery.com\/wp-content\/uploads\/2024\/09\/muma01.jpg 1271w\" data-sizes=\"(max-width: 732px) 100vw, 732px\" src=\"data:image\/svg+xml;base64,PHN2ZyB3aWR0aD0iMSIgaGVpZ2h0PSIxIiB4bWxucz0iaHR0cDovL3d3dy53My5vcmcvMjAwMC9zdmciPjwvc3ZnPg==\" style=\"--smush-placeholder-width: 732px; --smush-placeholder-aspect-ratio: 732\/1024;\" \/><\/div><\/a><\/figure><\/div>\n\n\n\n<p class=\"has-text-align-center\">Daniel Freaker<\/p>\n\n\n<style>.wp-block-kadence-spacer.kt-block-spacer-2808_f0469d-24 .kt-block-spacer{height:80px;}.wp-block-kadence-spacer.kt-block-spacer-2808_f0469d-24 .kt-divider{border-top-width:1px;height:1px;border-top-color:#eeeeee;width:100%;border-top-style:solid;}<\/style>\n<div class=\"wp-block-kadence-spacer aligncenter kt-block-spacer-2808_f0469d-24\"><div class=\"kt-block-spacer kt-block-spacer-halign-center\"><hr class=\"kt-divider\"\/><\/div><\/div>\n\n\n<style>.kb-image2808_de30a2-a6 .kb-image-has-overlay:after{opacity:0.3;}<\/style>\n<div class=\"wp-block-kadence-image kb-image2808_de30a2-a6\"><figure class=\"aligncenter size-full\"><img decoding=\"async\" width=\"300\" height=\"93\" data-src=\"https:\/\/mumagallery.com\/wp-content\/uploads\/2022\/12\/Schriftzug4.jpg\" alt=\"Muma Galerie Hamburg Kunst Logo\" class=\"kb-img wp-image-802 lazyload\" data-srcset=\"https:\/\/mumagallery.com\/wp-content\/uploads\/2022\/12\/Schriftzug4.jpg 300w, https:\/\/mumagallery.com\/wp-content\/uploads\/2022\/12\/Schriftzug4-18x6.jpg 18w, https:\/\/mumagallery.com\/wp-content\/uploads\/2022\/12\/Schriftzug4-250x78.jpg 250w, https:\/\/mumagallery.com\/wp-content\/uploads\/2022\/12\/Schriftzug4-100x31.jpg 100w\" data-sizes=\"(max-width: 300px) 100vw, 300px\" src=\"data:image\/svg+xml;base64,PHN2ZyB3aWR0aD0iMSIgaGVpZ2h0PSIxIiB4bWxucz0iaHR0cDovL3d3dy53My5vcmcvMjAwMC9zdmciPjwvc3ZnPg==\" style=\"--smush-placeholder-width: 300px; --smush-placeholder-aspect-ratio: 300\/93;\" \/><\/figure><\/div>\n\n\n<div class=\"wp-block-image caption-align-center\">\n<figure class=\"aligncenter size-thumbnail is-resized\"><img decoding=\"async\" data-src=\"https:\/\/mumagallery.com\/wp-content\/uploads\/2023\/09\/Muma-Logo-small-150x150.jpg\" alt=\"Muma Gallery Hamburg Galerie Ausstellung Kunst Malerei Fotografie 4\" class=\"wp-image-1686 lazyload\" width=\"100\" data-srcset=\"https:\/\/mumagallery.com\/wp-content\/uploads\/2023\/09\/Muma-Logo-small-150x150.jpg 150w, https:\/\/mumagallery.com\/wp-content\/uploads\/2023\/09\/Muma-Logo-small-12x12.jpg 12w, https:\/\/mumagallery.com\/wp-content\/uploads\/2023\/09\/Muma-Logo-small-100x100.jpg 100w, https:\/\/mumagallery.com\/wp-content\/uploads\/2023\/09\/Muma-Logo-small.jpg 200w\" data-sizes=\"(max-width: 150px) 100vw, 150px\" src=\"data:image\/svg+xml;base64,PHN2ZyB3aWR0aD0iMSIgaGVpZ2h0PSIxIiB4bWxucz0iaHR0cDovL3d3dy53My5vcmcvMjAwMC9zdmciPjwvc3ZnPg==\" style=\"--smush-placeholder-width: 150px; --smush-placeholder-aspect-ratio: 150\/150;\" \/><\/figure>\n<\/div>\n\n\n<div style=\"height:29px\" aria-hidden=\"true\" class=\"wp-block-spacer\"><\/div>\n\n\n\n<p class=\"has-text-align-center\"><strong>Muma Gallery<\/strong> <\/p>\n\n\n\n<p class=\"has-text-align-center\">Eppendorfer Weg 235 | 20251 Hamburg<\/p>\n\n\n\n<p class=\"has-text-align-center\">fon: +49 (0)40 49 4499 55 | mail: info@mumagallery.com<\/p>\n\n\n\n<p class=\"has-text-align-center\"><strong>Opening Hours:<\/strong><\/p>\n\n\n\n<p class=\"has-text-align-center\">Thursday &amp; Friday 4 to 7 pm and on request<\/p>\n\n\n\n<div style=\"height:10px\" aria-hidden=\"true\" class=\"wp-block-spacer\"><\/div>\n\n\n<style>.wp-block-kadence-advancedbtn.kb-btns2808_d04dbd-44{gap:var(--global-kb-gap-xs, 0.5rem );justify-content:center;align-items:center;}.kt-btns2808_d04dbd-44 .kt-button{font-weight:normal;font-style:normal;}<\/style>\n<div class=\"wp-block-kadence-advancedbtn kb-buttons-wrap kb-btns2808_d04dbd-44\"><\/div>\n\n\n\n<div style=\"height:25px\" aria-hidden=\"true\" class=\"wp-block-spacer\"><\/div>\n\n\n\n<h4 class=\"has-text-align-center wp-block-heading\"><a href=\"https:\/\/mumagallery.com\/en\/muma-gallery-artists\/\">ARTISTS<\/a><span style=\"background-color:#ffffff\" class=\"has-inline-background\">|<\/span><a href=\"https:\/\/mumagallery.com\/en\/ausstellungen\/\" class=\"ek-link\">EXHIBITS<\/a><span style=\"background-color:#ffffff\" class=\"has-inline-background\">|<\/span><a href=\"https:\/\/mumagallery.com\/en\/available-art\/\" class=\"ek-link\">SHOP<\/a><\/h4>","protected":false},"excerpt":{"rendered":"<p>Meet the Artists Daniel Freaker Muma Gallery Eppendorfer Weg 235 | 20251 Hamburg fon: +49 (0)40 49 4499 55 | mail: info@mumagallery.com \u00d6ffnungszeiten: Do &amp; Fr 16:00 bis 19:00 Uhr und auf Anfrage ARTISTS|EXHIBITS|SHOP<\/p>","protected":false},"author":1,"featured_media":0,"parent":0,"menu_order":0,"comment_status":"closed","ping_status":"closed","template":"","meta":{"_editorskit_title_hidden":false,"_editorskit_reading_time":0,"_editorskit_is_block_options_detached":false,"_editorskit_block_options_position":"{}","footnotes":""},"class_list":["post-2808","page","type-page","status-publish","hentry","clearfix"],"yoast_head":"<!-- This site is optimized with the Yoast SEO plugin v27.2 - https:\/\/yoast.com\/product\/yoast-seo-wordpress\/ -->\n<title>Ausstellung &quot;Tomorrow&quot; - Daniel Freaker<\/title>\n<meta name=\"description\" content=\"Wir freuen uns sehr, den englischen Maler Daniel Freaker das erste Mal bei uns, mit einer umfangreichen Einzelausstellung, pr\u00e4sentieren zu d\u00fcrfen.\" \/>\n<meta name=\"robots\" content=\"index, follow, max-snippet:-1, max-image-preview:large, max-video-preview:-1\" \/>\n<link rel=\"canonical\" href=\"https:\/\/mumagallery.com\/en\/tomorrow\/\" \/>\n<meta property=\"og:locale\" content=\"en_US\" \/>\n<meta property=\"og:type\" content=\"article\" \/>\n<meta property=\"og:title\" content=\"Ausstellung &quot;Tomorrow&quot; - Daniel Freaker\" \/>\n<meta property=\"og:description\" content=\"Wir freuen uns sehr, den englischen Maler Daniel Freaker das erste Mal bei uns, mit einer umfangreichen Einzelausstellung, pr\u00e4sentieren zu d\u00fcrfen.\" \/>\n<meta property=\"og:url\" content=\"https:\/\/mumagallery.com\/en\/tomorrow\/\" \/>\n<meta property=\"og:site_name\" content=\"Muma Gallery\" \/>\n<meta property=\"article:modified_time\" content=\"2025-01-14T09:45:58+00:00\" \/>\n<meta property=\"og:image\" content=\"https:\/\/mumagallery.com\/wp-content\/uploads\/2024\/10\/FlyerWeb.jpg\" \/>\n<meta name=\"twitter:card\" content=\"summary_large_image\" \/>\n<meta name=\"twitter:label1\" content=\"Est. reading time\" \/>\n\t<meta name=\"twitter:data1\" content=\"3 minutes\" \/>\n<script type=\"application\/ld+json\" class=\"yoast-schema-graph\">{\"@context\":\"https:\/\/schema.org\",\"@graph\":[{\"@type\":\"WebPage\",\"@id\":\"https:\/\/mumagallery.com\/tomorrow\/\",\"url\":\"https:\/\/mumagallery.com\/tomorrow\/\",\"name\":\"Ausstellung \\\"Tomorrow\\\" - Daniel Freaker\",\"isPartOf\":{\"@id\":\"https:\/\/mumagallery.com\/#website\"},\"primaryImageOfPage\":{\"@id\":\"https:\/\/mumagallery.com\/tomorrow\/#primaryimage\"},\"image\":{\"@id\":\"https:\/\/mumagallery.com\/tomorrow\/#primaryimage\"},\"thumbnailUrl\":\"https:\/\/mumagallery.com\/wp-content\/uploads\/2024\/10\/FlyerWeb.jpg\",\"datePublished\":\"2024-10-29T11:12:54+00:00\",\"dateModified\":\"2025-01-14T09:45:58+00:00\",\"description\":\"Wir freuen uns sehr, den englischen Maler Daniel Freaker das erste Mal bei uns, mit einer umfangreichen Einzelausstellung, pr\u00e4sentieren zu d\u00fcrfen.\",\"breadcrumb\":{\"@id\":\"https:\/\/mumagallery.com\/tomorrow\/#breadcrumb\"},\"inLanguage\":\"en-US\",\"potentialAction\":[{\"@type\":\"ReadAction\",\"target\":[\"https:\/\/mumagallery.com\/tomorrow\/\"]}]},{\"@type\":\"ImageObject\",\"inLanguage\":\"en-US\",\"@id\":\"https:\/\/mumagallery.com\/tomorrow\/#primaryimage\",\"url\":\"https:\/\/mumagallery.com\/wp-content\/uploads\/2024\/10\/FlyerWeb.jpg\",\"contentUrl\":\"https:\/\/mumagallery.com\/wp-content\/uploads\/2024\/10\/FlyerWeb.jpg\"},{\"@type\":\"BreadcrumbList\",\"@id\":\"https:\/\/mumagallery.com\/tomorrow\/#breadcrumb\",\"itemListElement\":[{\"@type\":\"ListItem\",\"position\":1,\"name\":\"Home\",\"item\":\"https:\/\/mumagallery.com\/\"},{\"@type\":\"ListItem\",\"position\":2,\"name\":\"Tomorrow\"}]},{\"@type\":\"WebSite\",\"@id\":\"https:\/\/mumagallery.com\/#website\",\"url\":\"https:\/\/mumagallery.com\/\",\"name\":\"Muma Gallery\",\"description\":\"Just great art from Hamburg\",\"publisher\":{\"@id\":\"https:\/\/mumagallery.com\/#organization\"},\"potentialAction\":[{\"@type\":\"SearchAction\",\"target\":{\"@type\":\"EntryPoint\",\"urlTemplate\":\"https:\/\/mumagallery.com\/?s={search_term_string}\"},\"query-input\":{\"@type\":\"PropertyValueSpecification\",\"valueRequired\":true,\"valueName\":\"search_term_string\"}}],\"inLanguage\":\"en-US\"},{\"@type\":\"Organization\",\"@id\":\"https:\/\/mumagallery.com\/#organization\",\"name\":\"Muma Gallery\",\"url\":\"https:\/\/mumagallery.com\/\",\"logo\":{\"@type\":\"ImageObject\",\"inLanguage\":\"en-US\",\"@id\":\"https:\/\/mumagallery.com\/#\/schema\/logo\/image\/\",\"url\":\"https:\/\/mumagallery.com\/wp-content\/uploads\/2022\/11\/cropped-Logo2.png\",\"contentUrl\":\"https:\/\/mumagallery.com\/wp-content\/uploads\/2022\/11\/cropped-Logo2.png\",\"width\":200,\"height\":80,\"caption\":\"Muma Gallery\"},\"image\":{\"@id\":\"https:\/\/mumagallery.com\/#\/schema\/logo\/image\/\"}}]}<\/script>\n<!-- \/ Yoast SEO plugin. -->","yoast_head_json":{"title":"Ausstellung \"Tomorrow\" - Daniel Freaker","description":"Wir freuen uns sehr, den englischen Maler Daniel Freaker das erste Mal bei uns, mit einer umfangreichen Einzelausstellung, pr\u00e4sentieren zu d\u00fcrfen.","robots":{"index":"index","follow":"follow","max-snippet":"max-snippet:-1","max-image-preview":"max-image-preview:large","max-video-preview":"max-video-preview:-1"},"canonical":"https:\/\/mumagallery.com\/en\/tomorrow\/","og_locale":"en_US","og_type":"article","og_title":"Ausstellung \"Tomorrow\" - Daniel Freaker","og_description":"Wir freuen uns sehr, den englischen Maler Daniel Freaker das erste Mal bei uns, mit einer umfangreichen Einzelausstellung, pr\u00e4sentieren zu d\u00fcrfen.","og_url":"https:\/\/mumagallery.com\/en\/tomorrow\/","og_site_name":"Muma Gallery","article_modified_time":"2025-01-14T09:45:58+00:00","og_image":[{"url":"https:\/\/mumagallery.com\/wp-content\/uploads\/2024\/10\/FlyerWeb.jpg","type":"","width":"","height":""}],"twitter_card":"summary_large_image","twitter_misc":{"Est. reading time":"3 minutes"},"schema":{"@context":"https:\/\/schema.org","@graph":[{"@type":"WebPage","@id":"https:\/\/mumagallery.com\/tomorrow\/","url":"https:\/\/mumagallery.com\/tomorrow\/","name":"Ausstellung \"Tomorrow\" - Daniel Freaker","isPartOf":{"@id":"https:\/\/mumagallery.com\/#website"},"primaryImageOfPage":{"@id":"https:\/\/mumagallery.com\/tomorrow\/#primaryimage"},"image":{"@id":"https:\/\/mumagallery.com\/tomorrow\/#primaryimage"},"thumbnailUrl":"https:\/\/mumagallery.com\/wp-content\/uploads\/2024\/10\/FlyerWeb.jpg","datePublished":"2024-10-29T11:12:54+00:00","dateModified":"2025-01-14T09:45:58+00:00","description":"Wir freuen uns sehr, den englischen Maler Daniel Freaker das erste Mal bei uns, mit einer umfangreichen Einzelausstellung, pr\u00e4sentieren zu d\u00fcrfen.","breadcrumb":{"@id":"https:\/\/mumagallery.com\/tomorrow\/#breadcrumb"},"inLanguage":"en-US","potentialAction":[{"@type":"ReadAction","target":["https:\/\/mumagallery.com\/tomorrow\/"]}]},{"@type":"ImageObject","inLanguage":"en-US","@id":"https:\/\/mumagallery.com\/tomorrow\/#primaryimage","url":"https:\/\/mumagallery.com\/wp-content\/uploads\/2024\/10\/FlyerWeb.jpg","contentUrl":"https:\/\/mumagallery.com\/wp-content\/uploads\/2024\/10\/FlyerWeb.jpg"},{"@type":"BreadcrumbList","@id":"https:\/\/mumagallery.com\/tomorrow\/#breadcrumb","itemListElement":[{"@type":"ListItem","position":1,"name":"Home","item":"https:\/\/mumagallery.com\/"},{"@type":"ListItem","position":2,"name":"Tomorrow"}]},{"@type":"WebSite","@id":"https:\/\/mumagallery.com\/#website","url":"https:\/\/mumagallery.com\/","name":"Muma Gallery","description":"Just great art from Hamburg","publisher":{"@id":"https:\/\/mumagallery.com\/#organization"},"potentialAction":[{"@type":"SearchAction","target":{"@type":"EntryPoint","urlTemplate":"https:\/\/mumagallery.com\/?s={search_term_string}"},"query-input":{"@type":"PropertyValueSpecification","valueRequired":true,"valueName":"search_term_string"}}],"inLanguage":"en-US"},{"@type":"Organization","@id":"https:\/\/mumagallery.com\/#organization","name":"Muma Gallery","url":"https:\/\/mumagallery.com\/","logo":{"@type":"ImageObject","inLanguage":"en-US","@id":"https:\/\/mumagallery.com\/#\/schema\/logo\/image\/","url":"https:\/\/mumagallery.com\/wp-content\/uploads\/2022\/11\/cropped-Logo2.png","contentUrl":"https:\/\/mumagallery.com\/wp-content\/uploads\/2022\/11\/cropped-Logo2.png","width":200,"height":80,"caption":"Muma Gallery"},"image":{"@id":"https:\/\/mumagallery.com\/#\/schema\/logo\/image\/"}}]}},"_links":{"self":[{"href":"https:\/\/mumagallery.com\/en\/wp-json\/wp\/v2\/pages\/2808","targetHints":{"allow":["GET"]}}],"collection":[{"href":"https:\/\/mumagallery.com\/en\/wp-json\/wp\/v2\/pages"}],"about":[{"href":"https:\/\/mumagallery.com\/en\/wp-json\/wp\/v2\/types\/page"}],"author":[{"embeddable":true,"href":"https:\/\/mumagallery.com\/en\/wp-json\/wp\/v2\/users\/1"}],"replies":[{"embeddable":true,"href":"https:\/\/mumagallery.com\/en\/wp-json\/wp\/v2\/comments?post=2808"}],"version-history":[{"count":0,"href":"https:\/\/mumagallery.com\/en\/wp-json\/wp\/v2\/pages\/2808\/revisions"}],"wp:attachment":[{"href":"https:\/\/mumagallery.com\/en\/wp-json\/wp\/v2\/media?parent=2808"}],"curies":[{"name":"wp","href":"https:\/\/api.w.org\/{rel}","templated":true}]}}