{"id":2528,"date":"2024-04-01T10:59:55","date_gmt":"2024-04-01T08:59:55","guid":{"rendered":"https:\/\/mumagallery.com\/?page_id=2528"},"modified":"2024-04-01T11:00:00","modified_gmt":"2024-04-01T09:00:00","slug":"stefan-milev","status":"publish","type":"page","link":"https:\/\/mumagallery.com\/en\/ausstellungen\/stefan-milev\/","title":{"rendered":"&#8222;Encyclopedia 24&#8220;"},"content":{"rendered":"<div style=\"height:40px\" aria-hidden=\"true\" class=\"wp-block-spacer\"><\/div>\n\n\n\n<div class=\"wp-block-media-text alignwide is-stacked-on-mobile is-vertically-aligned-top\" style=\"grid-template-columns:39% auto\"><figure class=\"wp-block-media-text__media\"><img decoding=\"async\" width=\"636\" height=\"900\" data-src=\"https:\/\/mumagallery.com\/wp-content\/uploads\/2024\/04\/poster-stefan-milev.jpg\" alt=\"Ausstellung Stefan Milev Muma Galerie Hamburg 1\" class=\"wp-image-2529 size-full lazyload\" data-srcset=\"https:\/\/mumagallery.com\/wp-content\/uploads\/2024\/04\/poster-stefan-milev.jpg 636w, https:\/\/mumagallery.com\/wp-content\/uploads\/2024\/04\/poster-stefan-milev-212x300.jpg 212w, https:\/\/mumagallery.com\/wp-content\/uploads\/2024\/04\/poster-stefan-milev-8x12.jpg 8w, https:\/\/mumagallery.com\/wp-content\/uploads\/2024\/04\/poster-stefan-milev-520x736.jpg 520w, https:\/\/mumagallery.com\/wp-content\/uploads\/2024\/04\/poster-stefan-milev-360x509.jpg 360w, https:\/\/mumagallery.com\/wp-content\/uploads\/2024\/04\/poster-stefan-milev-250x354.jpg 250w, https:\/\/mumagallery.com\/wp-content\/uploads\/2024\/04\/poster-stefan-milev-100x142.jpg 100w, https:\/\/mumagallery.com\/wp-content\/uploads\/2024\/04\/poster-stefan-milev-600x849.jpg 600w\" data-sizes=\"(max-width: 636px) 100vw, 636px\" src=\"data:image\/svg+xml;base64,PHN2ZyB3aWR0aD0iMSIgaGVpZ2h0PSIxIiB4bWxucz0iaHR0cDovL3d3dy53My5vcmcvMjAwMC9zdmciPjwvc3ZnPg==\" style=\"--smush-placeholder-width: 636px; --smush-placeholder-aspect-ratio: 636\/900;\" \/><\/figure><div class=\"wp-block-media-text__content\">\n<h2 class=\"has-text-align-right wp-block-heading\">18.04.2024 bis 18.05.2024<\/h2>\n\n\n\n<p class=\"has-text-align-right\"><strong>Stefan Milev<\/strong><\/p>\n\n\n\n<p class=\"has-text-align-right\">&#8222;Encyclopedia 24&#8220;<\/p>\n\n\n<style>.wp-block-kadence-spacer.kt-block-spacer-2528_d4a85c-bd .kt-block-spacer{height:60px;}.wp-block-kadence-spacer.kt-block-spacer-2528_d4a85c-bd .kt-divider{border-top-width:1px;height:1px;border-top-color:#eeeeee;width:100%;border-top-style:solid;}<\/style>\n<div class=\"wp-block-kadence-spacer aligncenter kt-block-spacer-2528_d4a85c-bd\"><div class=\"kt-block-spacer kt-block-spacer-halign-center\"><hr class=\"kt-divider\"\/><\/div><\/div>\n\n\n\n<p class=\"has-text-align-justify\">Ab dem 18. April\u00a02024\u00a0pr\u00e4sentiert die MUMA Gallery den international renommierten\u00a0K\u00fcnstler Stefan Milev in der umfangreichen Einzelausstellung\u00a0\u201eEnzyclopedia 24\u201c.\u00a0<\/p>\n\n\n\n<p class=\"has-text-align-justify\">Stefan Milev entf\u00fchrt die Besucher in eine Welt analoger Schwarz-Wei\u00df-Fotografie, die von den fr\u00fchen Kunstfotografen wie Alvin Langdon Coburn, George Seeley und Man Ray inspiriert ist. <\/p>\n<\/div><\/div>\n\n\n\n<div style=\"height:70px\" aria-hidden=\"true\" class=\"wp-block-spacer\"><\/div>\n\n\n\n<div class=\"wp-block-media-text alignwide has-media-on-the-right is-stacked-on-mobile is-vertically-aligned-top\" style=\"grid-template-columns:auto 34%\"><div class=\"wp-block-media-text__content\">\n<p class=\"has-text-align-justify\">With his masterful use of techniques such as light painting and double exposures, Milev creates fascinating works in which people take center stage - sensitively and empathetically portrayed, surrounded by an aura of the mystical and abstract.<\/p>\n\n\n\n<p class=\"has-text-align-justify\">In den Worten des K\u00fcnstlers: &#8222;Mentale Freiheit ist die Luft, die ich atme. Generell bin ich beeinflusst vom Leben, ich empfinde mich als einen Beobachter und Visualisten der die Einfachheit und Zeit liebt.&#8220;<\/p>\n\n\n\n<p class=\"has-text-align-justify\">Die Ausstellung \u201eEnzyclopedia 24\u201c zeigt Milevs beeindruckende k\u00fcnstlerische Bandbreite\u00a0und\u00a0pr\u00e4sentiert eine zeitgem\u00e4\u00dfe Interpretation der Stile des Surrealismus, Expressionismus und Naturalismus. Zu sehen sind nicht nur Originale von seinen Werken, sondern auch Handabz\u00fcge in limitierten Editionen, teilweise handkoloriert. Die Ausstellung umfasst zudem\u00a0Portr\u00e4ts prominenter Pers\u00f6nlichkeiten wie Iggy Pop und Marina Abramovic.<\/p>\n\n\n\n<p class=\"has-text-align-justify\">Milevs&nbsp;Werke wurden bereits in internationalen Kunstmetropolen wie New York, Paris und London ausgestellt und haben weltweite Anerkennung gefunden.<\/p>\n\n\n\n<p class=\"has-text-align-justify\"><em>&#8222;Encyclopedia 24&#8220; ist bis zum 18. Mai, jeweils Donnerstag und Freitag von 16:00 bis 19:00 Uhr, bei uns in der MUMA Gallery zu bewundern.<\/em><\/p>\n<\/div><figure class=\"wp-block-media-text__media\"><img decoding=\"async\" width=\"720\" height=\"900\" data-src=\"https:\/\/mumagallery.com\/wp-content\/uploads\/2024\/04\/stefan-milev-5.jpg\" alt=\"\" class=\"wp-image-2534 size-full lazyload\" data-srcset=\"https:\/\/mumagallery.com\/wp-content\/uploads\/2024\/04\/stefan-milev-5.jpg 720w, https:\/\/mumagallery.com\/wp-content\/uploads\/2024\/04\/stefan-milev-5-240x300.jpg 240w, https:\/\/mumagallery.com\/wp-content\/uploads\/2024\/04\/stefan-milev-5-10x12.jpg 10w, https:\/\/mumagallery.com\/wp-content\/uploads\/2024\/04\/stefan-milev-5-700x875.jpg 700w, https:\/\/mumagallery.com\/wp-content\/uploads\/2024\/04\/stefan-milev-5-520x650.jpg 520w, https:\/\/mumagallery.com\/wp-content\/uploads\/2024\/04\/stefan-milev-5-360x450.jpg 360w, https:\/\/mumagallery.com\/wp-content\/uploads\/2024\/04\/stefan-milev-5-250x313.jpg 250w, https:\/\/mumagallery.com\/wp-content\/uploads\/2024\/04\/stefan-milev-5-100x125.jpg 100w, https:\/\/mumagallery.com\/wp-content\/uploads\/2024\/04\/stefan-milev-5-600x750.jpg 600w\" data-sizes=\"(max-width: 720px) 100vw, 720px\" src=\"data:image\/svg+xml;base64,PHN2ZyB3aWR0aD0iMSIgaGVpZ2h0PSIxIiB4bWxucz0iaHR0cDovL3d3dy53My5vcmcvMjAwMC9zdmciPjwvc3ZnPg==\" style=\"--smush-placeholder-width: 720px; --smush-placeholder-aspect-ratio: 720\/900;\" \/><\/figure><\/div>\n\n\n\n<div style=\"height:70px\" aria-hidden=\"true\" class=\"wp-block-spacer\"><\/div>\n\n\n\n<div class=\"wp-block-media-text alignwide is-stacked-on-mobile is-vertically-aligned-bottom\" style=\"grid-template-columns:29% auto\"><figure class=\"wp-block-media-text__media\"><img decoding=\"async\" width=\"708\" height=\"900\" data-src=\"https:\/\/mumagallery.com\/wp-content\/uploads\/2024\/04\/stefan-milev-3.jpg\" alt=\"\" class=\"wp-image-2532 size-full lazyload\" data-srcset=\"https:\/\/mumagallery.com\/wp-content\/uploads\/2024\/04\/stefan-milev-3.jpg 708w, https:\/\/mumagallery.com\/wp-content\/uploads\/2024\/04\/stefan-milev-3-236x300.jpg 236w, https:\/\/mumagallery.com\/wp-content\/uploads\/2024\/04\/stefan-milev-3-9x12.jpg 9w, https:\/\/mumagallery.com\/wp-content\/uploads\/2024\/04\/stefan-milev-3-700x890.jpg 700w, https:\/\/mumagallery.com\/wp-content\/uploads\/2024\/04\/stefan-milev-3-520x661.jpg 520w, https:\/\/mumagallery.com\/wp-content\/uploads\/2024\/04\/stefan-milev-3-360x458.jpg 360w, https:\/\/mumagallery.com\/wp-content\/uploads\/2024\/04\/stefan-milev-3-250x318.jpg 250w, https:\/\/mumagallery.com\/wp-content\/uploads\/2024\/04\/stefan-milev-3-100x127.jpg 100w, https:\/\/mumagallery.com\/wp-content\/uploads\/2024\/04\/stefan-milev-3-600x763.jpg 600w\" data-sizes=\"(max-width: 708px) 100vw, 708px\" src=\"data:image\/svg+xml;base64,PHN2ZyB3aWR0aD0iMSIgaGVpZ2h0PSIxIiB4bWxucz0iaHR0cDovL3d3dy53My5vcmcvMjAwMC9zdmciPjwvc3ZnPg==\" style=\"--smush-placeholder-width: 708px; --smush-placeholder-aspect-ratio: 708\/900;\" \/><\/figure><div class=\"wp-block-media-text__content\"><style>.wp-block-kadence-spacer.kt-block-spacer-2528_1b917f-bb .kt-block-spacer{height:40px;}.wp-block-kadence-spacer.kt-block-spacer-2528_1b917f-bb .kt-divider{border-top-width:1px;height:1px;border-top-color:#eeeeee;width:100%;border-top-style:solid;}<\/style>\n<div class=\"wp-block-kadence-spacer aligncenter kt-block-spacer-2528_1b917f-bb\"><div class=\"kt-block-spacer kt-block-spacer-halign-center\"><hr class=\"kt-divider\"\/><\/div><\/div>\n\n\n\n<p class=\"has-text-align-right\"> T I M E T A B L E<\/p>\n\n\n\n<p class=\"has-text-align-right\"><strong>VERNISSAGE<\/strong> Do, den 18.04.2024 ab 19:00 Uhr<\/p>\n\n\n\n<p class=\"has-text-align-right\"><strong>PARTY<\/strong> Sa, den 20.04.2024 ab 20:00 Uhr<\/p>\n\n\n\n<p class=\"has-text-align-right\"><\/p>\n\n\n\n<div style=\"height:18px\" aria-hidden=\"true\" class=\"wp-block-spacer\"><\/div>\n\n\n\n<p class=\"has-text-align-right\"> <em>Wir bitten um Deine Anmeldung <a aria-label=\"HIER (opens in a new tab)\" href=\"https:\/\/mumagallery.com\/en\/rsvp\/\" target=\"_blank\" rel=\"noreferrer noopener\" class=\"ek-link\">HERE<\/a>.<\/em><\/p>\n<\/div><\/div>\n\n\n\n<div style=\"height:30px\" aria-hidden=\"true\" class=\"wp-block-spacer\"><\/div>\n\n\n<style>.wp-block-kadence-spacer.kt-block-spacer-2528_3b0b4b-34 .kt-block-spacer{height:60px;}.wp-block-kadence-spacer.kt-block-spacer-2528_3b0b4b-34 .kt-divider{border-top-width:1px;height:1px;border-top-color:#eee;width:100%;border-top-style:solid;}<\/style>\n<div class=\"wp-block-kadence-spacer aligncenter kt-block-spacer-2528_3b0b4b-34\"><div class=\"kt-block-spacer kt-block-spacer-halign-center\"><hr class=\"kt-divider\"\/><\/div><\/div>\n\n\n\n<div style=\"height:30px\" aria-hidden=\"true\" class=\"wp-block-spacer\"><\/div>\n\n\n<div class=\"wp-block-image caption-align-center\">\n<figure class=\"aligncenter size-thumbnail is-resized\"><img decoding=\"async\" data-src=\"https:\/\/mumagallery.com\/wp-content\/uploads\/2023\/09\/Muma-Logo-small-150x150.jpg\" alt=\"Muma Gallery Hamburg Galerie Ausstellung Kunst Malerei Fotografie 4\" class=\"wp-image-1686 lazyload\" width=\"100\" data-srcset=\"https:\/\/mumagallery.com\/wp-content\/uploads\/2023\/09\/Muma-Logo-small-150x150.jpg 150w, https:\/\/mumagallery.com\/wp-content\/uploads\/2023\/09\/Muma-Logo-small-12x12.jpg 12w, https:\/\/mumagallery.com\/wp-content\/uploads\/2023\/09\/Muma-Logo-small-100x100.jpg 100w, https:\/\/mumagallery.com\/wp-content\/uploads\/2023\/09\/Muma-Logo-small.jpg 200w\" data-sizes=\"(max-width: 150px) 100vw, 150px\" src=\"data:image\/svg+xml;base64,PHN2ZyB3aWR0aD0iMSIgaGVpZ2h0PSIxIiB4bWxucz0iaHR0cDovL3d3dy53My5vcmcvMjAwMC9zdmciPjwvc3ZnPg==\" style=\"--smush-placeholder-width: 150px; --smush-placeholder-aspect-ratio: 150\/150;\" \/><\/figure>\n<\/div>\n\n\n<div style=\"height:29px\" aria-hidden=\"true\" class=\"wp-block-spacer\"><\/div>\n\n\n\n<p class=\"has-text-align-center\"><strong>Muma Gallery<\/strong> <\/p>\n\n\n\n<p class=\"has-text-align-center\">Eppendorfer Weg 235 | 20251 Hamburg<\/p>\n\n\n\n<p class=\"has-text-align-center\">fon: +49 (0)40 49 4499 55 | mail: info@mumagallery.com<\/p>\n\n\n\n<p class=\"has-text-align-center\"><strong>Opening Hours:<\/strong><\/p>\n\n\n\n<p class=\"has-text-align-center\">Thursday &amp; Friday 4 to 7 pm and on request<\/p>\n\n\n\n<div style=\"height:10px\" aria-hidden=\"true\" class=\"wp-block-spacer\"><\/div>\n\n\n<style>.wp-block-kadence-advancedbtn.kb-btns2528_19f0d4-c0{gap:var(--global-kb-gap-xs, 0.5rem );justify-content:center;align-items:center;}.kt-btns2528_19f0d4-c0 .kt-button{font-weight:normal;font-style:normal;}<\/style>\n<div class=\"wp-block-kadence-advancedbtn kb-buttons-wrap kb-btns2528_19f0d4-c0\"><\/div>\n\n\n\n<div style=\"height:25px\" aria-hidden=\"true\" class=\"wp-block-spacer\"><\/div>\n\n\n\n<h4 class=\"has-text-align-center wp-block-heading\"><a href=\"https:\/\/mumagallery.com\/en\/muma-gallery-artists\/\">ARTISTS<\/a><span style=\"background-color:#ffffff\" class=\"has-inline-background\">|<\/span><a href=\"https:\/\/mumagallery.com\/en\/ausstellungen\/\" class=\"ek-link\">EXHIBITS<\/a><span style=\"background-color:#ffffff\" class=\"has-inline-background\">|<\/span><a href=\"https:\/\/mumagallery.com\/en\/available-art\/\" class=\"ek-link\">SHOP<\/a><\/h4>","protected":false},"excerpt":{"rendered":"<p>Mit seiner meisterhaften Anwendung von Techniken wie Lichtmalerei und Doppelbelichtungen schafft Milev faszinierende Werke, in denen der Mensch im Mittelpunkt steht &#8211; sensibel und einf\u00fchlsam portr\u00e4tiert, umgeben von einer Aura des Mystischen und Abstrakten. In den Worten des K\u00fcnstlers: &#8222;Mentale [&hellip;]<\/p>\n","protected":false},"author":1,"featured_media":0,"parent":474,"menu_order":0,"comment_status":"closed","ping_status":"closed","template":"","meta":{"_editorskit_title_hidden":false,"_editorskit_reading_time":0,"_editorskit_is_block_options_detached":false,"_editorskit_block_options_position":"{}","footnotes":""},"class_list":["post-2528","page","type-page","status-publish","hentry","clearfix"],"yoast_head":"<!-- This site is optimized with the Yoast SEO plugin v27.2 - https:\/\/yoast.com\/product\/yoast-seo-wordpress\/ -->\n<title>&quot;Encyclopedia 24&quot; - Muma Gallery<\/title>\n<meta name=\"description\" content=\"Ab dem 18. April 2024 pr\u00e4sentiert die MUMA Gallery den international renommierten K\u00fcnstler Stefan Milev in der umfangreichen Einzelausstellung \u201eEnzyclopedia 24\u201c.\" \/>\n<meta name=\"robots\" content=\"index, follow, max-snippet:-1, max-image-preview:large, max-video-preview:-1\" \/>\n<link rel=\"canonical\" href=\"https:\/\/mumagallery.com\/en\/ausstellungen\/stefan-milev\/\" \/>\n<meta property=\"og:locale\" content=\"en_US\" \/>\n<meta property=\"og:type\" content=\"article\" \/>\n<meta property=\"og:title\" content=\"&quot;Encyclopedia 24&quot; - Muma Gallery\" \/>\n<meta property=\"og:description\" content=\"Ab dem 18. April 2024 pr\u00e4sentiert die MUMA Gallery den international renommierten K\u00fcnstler Stefan Milev in der umfangreichen Einzelausstellung \u201eEnzyclopedia 24\u201c.\" \/>\n<meta property=\"og:url\" content=\"https:\/\/mumagallery.com\/en\/ausstellungen\/stefan-milev\/\" \/>\n<meta property=\"og:site_name\" content=\"Muma Gallery\" \/>\n<meta property=\"article:modified_time\" content=\"2024-04-01T09:00:00+00:00\" \/>\n<meta property=\"og:image\" content=\"https:\/\/mumagallery.com\/wp-content\/uploads\/2024\/04\/poster-stefan-milev.jpg\" \/>\n<meta name=\"twitter:card\" content=\"summary_large_image\" \/>\n<meta name=\"twitter:label1\" content=\"Est. reading time\" \/>\n\t<meta name=\"twitter:data1\" content=\"3 minutes\" \/>\n<script type=\"application\/ld+json\" class=\"yoast-schema-graph\">{\"@context\":\"https:\/\/schema.org\",\"@graph\":[{\"@type\":\"WebPage\",\"@id\":\"https:\/\/mumagallery.com\/ausstellungen\/stefan-milev\/\",\"url\":\"https:\/\/mumagallery.com\/ausstellungen\/stefan-milev\/\",\"name\":\"\\\"Encyclopedia 24\\\" - Muma Gallery\",\"isPartOf\":{\"@id\":\"https:\/\/mumagallery.com\/#website\"},\"primaryImageOfPage\":{\"@id\":\"https:\/\/mumagallery.com\/ausstellungen\/stefan-milev\/#primaryimage\"},\"image\":{\"@id\":\"https:\/\/mumagallery.com\/ausstellungen\/stefan-milev\/#primaryimage\"},\"thumbnailUrl\":\"https:\/\/mumagallery.com\/wp-content\/uploads\/2024\/04\/poster-stefan-milev.jpg\",\"datePublished\":\"2024-04-01T08:59:55+00:00\",\"dateModified\":\"2024-04-01T09:00:00+00:00\",\"description\":\"Ab dem 18. April 2024 pr\u00e4sentiert die MUMA Gallery den international renommierten K\u00fcnstler Stefan Milev in der umfangreichen Einzelausstellung \u201eEnzyclopedia 24\u201c.\",\"breadcrumb\":{\"@id\":\"https:\/\/mumagallery.com\/ausstellungen\/stefan-milev\/#breadcrumb\"},\"inLanguage\":\"en-US\",\"potentialAction\":[{\"@type\":\"ReadAction\",\"target\":[\"https:\/\/mumagallery.com\/ausstellungen\/stefan-milev\/\"]}]},{\"@type\":\"ImageObject\",\"inLanguage\":\"en-US\",\"@id\":\"https:\/\/mumagallery.com\/ausstellungen\/stefan-milev\/#primaryimage\",\"url\":\"https:\/\/mumagallery.com\/wp-content\/uploads\/2024\/04\/poster-stefan-milev.jpg\",\"contentUrl\":\"https:\/\/mumagallery.com\/wp-content\/uploads\/2024\/04\/poster-stefan-milev.jpg\"},{\"@type\":\"BreadcrumbList\",\"@id\":\"https:\/\/mumagallery.com\/ausstellungen\/stefan-milev\/#breadcrumb\",\"itemListElement\":[{\"@type\":\"ListItem\",\"position\":1,\"name\":\"Home\",\"item\":\"https:\/\/mumagallery.com\/\"},{\"@type\":\"ListItem\",\"position\":2,\"name\":\"Ausstellungen\",\"item\":\"https:\/\/mumagallery.com\/ausstellungen\/\"},{\"@type\":\"ListItem\",\"position\":3,\"name\":\"&#8220;Encyclopedia 24&#8221;\"}]},{\"@type\":\"WebSite\",\"@id\":\"https:\/\/mumagallery.com\/#website\",\"url\":\"https:\/\/mumagallery.com\/\",\"name\":\"Muma Gallery\",\"description\":\"Just great art from Hamburg\",\"publisher\":{\"@id\":\"https:\/\/mumagallery.com\/#organization\"},\"potentialAction\":[{\"@type\":\"SearchAction\",\"target\":{\"@type\":\"EntryPoint\",\"urlTemplate\":\"https:\/\/mumagallery.com\/?s={search_term_string}\"},\"query-input\":{\"@type\":\"PropertyValueSpecification\",\"valueRequired\":true,\"valueName\":\"search_term_string\"}}],\"inLanguage\":\"en-US\"},{\"@type\":\"Organization\",\"@id\":\"https:\/\/mumagallery.com\/#organization\",\"name\":\"Muma Gallery\",\"url\":\"https:\/\/mumagallery.com\/\",\"logo\":{\"@type\":\"ImageObject\",\"inLanguage\":\"en-US\",\"@id\":\"https:\/\/mumagallery.com\/#\/schema\/logo\/image\/\",\"url\":\"https:\/\/mumagallery.com\/wp-content\/uploads\/2022\/11\/cropped-Logo2.png\",\"contentUrl\":\"https:\/\/mumagallery.com\/wp-content\/uploads\/2022\/11\/cropped-Logo2.png\",\"width\":200,\"height\":80,\"caption\":\"Muma Gallery\"},\"image\":{\"@id\":\"https:\/\/mumagallery.com\/#\/schema\/logo\/image\/\"}}]}<\/script>\n<!-- \/ Yoast SEO plugin. -->","yoast_head_json":{"title":"\"Encyclopedia 24\" - Muma Gallery","description":"Ab dem 18. April 2024 pr\u00e4sentiert die MUMA Gallery den international renommierten K\u00fcnstler Stefan Milev in der umfangreichen Einzelausstellung \u201eEnzyclopedia 24\u201c.","robots":{"index":"index","follow":"follow","max-snippet":"max-snippet:-1","max-image-preview":"max-image-preview:large","max-video-preview":"max-video-preview:-1"},"canonical":"https:\/\/mumagallery.com\/en\/ausstellungen\/stefan-milev\/","og_locale":"en_US","og_type":"article","og_title":"\"Encyclopedia 24\" - Muma Gallery","og_description":"Ab dem 18. April 2024 pr\u00e4sentiert die MUMA Gallery den international renommierten K\u00fcnstler Stefan Milev in der umfangreichen Einzelausstellung \u201eEnzyclopedia 24\u201c.","og_url":"https:\/\/mumagallery.com\/en\/ausstellungen\/stefan-milev\/","og_site_name":"Muma Gallery","article_modified_time":"2024-04-01T09:00:00+00:00","og_image":[{"url":"https:\/\/mumagallery.com\/wp-content\/uploads\/2024\/04\/poster-stefan-milev.jpg","type":"","width":"","height":""}],"twitter_card":"summary_large_image","twitter_misc":{"Est. reading time":"3 minutes"},"schema":{"@context":"https:\/\/schema.org","@graph":[{"@type":"WebPage","@id":"https:\/\/mumagallery.com\/ausstellungen\/stefan-milev\/","url":"https:\/\/mumagallery.com\/ausstellungen\/stefan-milev\/","name":"\"Encyclopedia 24\" - Muma Gallery","isPartOf":{"@id":"https:\/\/mumagallery.com\/#website"},"primaryImageOfPage":{"@id":"https:\/\/mumagallery.com\/ausstellungen\/stefan-milev\/#primaryimage"},"image":{"@id":"https:\/\/mumagallery.com\/ausstellungen\/stefan-milev\/#primaryimage"},"thumbnailUrl":"https:\/\/mumagallery.com\/wp-content\/uploads\/2024\/04\/poster-stefan-milev.jpg","datePublished":"2024-04-01T08:59:55+00:00","dateModified":"2024-04-01T09:00:00+00:00","description":"Ab dem 18. April 2024 pr\u00e4sentiert die MUMA Gallery den international renommierten K\u00fcnstler Stefan Milev in der umfangreichen Einzelausstellung \u201eEnzyclopedia 24\u201c.","breadcrumb":{"@id":"https:\/\/mumagallery.com\/ausstellungen\/stefan-milev\/#breadcrumb"},"inLanguage":"en-US","potentialAction":[{"@type":"ReadAction","target":["https:\/\/mumagallery.com\/ausstellungen\/stefan-milev\/"]}]},{"@type":"ImageObject","inLanguage":"en-US","@id":"https:\/\/mumagallery.com\/ausstellungen\/stefan-milev\/#primaryimage","url":"https:\/\/mumagallery.com\/wp-content\/uploads\/2024\/04\/poster-stefan-milev.jpg","contentUrl":"https:\/\/mumagallery.com\/wp-content\/uploads\/2024\/04\/poster-stefan-milev.jpg"},{"@type":"BreadcrumbList","@id":"https:\/\/mumagallery.com\/ausstellungen\/stefan-milev\/#breadcrumb","itemListElement":[{"@type":"ListItem","position":1,"name":"Home","item":"https:\/\/mumagallery.com\/"},{"@type":"ListItem","position":2,"name":"Ausstellungen","item":"https:\/\/mumagallery.com\/ausstellungen\/"},{"@type":"ListItem","position":3,"name":"&#8220;Encyclopedia 24&#8221;"}]},{"@type":"WebSite","@id":"https:\/\/mumagallery.com\/#website","url":"https:\/\/mumagallery.com\/","name":"Muma Gallery","description":"Just great art from Hamburg","publisher":{"@id":"https:\/\/mumagallery.com\/#organization"},"potentialAction":[{"@type":"SearchAction","target":{"@type":"EntryPoint","urlTemplate":"https:\/\/mumagallery.com\/?s={search_term_string}"},"query-input":{"@type":"PropertyValueSpecification","valueRequired":true,"valueName":"search_term_string"}}],"inLanguage":"en-US"},{"@type":"Organization","@id":"https:\/\/mumagallery.com\/#organization","name":"Muma Gallery","url":"https:\/\/mumagallery.com\/","logo":{"@type":"ImageObject","inLanguage":"en-US","@id":"https:\/\/mumagallery.com\/#\/schema\/logo\/image\/","url":"https:\/\/mumagallery.com\/wp-content\/uploads\/2022\/11\/cropped-Logo2.png","contentUrl":"https:\/\/mumagallery.com\/wp-content\/uploads\/2022\/11\/cropped-Logo2.png","width":200,"height":80,"caption":"Muma Gallery"},"image":{"@id":"https:\/\/mumagallery.com\/#\/schema\/logo\/image\/"}}]}},"_links":{"self":[{"href":"https:\/\/mumagallery.com\/en\/wp-json\/wp\/v2\/pages\/2528","targetHints":{"allow":["GET"]}}],"collection":[{"href":"https:\/\/mumagallery.com\/en\/wp-json\/wp\/v2\/pages"}],"about":[{"href":"https:\/\/mumagallery.com\/en\/wp-json\/wp\/v2\/types\/page"}],"author":[{"embeddable":true,"href":"https:\/\/mumagallery.com\/en\/wp-json\/wp\/v2\/users\/1"}],"replies":[{"embeddable":true,"href":"https:\/\/mumagallery.com\/en\/wp-json\/wp\/v2\/comments?post=2528"}],"version-history":[{"count":0,"href":"https:\/\/mumagallery.com\/en\/wp-json\/wp\/v2\/pages\/2528\/revisions"}],"up":[{"embeddable":true,"href":"https:\/\/mumagallery.com\/en\/wp-json\/wp\/v2\/pages\/474"}],"wp:attachment":[{"href":"https:\/\/mumagallery.com\/en\/wp-json\/wp\/v2\/media?parent=2528"}],"curies":[{"name":"wp","href":"https:\/\/api.w.org\/{rel}","templated":true}]}}