{"id":2486,"date":"2024-02-19T12:32:08","date_gmt":"2024-02-19T11:32:08","guid":{"rendered":"https:\/\/mumagallery.com\/?page_id=2486"},"modified":"2024-02-19T13:18:11","modified_gmt":"2024-02-19T12:18:11","slug":"lost-in-reflection","status":"publish","type":"page","link":"https:\/\/mumagallery.com\/en\/ausstellungen\/lost-in-reflection\/","title":{"rendered":"&#8222;Lost in Reflection&#8220;"},"content":{"rendered":"<div style=\"height:40px\" aria-hidden=\"true\" class=\"wp-block-spacer\"><\/div>\n\n\n\n<div class=\"wp-block-media-text alignwide is-stacked-on-mobile is-vertically-aligned-top\" style=\"grid-template-columns:39% auto\"><figure class=\"wp-block-media-text__media\"><img decoding=\"async\" width=\"638\" height=\"900\" data-src=\"https:\/\/mumagallery.com\/wp-content\/uploads\/2024\/02\/FlyerWeb.jpg\" alt=\"Daniel Hellermann Ausstellung Muma Gallery Hamburg \" class=\"wp-image-2483 size-full lazyload\" data-srcset=\"https:\/\/mumagallery.com\/wp-content\/uploads\/2024\/02\/FlyerWeb.jpg 638w, https:\/\/mumagallery.com\/wp-content\/uploads\/2024\/02\/FlyerWeb-213x300.jpg 213w, https:\/\/mumagallery.com\/wp-content\/uploads\/2024\/02\/FlyerWeb-9x12.jpg 9w, https:\/\/mumagallery.com\/wp-content\/uploads\/2024\/02\/FlyerWeb-520x734.jpg 520w, https:\/\/mumagallery.com\/wp-content\/uploads\/2024\/02\/FlyerWeb-360x508.jpg 360w, https:\/\/mumagallery.com\/wp-content\/uploads\/2024\/02\/FlyerWeb-250x353.jpg 250w, https:\/\/mumagallery.com\/wp-content\/uploads\/2024\/02\/FlyerWeb-100x141.jpg 100w, https:\/\/mumagallery.com\/wp-content\/uploads\/2024\/02\/FlyerWeb-600x846.jpg 600w\" data-sizes=\"(max-width: 638px) 100vw, 638px\" src=\"data:image\/svg+xml;base64,PHN2ZyB3aWR0aD0iMSIgaGVpZ2h0PSIxIiB4bWxucz0iaHR0cDovL3d3dy53My5vcmcvMjAwMC9zdmciPjwvc3ZnPg==\" style=\"--smush-placeholder-width: 638px; --smush-placeholder-aspect-ratio: 638\/900;\" \/><\/figure><div class=\"wp-block-media-text__content\">\n<h2 class=\"has-text-align-right wp-block-heading\">14.03.2024 bis 07.04.2024<\/h2>\n\n\n\n<p class=\"has-text-align-right\"><strong>Daniel Hellermann<\/strong><\/p>\n\n\n\n<p class=\"has-text-align-right\">&#8222;Lost in Reflection&#8220;<\/p>\n\n\n<style>.wp-block-kadence-spacer.kt-block-spacer-2486_99cfd8-9e .kt-block-spacer{height:60px;}.wp-block-kadence-spacer.kt-block-spacer-2486_99cfd8-9e .kt-divider{border-top-width:1px;height:1px;border-top-color:#eeeeee;width:100%;border-top-style:solid;}<\/style>\n<div class=\"wp-block-kadence-spacer aligncenter kt-block-spacer-2486_99cfd8-9e\"><div class=\"kt-block-spacer kt-block-spacer-halign-center\"><hr class=\"kt-divider\"\/><\/div><\/div>\n\n\n\n<p class=\"has-text-align-justify\">Wir freuen uns sehr, Dir in unserer kommenden Ausstellung \u201eLost in Reflection\u201c, den K\u00fcnstler Daniel Hellermann vorstellen zu d\u00fcrfen.<\/p>\n\n\n\n<p class=\"has-text-align-justify\">Daniel Hellermann's artworks are characterized by abstract forms and organic structures that transport the viewer into a world beyond concrete perception. His translucent pictorial worlds skillfully play with light and reflections, creating a dynamic and fascinating atmosphere. <\/p>\n<\/div><\/div>\n\n\n\n<div style=\"height:70px\" aria-hidden=\"true\" class=\"wp-block-spacer\"><\/div>\n\n\n\n<div class=\"wp-block-media-text alignwide has-media-on-the-right is-stacked-on-mobile is-vertically-aligned-top\" style=\"grid-template-columns:auto 40%\"><div class=\"wp-block-media-text__content\">\n<p><\/p>\n\n\n\n<p class=\"has-text-align-justify\">Hellermanns Werke sind abstrakte Spiegel, die das Reflektierte um eine neue Dimension erweitern und so einen lebendigen Dialog zwischen Realit\u00e4t und Abstraktion erschaffen.<\/p>\n\n\n\n<p class=\"has-text-align-justify\">Ein weiteres Element, das seine\u00a0Kunstwerke pr\u00e4gt, ist ihr Bezug zur Musik. \u00c4hnlich wie Klang k\u00f6nnen seine Werke je nach Stimmung des Betrachters unterschiedliche Gef\u00fchle hervorrufen. Von ruhigen und meditativen Momenten bis hin zu lebhaften und energetischen Erfahrungen \u2013 Hellermanns Kunst spricht die Emotionen des Betrachters auf vielf\u00e4ltige Weise an und l\u00e4dt dazu ein, sich in den Klang seiner abstrakten Welten zu verlieren.<\/p>\n\n\n\n<p class=\"has-text-align-justify\"><em>&#8222;Lost in Reflection&#8220; ist bis zum 07. April, jeweils Donnerstag und Freitag von 16:00 bis 19:00 Uhr, bei uns in der MUMA Gallery zu bewundern.<\/em><\/p>\n<\/div><figure class=\"wp-block-media-text__media\"><img decoding=\"async\" width=\"720\" height=\"900\" data-src=\"https:\/\/mumagallery.com\/wp-content\/uploads\/2024\/02\/1.jpg\" alt=\"\" class=\"wp-image-2489 size-full lazyload\" data-srcset=\"https:\/\/mumagallery.com\/wp-content\/uploads\/2024\/02\/1.jpg 720w, https:\/\/mumagallery.com\/wp-content\/uploads\/2024\/02\/1-240x300.jpg 240w, https:\/\/mumagallery.com\/wp-content\/uploads\/2024\/02\/1-10x12.jpg 10w, https:\/\/mumagallery.com\/wp-content\/uploads\/2024\/02\/1-700x875.jpg 700w, https:\/\/mumagallery.com\/wp-content\/uploads\/2024\/02\/1-520x650.jpg 520w, https:\/\/mumagallery.com\/wp-content\/uploads\/2024\/02\/1-360x450.jpg 360w, https:\/\/mumagallery.com\/wp-content\/uploads\/2024\/02\/1-250x313.jpg 250w, https:\/\/mumagallery.com\/wp-content\/uploads\/2024\/02\/1-100x125.jpg 100w, https:\/\/mumagallery.com\/wp-content\/uploads\/2024\/02\/1-600x750.jpg 600w\" data-sizes=\"(max-width: 720px) 100vw, 720px\" src=\"data:image\/svg+xml;base64,PHN2ZyB3aWR0aD0iMSIgaGVpZ2h0PSIxIiB4bWxucz0iaHR0cDovL3d3dy53My5vcmcvMjAwMC9zdmciPjwvc3ZnPg==\" style=\"--smush-placeholder-width: 720px; --smush-placeholder-aspect-ratio: 720\/900;\" \/><\/figure><\/div>\n\n\n\n<div style=\"height:70px\" aria-hidden=\"true\" class=\"wp-block-spacer\"><\/div>\n\n\n\n<div class=\"wp-block-media-text alignwide is-stacked-on-mobile is-vertically-aligned-bottom\" style=\"grid-template-columns:42% auto\"><figure class=\"wp-block-media-text__media\"><img decoding=\"async\" width=\"900\" height=\"675\" data-src=\"https:\/\/mumagallery.com\/wp-content\/uploads\/2024\/02\/2.jpg\" alt=\"\" class=\"wp-image-2487 size-full lazyload\" data-srcset=\"https:\/\/mumagallery.com\/wp-content\/uploads\/2024\/02\/2.jpg 900w, https:\/\/mumagallery.com\/wp-content\/uploads\/2024\/02\/2-300x225.jpg 300w, https:\/\/mumagallery.com\/wp-content\/uploads\/2024\/02\/2-768x576.jpg 768w, https:\/\/mumagallery.com\/wp-content\/uploads\/2024\/02\/2-16x12.jpg 16w, https:\/\/mumagallery.com\/wp-content\/uploads\/2024\/02\/2-700x525.jpg 700w, https:\/\/mumagallery.com\/wp-content\/uploads\/2024\/02\/2-520x390.jpg 520w, https:\/\/mumagallery.com\/wp-content\/uploads\/2024\/02\/2-360x270.jpg 360w, https:\/\/mumagallery.com\/wp-content\/uploads\/2024\/02\/2-250x188.jpg 250w, https:\/\/mumagallery.com\/wp-content\/uploads\/2024\/02\/2-100x75.jpg 100w, https:\/\/mumagallery.com\/wp-content\/uploads\/2024\/02\/2-600x450.jpg 600w\" data-sizes=\"(max-width: 900px) 100vw, 900px\" src=\"data:image\/svg+xml;base64,PHN2ZyB3aWR0aD0iMSIgaGVpZ2h0PSIxIiB4bWxucz0iaHR0cDovL3d3dy53My5vcmcvMjAwMC9zdmciPjwvc3ZnPg==\" style=\"--smush-placeholder-width: 900px; --smush-placeholder-aspect-ratio: 900\/675;\" \/><\/figure><div class=\"wp-block-media-text__content\"><style>.wp-block-kadence-spacer.kt-block-spacer-2486_2e7de6-59 .kt-block-spacer{height:40px;}.wp-block-kadence-spacer.kt-block-spacer-2486_2e7de6-59 .kt-divider{border-top-width:1px;height:1px;border-top-color:#eeeeee;width:100%;border-top-style:solid;}<\/style>\n<div class=\"wp-block-kadence-spacer aligncenter kt-block-spacer-2486_2e7de6-59\"><div class=\"kt-block-spacer kt-block-spacer-halign-center\"><hr class=\"kt-divider\"\/><\/div><\/div>\n\n\n\n<p class=\"has-text-align-right\"> T I M E T A B L E<\/p>\n\n\n\n<p class=\"has-text-align-right\"><strong>VERNISSAGE<\/strong> Do, den 14.03.2024 ab 19:00 Uhr<\/p>\n\n\n\n<p class=\"has-text-align-right\"><strong>PARTY<\/strong> Sa, den 16.03.2024 ab 20:00 Uhr<\/p>\n\n\n\n<p class=\"has-text-align-right\"><\/p>\n\n\n\n<div style=\"height:18px\" aria-hidden=\"true\" class=\"wp-block-spacer\"><\/div>\n\n\n\n<p class=\"has-text-align-right\"> <em>Wir bitten um Deine Anmeldung <a aria-label=\"HIER (opens in a new tab)\" href=\"https:\/\/mumagallery.com\/en\/rsvp\/\" target=\"_blank\" rel=\"noreferrer noopener\" class=\"ek-link\">HERE<\/a>.<\/em><\/p>\n<\/div><\/div>\n\n\n\n<div style=\"height:30px\" aria-hidden=\"true\" class=\"wp-block-spacer\"><\/div>\n\n\n<style>.wp-block-kadence-spacer.kt-block-spacer-2486_887a5a-71 .kt-block-spacer{height:60px;}.wp-block-kadence-spacer.kt-block-spacer-2486_887a5a-71 .kt-divider{border-top-width:1px;height:1px;border-top-color:#eee;width:100%;border-top-style:solid;}<\/style>\n<div class=\"wp-block-kadence-spacer aligncenter kt-block-spacer-2486_887a5a-71\"><div class=\"kt-block-spacer kt-block-spacer-halign-center\"><hr class=\"kt-divider\"\/><\/div><\/div>\n\n\n\n<div style=\"height:30px\" aria-hidden=\"true\" class=\"wp-block-spacer\"><\/div>\n\n\n<div class=\"wp-block-image caption-align-center\">\n<figure class=\"aligncenter size-thumbnail is-resized\"><img decoding=\"async\" data-src=\"https:\/\/mumagallery.com\/wp-content\/uploads\/2023\/09\/Muma-Logo-small-150x150.jpg\" alt=\"Muma Gallery Hamburg Galerie Ausstellung Kunst Malerei Fotografie 4\" class=\"wp-image-1686 lazyload\" width=\"100\" data-srcset=\"https:\/\/mumagallery.com\/wp-content\/uploads\/2023\/09\/Muma-Logo-small-150x150.jpg 150w, https:\/\/mumagallery.com\/wp-content\/uploads\/2023\/09\/Muma-Logo-small-12x12.jpg 12w, https:\/\/mumagallery.com\/wp-content\/uploads\/2023\/09\/Muma-Logo-small-100x100.jpg 100w, https:\/\/mumagallery.com\/wp-content\/uploads\/2023\/09\/Muma-Logo-small.jpg 200w\" data-sizes=\"(max-width: 150px) 100vw, 150px\" src=\"data:image\/svg+xml;base64,PHN2ZyB3aWR0aD0iMSIgaGVpZ2h0PSIxIiB4bWxucz0iaHR0cDovL3d3dy53My5vcmcvMjAwMC9zdmciPjwvc3ZnPg==\" style=\"--smush-placeholder-width: 150px; --smush-placeholder-aspect-ratio: 150\/150;\" \/><\/figure>\n<\/div>\n\n\n<div style=\"height:29px\" aria-hidden=\"true\" class=\"wp-block-spacer\"><\/div>\n\n\n\n<p class=\"has-text-align-center\"><strong>Muma Gallery<\/strong> <\/p>\n\n\n\n<p class=\"has-text-align-center\">Eppendorfer Weg 235 | 20251 Hamburg<\/p>\n\n\n\n<p class=\"has-text-align-center\">fon: +49 (0)40 49 4499 55 | mail: info@mumagallery.com<\/p>\n\n\n\n<p class=\"has-text-align-center\"><strong>Opening Hours:<\/strong><\/p>\n\n\n\n<p class=\"has-text-align-center\">Thursday &amp; Friday 4 to 7 pm and on request<\/p>\n\n\n\n<div style=\"height:10px\" aria-hidden=\"true\" class=\"wp-block-spacer\"><\/div>\n\n\n<style>.wp-block-kadence-advancedbtn.kb-btns2486_9d5688-29{gap:var(--global-kb-gap-xs, 0.5rem );justify-content:center;align-items:center;}.kt-btns2486_9d5688-29 .kt-button{font-weight:normal;font-style:normal;}<\/style>\n<div class=\"wp-block-kadence-advancedbtn kb-buttons-wrap kb-btns2486_9d5688-29\"><\/div>\n\n\n\n<div style=\"height:25px\" aria-hidden=\"true\" class=\"wp-block-spacer\"><\/div>\n\n\n\n<h4 class=\"has-text-align-center wp-block-heading\"><a href=\"https:\/\/mumagallery.com\/en\/muma-gallery-artists\/\">ARTISTS<\/a><span style=\"background-color:#ffffff\" class=\"has-inline-background\">|<\/span><a href=\"https:\/\/mumagallery.com\/en\/ausstellungen\/\" class=\"ek-link\">EXHIBITS<\/a><span style=\"background-color:#ffffff\" class=\"has-inline-background\">|<\/span><a href=\"https:\/\/mumagallery.com\/en\/available-art\/\" class=\"ek-link\">SHOP<\/a><\/h4>","protected":false},"excerpt":{"rendered":"<p>Hellermanns Werke sind abstrakte Spiegel, die das Reflektierte um eine neue Dimension erweitern und so einen lebendigen Dialog zwischen Realit\u00e4t und Abstraktion erschaffen. Ein weiteres Element, das seine\u00a0Kunstwerke pr\u00e4gt, ist ihr Bezug zur Musik. \u00c4hnlich wie Klang k\u00f6nnen seine Werke [&hellip;]<\/p>\n","protected":false},"author":1,"featured_media":0,"parent":474,"menu_order":0,"comment_status":"closed","ping_status":"closed","template":"","meta":{"_editorskit_title_hidden":false,"_editorskit_reading_time":0,"_editorskit_is_block_options_detached":false,"_editorskit_block_options_position":"{}","footnotes":""},"class_list":["post-2486","page","type-page","status-publish","hentry","clearfix"],"yoast_head":"<!-- This site is optimized with the Yoast SEO plugin v27.2 - https:\/\/yoast.com\/product\/yoast-seo-wordpress\/ -->\n<title>&quot;Lost in Reflection&quot; - Muma Gallery<\/title>\n<meta name=\"robots\" content=\"index, follow, max-snippet:-1, max-image-preview:large, max-video-preview:-1\" \/>\n<link rel=\"canonical\" href=\"https:\/\/mumagallery.com\/en\/ausstellungen\/lost-in-reflection\/\" \/>\n<meta property=\"og:locale\" content=\"en_US\" \/>\n<meta property=\"og:type\" content=\"article\" \/>\n<meta property=\"og:title\" content=\"&quot;Lost in Reflection&quot; - Muma Gallery\" \/>\n<meta property=\"og:description\" content=\"Hellermanns Werke sind abstrakte Spiegel, die das Reflektierte um eine neue Dimension erweitern und so einen lebendigen Dialog zwischen Realit\u00e4t und Abstraktion erschaffen. Ein weiteres Element, das seine\u00a0Kunstwerke pr\u00e4gt, ist ihr Bezug zur Musik. \u00c4hnlich wie Klang k\u00f6nnen seine Werke [&hellip;]\" \/>\n<meta property=\"og:url\" content=\"https:\/\/mumagallery.com\/en\/ausstellungen\/lost-in-reflection\/\" \/>\n<meta property=\"og:site_name\" content=\"Muma Gallery\" \/>\n<meta property=\"article:modified_time\" content=\"2024-02-19T12:18:11+00:00\" \/>\n<meta property=\"og:image\" content=\"https:\/\/mumagallery.com\/wp-content\/uploads\/2024\/02\/FlyerWeb.jpg\" \/>\n<meta name=\"twitter:card\" content=\"summary_large_image\" \/>\n<meta name=\"twitter:label1\" content=\"Est. reading time\" \/>\n\t<meta name=\"twitter:data1\" content=\"2 minutes\" \/>\n<script type=\"application\/ld+json\" class=\"yoast-schema-graph\">{\"@context\":\"https:\/\/schema.org\",\"@graph\":[{\"@type\":\"WebPage\",\"@id\":\"https:\/\/mumagallery.com\/ausstellungen\/lost-in-reflection\/\",\"url\":\"https:\/\/mumagallery.com\/ausstellungen\/lost-in-reflection\/\",\"name\":\"\\\"Lost in Reflection\\\" - Muma Gallery\",\"isPartOf\":{\"@id\":\"https:\/\/mumagallery.com\/#website\"},\"primaryImageOfPage\":{\"@id\":\"https:\/\/mumagallery.com\/ausstellungen\/lost-in-reflection\/#primaryimage\"},\"image\":{\"@id\":\"https:\/\/mumagallery.com\/ausstellungen\/lost-in-reflection\/#primaryimage\"},\"thumbnailUrl\":\"https:\/\/mumagallery.com\/wp-content\/uploads\/2024\/02\/FlyerWeb.jpg\",\"datePublished\":\"2024-02-19T11:32:08+00:00\",\"dateModified\":\"2024-02-19T12:18:11+00:00\",\"breadcrumb\":{\"@id\":\"https:\/\/mumagallery.com\/ausstellungen\/lost-in-reflection\/#breadcrumb\"},\"inLanguage\":\"en-US\",\"potentialAction\":[{\"@type\":\"ReadAction\",\"target\":[\"https:\/\/mumagallery.com\/ausstellungen\/lost-in-reflection\/\"]}]},{\"@type\":\"ImageObject\",\"inLanguage\":\"en-US\",\"@id\":\"https:\/\/mumagallery.com\/ausstellungen\/lost-in-reflection\/#primaryimage\",\"url\":\"https:\/\/mumagallery.com\/wp-content\/uploads\/2024\/02\/FlyerWeb.jpg\",\"contentUrl\":\"https:\/\/mumagallery.com\/wp-content\/uploads\/2024\/02\/FlyerWeb.jpg\"},{\"@type\":\"BreadcrumbList\",\"@id\":\"https:\/\/mumagallery.com\/ausstellungen\/lost-in-reflection\/#breadcrumb\",\"itemListElement\":[{\"@type\":\"ListItem\",\"position\":1,\"name\":\"Home\",\"item\":\"https:\/\/mumagallery.com\/\"},{\"@type\":\"ListItem\",\"position\":2,\"name\":\"Ausstellungen\",\"item\":\"https:\/\/mumagallery.com\/ausstellungen\/\"},{\"@type\":\"ListItem\",\"position\":3,\"name\":\"&#8220;Lost in Reflection&#8221;\"}]},{\"@type\":\"WebSite\",\"@id\":\"https:\/\/mumagallery.com\/#website\",\"url\":\"https:\/\/mumagallery.com\/\",\"name\":\"Muma Gallery\",\"description\":\"Just great art from Hamburg\",\"publisher\":{\"@id\":\"https:\/\/mumagallery.com\/#organization\"},\"potentialAction\":[{\"@type\":\"SearchAction\",\"target\":{\"@type\":\"EntryPoint\",\"urlTemplate\":\"https:\/\/mumagallery.com\/?s={search_term_string}\"},\"query-input\":{\"@type\":\"PropertyValueSpecification\",\"valueRequired\":true,\"valueName\":\"search_term_string\"}}],\"inLanguage\":\"en-US\"},{\"@type\":\"Organization\",\"@id\":\"https:\/\/mumagallery.com\/#organization\",\"name\":\"Muma Gallery\",\"url\":\"https:\/\/mumagallery.com\/\",\"logo\":{\"@type\":\"ImageObject\",\"inLanguage\":\"en-US\",\"@id\":\"https:\/\/mumagallery.com\/#\/schema\/logo\/image\/\",\"url\":\"https:\/\/mumagallery.com\/wp-content\/uploads\/2022\/11\/cropped-Logo2.png\",\"contentUrl\":\"https:\/\/mumagallery.com\/wp-content\/uploads\/2022\/11\/cropped-Logo2.png\",\"width\":200,\"height\":80,\"caption\":\"Muma Gallery\"},\"image\":{\"@id\":\"https:\/\/mumagallery.com\/#\/schema\/logo\/image\/\"}}]}<\/script>\n<!-- \/ Yoast SEO plugin. -->","yoast_head_json":{"title":"\"Lost in Reflection\" - Muma Gallery","robots":{"index":"index","follow":"follow","max-snippet":"max-snippet:-1","max-image-preview":"max-image-preview:large","max-video-preview":"max-video-preview:-1"},"canonical":"https:\/\/mumagallery.com\/en\/ausstellungen\/lost-in-reflection\/","og_locale":"en_US","og_type":"article","og_title":"\"Lost in Reflection\" - Muma Gallery","og_description":"Hellermanns Werke sind abstrakte Spiegel, die das Reflektierte um eine neue Dimension erweitern und so einen lebendigen Dialog zwischen Realit\u00e4t und Abstraktion erschaffen. Ein weiteres Element, das seine\u00a0Kunstwerke pr\u00e4gt, ist ihr Bezug zur Musik. \u00c4hnlich wie Klang k\u00f6nnen seine Werke [&hellip;]","og_url":"https:\/\/mumagallery.com\/en\/ausstellungen\/lost-in-reflection\/","og_site_name":"Muma Gallery","article_modified_time":"2024-02-19T12:18:11+00:00","og_image":[{"url":"https:\/\/mumagallery.com\/wp-content\/uploads\/2024\/02\/FlyerWeb.jpg","type":"","width":"","height":""}],"twitter_card":"summary_large_image","twitter_misc":{"Est. reading time":"2 minutes"},"schema":{"@context":"https:\/\/schema.org","@graph":[{"@type":"WebPage","@id":"https:\/\/mumagallery.com\/ausstellungen\/lost-in-reflection\/","url":"https:\/\/mumagallery.com\/ausstellungen\/lost-in-reflection\/","name":"\"Lost in Reflection\" - Muma Gallery","isPartOf":{"@id":"https:\/\/mumagallery.com\/#website"},"primaryImageOfPage":{"@id":"https:\/\/mumagallery.com\/ausstellungen\/lost-in-reflection\/#primaryimage"},"image":{"@id":"https:\/\/mumagallery.com\/ausstellungen\/lost-in-reflection\/#primaryimage"},"thumbnailUrl":"https:\/\/mumagallery.com\/wp-content\/uploads\/2024\/02\/FlyerWeb.jpg","datePublished":"2024-02-19T11:32:08+00:00","dateModified":"2024-02-19T12:18:11+00:00","breadcrumb":{"@id":"https:\/\/mumagallery.com\/ausstellungen\/lost-in-reflection\/#breadcrumb"},"inLanguage":"en-US","potentialAction":[{"@type":"ReadAction","target":["https:\/\/mumagallery.com\/ausstellungen\/lost-in-reflection\/"]}]},{"@type":"ImageObject","inLanguage":"en-US","@id":"https:\/\/mumagallery.com\/ausstellungen\/lost-in-reflection\/#primaryimage","url":"https:\/\/mumagallery.com\/wp-content\/uploads\/2024\/02\/FlyerWeb.jpg","contentUrl":"https:\/\/mumagallery.com\/wp-content\/uploads\/2024\/02\/FlyerWeb.jpg"},{"@type":"BreadcrumbList","@id":"https:\/\/mumagallery.com\/ausstellungen\/lost-in-reflection\/#breadcrumb","itemListElement":[{"@type":"ListItem","position":1,"name":"Home","item":"https:\/\/mumagallery.com\/"},{"@type":"ListItem","position":2,"name":"Ausstellungen","item":"https:\/\/mumagallery.com\/ausstellungen\/"},{"@type":"ListItem","position":3,"name":"&#8220;Lost in Reflection&#8221;"}]},{"@type":"WebSite","@id":"https:\/\/mumagallery.com\/#website","url":"https:\/\/mumagallery.com\/","name":"Muma Gallery","description":"Just great art from Hamburg","publisher":{"@id":"https:\/\/mumagallery.com\/#organization"},"potentialAction":[{"@type":"SearchAction","target":{"@type":"EntryPoint","urlTemplate":"https:\/\/mumagallery.com\/?s={search_term_string}"},"query-input":{"@type":"PropertyValueSpecification","valueRequired":true,"valueName":"search_term_string"}}],"inLanguage":"en-US"},{"@type":"Organization","@id":"https:\/\/mumagallery.com\/#organization","name":"Muma Gallery","url":"https:\/\/mumagallery.com\/","logo":{"@type":"ImageObject","inLanguage":"en-US","@id":"https:\/\/mumagallery.com\/#\/schema\/logo\/image\/","url":"https:\/\/mumagallery.com\/wp-content\/uploads\/2022\/11\/cropped-Logo2.png","contentUrl":"https:\/\/mumagallery.com\/wp-content\/uploads\/2022\/11\/cropped-Logo2.png","width":200,"height":80,"caption":"Muma Gallery"},"image":{"@id":"https:\/\/mumagallery.com\/#\/schema\/logo\/image\/"}}]}},"_links":{"self":[{"href":"https:\/\/mumagallery.com\/en\/wp-json\/wp\/v2\/pages\/2486","targetHints":{"allow":["GET"]}}],"collection":[{"href":"https:\/\/mumagallery.com\/en\/wp-json\/wp\/v2\/pages"}],"about":[{"href":"https:\/\/mumagallery.com\/en\/wp-json\/wp\/v2\/types\/page"}],"author":[{"embeddable":true,"href":"https:\/\/mumagallery.com\/en\/wp-json\/wp\/v2\/users\/1"}],"replies":[{"embeddable":true,"href":"https:\/\/mumagallery.com\/en\/wp-json\/wp\/v2\/comments?post=2486"}],"version-history":[{"count":0,"href":"https:\/\/mumagallery.com\/en\/wp-json\/wp\/v2\/pages\/2486\/revisions"}],"up":[{"embeddable":true,"href":"https:\/\/mumagallery.com\/en\/wp-json\/wp\/v2\/pages\/474"}],"wp:attachment":[{"href":"https:\/\/mumagallery.com\/en\/wp-json\/wp\/v2\/media?parent=2486"}],"curies":[{"name":"wp","href":"https:\/\/api.w.org\/{rel}","templated":true}]}}