{"id":1991,"date":"2023-11-20T12:09:55","date_gmt":"2023-11-20T11:09:55","guid":{"rendered":"https:\/\/mumagallery.com\/?page_id=1991"},"modified":"2023-11-20T13:39:05","modified_gmt":"2023-11-20T12:39:05","slug":"fine-art-photo-prints","status":"publish","type":"page","link":"https:\/\/mumagallery.com\/en\/fine-art-photo-prints\/","title":{"rendered":"Limited Editions"},"content":{"rendered":"<figure class=\"wp-block-image size-large\"><img decoding=\"async\" width=\"1024\" height=\"460\" data-src=\"https:\/\/mumagallery.com\/wp-content\/uploads\/2023\/04\/Quality-Foto-1024x460.jpg\" alt=\"Zeitgen\u00f6ssische kunst kunstdrucke limitierte editionen galerie hamburg fotografie berry behrendt 1\" class=\"wp-image-1270 lazyload\" data-srcset=\"https:\/\/mumagallery.com\/wp-content\/uploads\/2023\/04\/Quality-Foto-1024x460.jpg 1024w, https:\/\/mumagallery.com\/wp-content\/uploads\/2023\/04\/Quality-Foto-300x135.jpg 300w, https:\/\/mumagallery.com\/wp-content\/uploads\/2023\/04\/Quality-Foto-768x345.jpg 768w, https:\/\/mumagallery.com\/wp-content\/uploads\/2023\/04\/Quality-Foto-18x8.jpg 18w, https:\/\/mumagallery.com\/wp-content\/uploads\/2023\/04\/Quality-Foto-700x314.jpg 700w, https:\/\/mumagallery.com\/wp-content\/uploads\/2023\/04\/Quality-Foto-520x233.jpg 520w, https:\/\/mumagallery.com\/wp-content\/uploads\/2023\/04\/Quality-Foto-360x162.jpg 360w, https:\/\/mumagallery.com\/wp-content\/uploads\/2023\/04\/Quality-Foto-250x112.jpg 250w, https:\/\/mumagallery.com\/wp-content\/uploads\/2023\/04\/Quality-Foto-100x45.jpg 100w, https:\/\/mumagallery.com\/wp-content\/uploads\/2023\/04\/Quality-Foto-600x269.jpg 600w, https:\/\/mumagallery.com\/wp-content\/uploads\/2023\/04\/Quality-Foto.jpg 1187w\" data-sizes=\"(max-width: 1024px) 100vw, 1024px\" src=\"data:image\/svg+xml;base64,PHN2ZyB3aWR0aD0iMSIgaGVpZ2h0PSIxIiB4bWxucz0iaHR0cDovL3d3dy53My5vcmcvMjAwMC9zdmciPjwvc3ZnPg==\" style=\"--smush-placeholder-width: 1024px; --smush-placeholder-aspect-ratio: 1024\/460;\" \/><\/figure>\n\n\n\n<div style=\"height:30px\" aria-hidden=\"true\" class=\"wp-block-spacer\"><\/div>\n\n\n\n<h4 class=\"wp-block-heading\"><strong><strong>FINE ART PHOTO PRINTS<\/strong> <\/strong><\/h4>\n\n\n\n<p class=\"has-text-align-justify\">Hergestellt werden unsere limitierten fotografischen Arbeiten in professioneller Perfektion mit Pigmentdruckern auf hochwertigen Fine Art Papieren von Hahnem\u00fchle oder Epson. Die Prints sind extrem archivfest und farbtreu. Gerne beantworten wir alle Fragen bez\u00fcglich der Herstellung der Kunstwerke, bei Interesse, im Detail. <\/p>\n\n\n\n<p><\/p>\n\n\n\n<div style=\"height:20px\" aria-hidden=\"true\" class=\"wp-block-spacer\"><\/div>\n\n\n\n<p><strong>Framing<\/strong><\/p>\n\n\n\n<p class=\"has-text-align-justify\">Ist im Preis eine Rahmung  enthalten, ist dies die qualitativ sehr hochwertige Rahmung von Halbe Rahmen. Wir bieten Euch die Rahmung im Classic-Magnetrahmen aus Holz in Eiche  mit entspiegeltem Glas (Museumsglas) an. Die Farbe der Rahmung kann deinen pers\u00f6nlichen W\u00fcnschen angepasst werden. Der Bilderrahmen ist hinten mit L\u00f6chern und Filzpunkten f\u00fcr zeitsparendes und sauberes H\u00e4ngen vorbereitet.<\/p>\n\n\n\n<p class=\"has-text-align-justify\">Bitte habt Verst\u00e4ndnis, dass die Bestellung der Halbe Rahmen bis zu 10 Tagen dauern kann. Nat\u00fcrlich sind die Fine Art Prints auch nur als Abzug ohne Rahmen erh\u00e4ltlich. Die Preise daf\u00fcr k\u00f6nnt Ihr gerne bei uns anfragen.<\/p>\n\n\n\n<div style=\"height:20px\" aria-hidden=\"true\" class=\"wp-block-spacer\"><\/div>\n\n\n\n<p><strong>Limited Editions<\/strong><\/p>\n\n\n\n<p class=\"has-text-align-justify\">Unsere Reproduktionen sind streng limitiert und werden inkl. signiertem und nummeriertem Echtheitszertifikat geliefert. <\/p>\n\n\n\n<div style=\"height:40px\" aria-hidden=\"true\" class=\"wp-block-spacer\"><\/div>\n\n\n\n<figure class=\"wp-block-image size-large\"><img decoding=\"async\" width=\"1024\" height=\"576\" data-src=\"https:\/\/mumagallery.com\/wp-content\/uploads\/2023\/11\/Berry-Behrendt-Moving-Shapes-of-Beauty-S1-Int-1024x576.jpg\" alt=\"Moving Shapes 10 Fine Art Print Berry Behrendt Fotografie Akt Nude Muma Galerie Hamburg\" class=\"wp-image-1901 lazyload\" data-srcset=\"https:\/\/mumagallery.com\/wp-content\/uploads\/2023\/11\/Berry-Behrendt-Moving-Shapes-of-Beauty-S1-Int-1024x576.jpg 1024w, https:\/\/mumagallery.com\/wp-content\/uploads\/2023\/11\/Berry-Behrendt-Moving-Shapes-of-Beauty-S1-Int-300x169.jpg 300w, https:\/\/mumagallery.com\/wp-content\/uploads\/2023\/11\/Berry-Behrendt-Moving-Shapes-of-Beauty-S1-Int-768x432.jpg 768w, https:\/\/mumagallery.com\/wp-content\/uploads\/2023\/11\/Berry-Behrendt-Moving-Shapes-of-Beauty-S1-Int-18x10.jpg 18w, https:\/\/mumagallery.com\/wp-content\/uploads\/2023\/11\/Berry-Behrendt-Moving-Shapes-of-Beauty-S1-Int-700x394.jpg 700w, https:\/\/mumagallery.com\/wp-content\/uploads\/2023\/11\/Berry-Behrendt-Moving-Shapes-of-Beauty-S1-Int-520x293.jpg 520w, https:\/\/mumagallery.com\/wp-content\/uploads\/2023\/11\/Berry-Behrendt-Moving-Shapes-of-Beauty-S1-Int-360x203.jpg 360w, https:\/\/mumagallery.com\/wp-content\/uploads\/2023\/11\/Berry-Behrendt-Moving-Shapes-of-Beauty-S1-Int-250x141.jpg 250w, https:\/\/mumagallery.com\/wp-content\/uploads\/2023\/11\/Berry-Behrendt-Moving-Shapes-of-Beauty-S1-Int-100x56.jpg 100w, https:\/\/mumagallery.com\/wp-content\/uploads\/2023\/11\/Berry-Behrendt-Moving-Shapes-of-Beauty-S1-Int-600x338.jpg 600w, https:\/\/mumagallery.com\/wp-content\/uploads\/2023\/11\/Berry-Behrendt-Moving-Shapes-of-Beauty-S1-Int.jpg 1400w\" data-sizes=\"(max-width: 1024px) 100vw, 1024px\" src=\"data:image\/svg+xml;base64,PHN2ZyB3aWR0aD0iMSIgaGVpZ2h0PSIxIiB4bWxucz0iaHR0cDovL3d3dy53My5vcmcvMjAwMC9zdmciPjwvc3ZnPg==\" style=\"--smush-placeholder-width: 1024px; --smush-placeholder-aspect-ratio: 1024\/576;\" \/><\/figure>","protected":false},"excerpt":{"rendered":"<p>FINE ART PHOTO PRINTS Hergestellt werden unsere limitierten fotografischen Arbeiten in professioneller Perfektion mit Pigmentdruckern auf hochwertigen Fine Art Papieren von Hahnem\u00fchle oder Epson. Die Prints sind extrem archivfest und farbtreu. Gerne beantworten wir alle Fragen bez\u00fcglich der Herstellung der [&hellip;]<\/p>\n","protected":false},"author":1,"featured_media":0,"parent":0,"menu_order":0,"comment_status":"closed","ping_status":"closed","template":"","meta":{"_editorskit_title_hidden":false,"_editorskit_reading_time":0,"_editorskit_is_block_options_detached":false,"_editorskit_block_options_position":"{}","footnotes":""},"class_list":["post-1991","page","type-page","status-publish","hentry","clearfix"],"yoast_head":"<!-- This site is optimized with the Yoast SEO plugin v27.2 - https:\/\/yoast.com\/product\/yoast-seo-wordpress\/ -->\n<title>Limited Editions - Muma Gallery<\/title>\n<meta name=\"description\" content=\"Unsere Reproduktionen sind streng limitiert und werden inkl. signiertem und nummeriertem Echtheitszertifikat geliefert. Der Preis der einzelnen Auflagen steigt mit der Anzahl der verkauften Exemplare.\" \/>\n<meta name=\"robots\" content=\"index, follow, max-snippet:-1, max-image-preview:large, max-video-preview:-1\" \/>\n<link rel=\"canonical\" href=\"https:\/\/mumagallery.com\/en\/fine-art-photo-prints\/\" \/>\n<meta property=\"og:locale\" content=\"en_US\" \/>\n<meta property=\"og:type\" content=\"article\" \/>\n<meta property=\"og:title\" content=\"Limited Editions - Muma Gallery\" \/>\n<meta property=\"og:description\" content=\"Unsere Reproduktionen sind streng limitiert und werden inkl. signiertem und nummeriertem Echtheitszertifikat geliefert. Der Preis der einzelnen Auflagen steigt mit der Anzahl der verkauften Exemplare.\" \/>\n<meta property=\"og:url\" content=\"https:\/\/mumagallery.com\/en\/fine-art-photo-prints\/\" \/>\n<meta property=\"og:site_name\" content=\"Muma Gallery\" \/>\n<meta property=\"article:modified_time\" content=\"2023-11-20T12:39:05+00:00\" \/>\n<meta property=\"og:image\" content=\"https:\/\/mumagallery.com\/wp-content\/uploads\/2023\/04\/Quality-Foto-1024x460.jpg\" \/>\n<meta name=\"twitter:card\" content=\"summary_large_image\" \/>\n<meta name=\"twitter:label1\" content=\"Est. reading time\" \/>\n\t<meta name=\"twitter:data1\" content=\"2 minutes\" \/>\n<script type=\"application\/ld+json\" class=\"yoast-schema-graph\">{\"@context\":\"https:\/\/schema.org\",\"@graph\":[{\"@type\":\"WebPage\",\"@id\":\"https:\/\/mumagallery.com\/fine-art-photo-prints\/\",\"url\":\"https:\/\/mumagallery.com\/fine-art-photo-prints\/\",\"name\":\"Limited Editions - Muma Gallery\",\"isPartOf\":{\"@id\":\"https:\/\/mumagallery.com\/#website\"},\"primaryImageOfPage\":{\"@id\":\"https:\/\/mumagallery.com\/fine-art-photo-prints\/#primaryimage\"},\"image\":{\"@id\":\"https:\/\/mumagallery.com\/fine-art-photo-prints\/#primaryimage\"},\"thumbnailUrl\":\"https:\/\/mumagallery.com\/wp-content\/uploads\/2023\/04\/Quality-Foto-1024x460.jpg\",\"datePublished\":\"2023-11-20T11:09:55+00:00\",\"dateModified\":\"2023-11-20T12:39:05+00:00\",\"description\":\"Unsere Reproduktionen sind streng limitiert und werden inkl. signiertem und nummeriertem Echtheitszertifikat geliefert. Der Preis der einzelnen Auflagen steigt mit der Anzahl der verkauften Exemplare.\",\"breadcrumb\":{\"@id\":\"https:\/\/mumagallery.com\/fine-art-photo-prints\/#breadcrumb\"},\"inLanguage\":\"en-US\",\"potentialAction\":[{\"@type\":\"ReadAction\",\"target\":[\"https:\/\/mumagallery.com\/fine-art-photo-prints\/\"]}]},{\"@type\":\"ImageObject\",\"inLanguage\":\"en-US\",\"@id\":\"https:\/\/mumagallery.com\/fine-art-photo-prints\/#primaryimage\",\"url\":\"https:\/\/mumagallery.com\/wp-content\/uploads\/2023\/04\/Quality-Foto-1024x460.jpg\",\"contentUrl\":\"https:\/\/mumagallery.com\/wp-content\/uploads\/2023\/04\/Quality-Foto-1024x460.jpg\"},{\"@type\":\"BreadcrumbList\",\"@id\":\"https:\/\/mumagallery.com\/fine-art-photo-prints\/#breadcrumb\",\"itemListElement\":[{\"@type\":\"ListItem\",\"position\":1,\"name\":\"Home\",\"item\":\"https:\/\/mumagallery.com\/\"},{\"@type\":\"ListItem\",\"position\":2,\"name\":\"Limited Editions\"}]},{\"@type\":\"WebSite\",\"@id\":\"https:\/\/mumagallery.com\/#website\",\"url\":\"https:\/\/mumagallery.com\/\",\"name\":\"Muma Gallery\",\"description\":\"Just great art from Hamburg\",\"publisher\":{\"@id\":\"https:\/\/mumagallery.com\/#organization\"},\"potentialAction\":[{\"@type\":\"SearchAction\",\"target\":{\"@type\":\"EntryPoint\",\"urlTemplate\":\"https:\/\/mumagallery.com\/?s={search_term_string}\"},\"query-input\":{\"@type\":\"PropertyValueSpecification\",\"valueRequired\":true,\"valueName\":\"search_term_string\"}}],\"inLanguage\":\"en-US\"},{\"@type\":\"Organization\",\"@id\":\"https:\/\/mumagallery.com\/#organization\",\"name\":\"Muma Gallery\",\"url\":\"https:\/\/mumagallery.com\/\",\"logo\":{\"@type\":\"ImageObject\",\"inLanguage\":\"en-US\",\"@id\":\"https:\/\/mumagallery.com\/#\/schema\/logo\/image\/\",\"url\":\"https:\/\/mumagallery.com\/wp-content\/uploads\/2022\/11\/cropped-Logo2.png\",\"contentUrl\":\"https:\/\/mumagallery.com\/wp-content\/uploads\/2022\/11\/cropped-Logo2.png\",\"width\":200,\"height\":80,\"caption\":\"Muma Gallery\"},\"image\":{\"@id\":\"https:\/\/mumagallery.com\/#\/schema\/logo\/image\/\"}}]}<\/script>\n<!-- \/ Yoast SEO plugin. -->","yoast_head_json":{"title":"Limited Editions - Muma Gallery","description":"Our reproductions are strictly limited and come with a signed and numbered certificate of authenticity. The price of each edition increases with the number of copies sold.","robots":{"index":"index","follow":"follow","max-snippet":"max-snippet:-1","max-image-preview":"max-image-preview:large","max-video-preview":"max-video-preview:-1"},"canonical":"https:\/\/mumagallery.com\/en\/fine-art-photo-prints\/","og_locale":"en_US","og_type":"article","og_title":"Limited Editions - Muma Gallery","og_description":"Unsere Reproduktionen sind streng limitiert und werden inkl. signiertem und nummeriertem Echtheitszertifikat geliefert. Der Preis der einzelnen Auflagen steigt mit der Anzahl der verkauften Exemplare.","og_url":"https:\/\/mumagallery.com\/en\/fine-art-photo-prints\/","og_site_name":"Muma Gallery","article_modified_time":"2023-11-20T12:39:05+00:00","og_image":[{"url":"https:\/\/mumagallery.com\/wp-content\/uploads\/2023\/04\/Quality-Foto-1024x460.jpg","type":"","width":"","height":""}],"twitter_card":"summary_large_image","twitter_misc":{"Est. reading time":"2 minutes"},"schema":{"@context":"https:\/\/schema.org","@graph":[{"@type":"WebPage","@id":"https:\/\/mumagallery.com\/fine-art-photo-prints\/","url":"https:\/\/mumagallery.com\/fine-art-photo-prints\/","name":"Limited Editions - Muma Gallery","isPartOf":{"@id":"https:\/\/mumagallery.com\/#website"},"primaryImageOfPage":{"@id":"https:\/\/mumagallery.com\/fine-art-photo-prints\/#primaryimage"},"image":{"@id":"https:\/\/mumagallery.com\/fine-art-photo-prints\/#primaryimage"},"thumbnailUrl":"https:\/\/mumagallery.com\/wp-content\/uploads\/2023\/04\/Quality-Foto-1024x460.jpg","datePublished":"2023-11-20T11:09:55+00:00","dateModified":"2023-11-20T12:39:05+00:00","description":"Our reproductions are strictly limited and come with a signed and numbered certificate of authenticity. The price of each edition increases with the number of copies sold.","breadcrumb":{"@id":"https:\/\/mumagallery.com\/fine-art-photo-prints\/#breadcrumb"},"inLanguage":"en-US","potentialAction":[{"@type":"ReadAction","target":["https:\/\/mumagallery.com\/fine-art-photo-prints\/"]}]},{"@type":"ImageObject","inLanguage":"en-US","@id":"https:\/\/mumagallery.com\/fine-art-photo-prints\/#primaryimage","url":"https:\/\/mumagallery.com\/wp-content\/uploads\/2023\/04\/Quality-Foto-1024x460.jpg","contentUrl":"https:\/\/mumagallery.com\/wp-content\/uploads\/2023\/04\/Quality-Foto-1024x460.jpg"},{"@type":"BreadcrumbList","@id":"https:\/\/mumagallery.com\/fine-art-photo-prints\/#breadcrumb","itemListElement":[{"@type":"ListItem","position":1,"name":"Home","item":"https:\/\/mumagallery.com\/"},{"@type":"ListItem","position":2,"name":"Limited Editions"}]},{"@type":"WebSite","@id":"https:\/\/mumagallery.com\/#website","url":"https:\/\/mumagallery.com\/","name":"Muma Gallery","description":"Just great art from Hamburg","publisher":{"@id":"https:\/\/mumagallery.com\/#organization"},"potentialAction":[{"@type":"SearchAction","target":{"@type":"EntryPoint","urlTemplate":"https:\/\/mumagallery.com\/?s={search_term_string}"},"query-input":{"@type":"PropertyValueSpecification","valueRequired":true,"valueName":"search_term_string"}}],"inLanguage":"en-US"},{"@type":"Organization","@id":"https:\/\/mumagallery.com\/#organization","name":"Muma Gallery","url":"https:\/\/mumagallery.com\/","logo":{"@type":"ImageObject","inLanguage":"en-US","@id":"https:\/\/mumagallery.com\/#\/schema\/logo\/image\/","url":"https:\/\/mumagallery.com\/wp-content\/uploads\/2022\/11\/cropped-Logo2.png","contentUrl":"https:\/\/mumagallery.com\/wp-content\/uploads\/2022\/11\/cropped-Logo2.png","width":200,"height":80,"caption":"Muma Gallery"},"image":{"@id":"https:\/\/mumagallery.com\/#\/schema\/logo\/image\/"}}]}},"_links":{"self":[{"href":"https:\/\/mumagallery.com\/en\/wp-json\/wp\/v2\/pages\/1991","targetHints":{"allow":["GET"]}}],"collection":[{"href":"https:\/\/mumagallery.com\/en\/wp-json\/wp\/v2\/pages"}],"about":[{"href":"https:\/\/mumagallery.com\/en\/wp-json\/wp\/v2\/types\/page"}],"author":[{"embeddable":true,"href":"https:\/\/mumagallery.com\/en\/wp-json\/wp\/v2\/users\/1"}],"replies":[{"embeddable":true,"href":"https:\/\/mumagallery.com\/en\/wp-json\/wp\/v2\/comments?post=1991"}],"version-history":[{"count":0,"href":"https:\/\/mumagallery.com\/en\/wp-json\/wp\/v2\/pages\/1991\/revisions"}],"wp:attachment":[{"href":"https:\/\/mumagallery.com\/en\/wp-json\/wp\/v2\/media?parent=1991"}],"curies":[{"name":"wp","href":"https:\/\/api.w.org\/{rel}","templated":true}]}}